{"id":1827,"date":"2021-07-04T14:36:44","date_gmt":"2021-07-04T12:36:44","guid":{"rendered":"https:\/\/bekostyle.com\/de\/?page_id=1827"},"modified":"2021-10-04T00:00:44","modified_gmt":"2021-10-03T22:00:44","slug":"holz-fassadenbelage-2","status":"publish","type":"page","link":"https:\/\/bekostyle.com\/de\/holz-fassadenbelage-2\/","title":{"rendered":"Holz-Fassadenbel\u00e4ge"},"content":{"rendered":"<style>#kt-layout-id_06b381-c7{margin-bottom:0px;}#kt-layout-id_06b381-c7 > .kt-row-column-wrap{align-content:center;}:where(#kt-layout-id_06b381-c7 > .kt-row-column-wrap) > .wp-block-kadence-column{justify-content:center;}#kt-layout-id_06b381-c7 > .kt-row-column-wrap{column-gap:var(--global-kb-gap-md, 2rem);row-gap:var(--global-kb-gap-md, 2rem);padding-top:var( --global-kb-row-default-top, 25px );padding-bottom:var( --global-kb-row-default-bottom, 25px );padding-top:0px;padding-bottom:0px;grid-template-columns:repeat(2, minmax(0, 1fr));}#kt-layout-id_06b381-c7 > .kt-row-layout-overlay{opacity:0.30;}@media all and (max-width: 1024px){#kt-layout-id_06b381-c7 > .kt-row-column-wrap{grid-template-columns:repeat(2, minmax(0, 1fr));}}@media all and (max-width: 767px){#kt-layout-id_06b381-c7 > .kt-row-column-wrap{padding-left:20px;padding-right:20px;grid-template-columns:minmax(0, 1fr);}}<\/style>\n<div class=\"wp-block-kadence-rowlayout alignwide\"><div id=\"kt-layout-id_06b381-c7\" class=\"kt-row-layout-inner kt-layout-id_06b381-c7\"><div class=\"kt-row-column-wrap kt-has-2-columns kt-gutter-default kt-v-gutter-default kt-row-valign-middle kt-row-layout-equal kt-tab-layout-inherit kt-m-colapse-left-to-right kt-mobile-layout-row\"><style>.kadence-column_64c463-72 > .kt-inside-inner-col{border-top-width:0px;border-right-width:0px;border-bottom-width:0px;border-left-width:0px;}.kadence-column_64c463-72 > .kt-inside-inner-col,.kadence-column_64c463-72 > .kt-inside-inner-col:before{border-top-left-radius:0px;border-top-right-radius:0px;border-bottom-right-radius:0px;border-bottom-left-radius:0px;}.kadence-column_64c463-72 > .kt-inside-inner-col{column-gap:var(--global-kb-gap-sm, 1rem);}.kadence-column_64c463-72 > .kt-inside-inner-col{flex-direction:column;}.kadence-column_64c463-72 > .kt-inside-inner-col > .aligncenter{width:100%;}.kadence-column_64c463-72 > .kt-inside-inner-col:before{opacity:0.3;}.kadence-column_64c463-72{position:relative;}@media all and (max-width: 1024px){.kadence-column_64c463-72 > .kt-inside-inner-col{flex-direction:column;justify-content:center;}}@media all and (max-width: 767px){.kadence-column_64c463-72 > .kt-inside-inner-col{flex-direction:column;justify-content:center;}}<\/style>\n<div class=\"wp-block-kadence-column inner-column-1 kadence-column_64c463-72\"><div class=\"kt-inside-inner-col\">\n<figure class=\"wp-block-image size-large\"><img loading=\"lazy\" decoding=\"async\" width=\"1024\" height=\"683\" src=\"https:\/\/bekostyle.com\/de\/wp-content\/uploads\/2021\/07\/drvene-fasade-1-1024x683.jpg\" alt=\"Drvene fasade\" class=\"wp-image-1833\" srcset=\"https:\/\/bekostyle.com\/de\/wp-content\/uploads\/2021\/07\/drvene-fasade-1-1024x683.jpg 1024w, https:\/\/bekostyle.com\/de\/wp-content\/uploads\/2021\/07\/drvene-fasade-1-300x200.jpg 300w, https:\/\/bekostyle.com\/de\/wp-content\/uploads\/2021\/07\/drvene-fasade-1-768x512.jpg 768w, https:\/\/bekostyle.com\/de\/wp-content\/uploads\/2021\/07\/drvene-fasade-1-365x243.jpg 365w, https:\/\/bekostyle.com\/de\/wp-content\/uploads\/2021\/07\/drvene-fasade-1.jpg 1200w\" sizes=\"auto, (max-width: 1024px) 100vw, 1024px\" \/><\/figure>\n<\/div><\/div>\n\n\n<style>.kadence-column_d08e80-8d > .kt-inside-inner-col{border-top-width:0px;border-right-width:0px;border-bottom-width:0px;border-left-width:0px;}.kadence-column_d08e80-8d > .kt-inside-inner-col,.kadence-column_d08e80-8d > .kt-inside-inner-col:before{border-top-left-radius:0px;border-top-right-radius:0px;border-bottom-right-radius:0px;border-bottom-left-radius:0px;}.kadence-column_d08e80-8d > .kt-inside-inner-col{column-gap:var(--global-kb-gap-sm, 1rem);}.kadence-column_d08e80-8d > .kt-inside-inner-col{flex-direction:column;}.kadence-column_d08e80-8d > .kt-inside-inner-col > .aligncenter{width:100%;}.kadence-column_d08e80-8d > .kt-inside-inner-col:before{opacity:0.3;}.kadence-column_d08e80-8d{position:relative;}@media all and (max-width: 1024px){.kadence-column_d08e80-8d > .kt-inside-inner-col{flex-direction:column;justify-content:center;}}@media all and (max-width: 767px){.kadence-column_d08e80-8d > .kt-inside-inner-col{flex-direction:column;justify-content:center;}}<\/style>\n<div class=\"wp-block-kadence-column inner-column-2 kadence-column_d08e80-8d\"><div class=\"kt-inside-inner-col\">\n<h2 class=\"wp-block-heading\">Holz-Fassadenbel\u00e4ge aus Thermoholz<\/h2>\n\n\n\n<p>Es gibt kein w\u00e4rmeres und eleganteres Material f\u00fcr die Betonung von den bestimmten Fassadenteilen als exotisches oder Thermoholz. <\/p>\n\n\n\n<p>Diese Fassadenbel\u00e4ge, wenn sie mit der Schutzschicht aus \u00d6l gut behandelt sind, k\u00f6nnen wirklich eine lange L\u00f6sung sein. <\/p>\n\n\n\n<p>Die Charakteristiken des Thermoholzes erm\u00f6glichen den Schutz vor dem negativen Einfluss von Umgebungsbedingungen wie Wind, Regen oder Schnee. Die Platten selbst sind mit den wasserfesten, feuerfesten und UV-Schutz-Beschichtungen behandelt. <\/p>\n<\/div><\/div>\n<\/div><\/div><\/div>\n\n\n<style>#kt-layout-id_dc6ee8-73{margin-bottom:0px;}#kt-layout-id_dc6ee8-73 > .kt-row-column-wrap{align-content:start;}:where(#kt-layout-id_dc6ee8-73 > .kt-row-column-wrap) > .wp-block-kadence-column{justify-content:start;}#kt-layout-id_dc6ee8-73 > .kt-row-column-wrap{column-gap:var(--global-kb-gap-md, 2rem);row-gap:var(--global-kb-gap-md, 2rem);padding-top:var( --global-kb-row-default-top, 25px );padding-bottom:var( --global-kb-row-default-bottom, 25px );grid-template-columns:minmax(0, 1fr);}#kt-layout-id_dc6ee8-73 > .kt-row-layout-overlay{opacity:0.30;}@media all and (max-width: 1024px){#kt-layout-id_dc6ee8-73 > .kt-row-column-wrap{grid-template-columns:minmax(0, 1fr);}}@media all and (max-width: 767px){#kt-layout-id_dc6ee8-73 > .kt-row-column-wrap{padding-left:20px;padding-right:20px;grid-template-columns:minmax(0, 1fr);}}<\/style>\n<div class=\"wp-block-kadence-rowlayout alignwide\"><div id=\"kt-layout-id_dc6ee8-73\" class=\"kt-row-layout-inner kt-layout-id_dc6ee8-73\"><div class=\"kt-row-column-wrap kt-has-1-columns kt-gutter-default kt-v-gutter-default kt-row-valign-top kt-row-layout-equal kt-tab-layout-inherit kt-m-colapse-left-to-right kt-mobile-layout-row\"><style>.kadence-column_8f3eef-cd > .kt-inside-inner-col{border-top-width:0px;border-right-width:0px;border-bottom-width:0px;border-left-width:0px;}.kadence-column_8f3eef-cd > .kt-inside-inner-col,.kadence-column_8f3eef-cd > .kt-inside-inner-col:before{border-top-left-radius:0px;border-top-right-radius:0px;border-bottom-right-radius:0px;border-bottom-left-radius:0px;}.kadence-column_8f3eef-cd > .kt-inside-inner-col{column-gap:var(--global-kb-gap-sm, 1rem);}.kadence-column_8f3eef-cd > .kt-inside-inner-col{flex-direction:column;}.kadence-column_8f3eef-cd > .kt-inside-inner-col > .aligncenter{width:100%;}.kadence-column_8f3eef-cd > .kt-inside-inner-col:before{opacity:0.3;}.kadence-column_8f3eef-cd{position:relative;}@media all and (max-width: 1024px){.kadence-column_8f3eef-cd > .kt-inside-inner-col{flex-direction:column;justify-content:center;}}@media all and (max-width: 767px){.kadence-column_8f3eef-cd > .kt-inside-inner-col{flex-direction:column;justify-content:center;}}<\/style>\n<div class=\"wp-block-kadence-column inner-column-1 kadence-column_8f3eef-cd\"><div class=\"kt-inside-inner-col\">\n<p>Die Montage und Einstellung vom Holz als ein Fassadenelement ist \u00fcber jede Basis m\u00f6glich (\u00fcber Ziegel, Beton&#8230;). Es ist wichtig, dass die Einstellung Fachleute tun, denn es muss erm\u00f6glicht werden, dass die Wand atmet, dass die Bel\u00fcftung existiert, dass der Wasserabfluss aus Regen und Schneeschmelz existiert, als auch Bohrung des Belagprofils verhindert werden, denn es kann Holz besch\u00e4digen und langfristig die Fassadendauer verk\u00fcrzen. Nat\u00fcrlich die Einstellung ist nach dem Prinzip Trockenaufstellung, so dass der gesamte Prozess kurz dauert.<\/p>\n\n\n\n<p>Wir in Beko Style sind bereit, Ihnen in allen Ihren Fragen und Angeboten zu helfen. Wir erwarten Ihren Anruf oder E-Mail, und wir bem\u00fchen, auf alle Ihre Fragen \u00fcber die Preise und Montagenprozesse zu beantworten.<\/p>\n<\/div><\/div>\n<\/div><\/div><\/div>\n\n\n<style>#kt-layout-id_e4c6cd-ab{margin-bottom:0px;}#kt-layout-id_e4c6cd-ab > .kt-row-column-wrap{align-content:start;}:where(#kt-layout-id_e4c6cd-ab > .kt-row-column-wrap) > .wp-block-kadence-column{justify-content:start;}#kt-layout-id_e4c6cd-ab > .kt-row-column-wrap{column-gap:var(--global-kb-gap-md, 2rem);row-gap:var(--global-kb-gap-md, 2rem);padding-top:var( --global-kb-row-default-top, 25px );padding-bottom:var( --global-kb-row-default-bottom, 25px );padding-top:var(--global-kb-spacing-sm, 1.5rem);padding-bottom:var(--global-kb-spacing-sm, 1.5rem);grid-template-columns:minmax(0, 1fr);}#kt-layout-id_e4c6cd-ab > .kt-row-layout-overlay{opacity:0.30;}@media all and (max-width: 1024px){#kt-layout-id_e4c6cd-ab > .kt-row-column-wrap{grid-template-columns:minmax(0, 1fr);}}@media all and (max-width: 767px){#kt-layout-id_e4c6cd-ab > .kt-row-column-wrap{grid-template-columns:minmax(0, 1fr);}}<\/style>\n<div class=\"wp-block-kadence-rowlayout alignwide\"><div id=\"kt-layout-id_e4c6cd-ab\" class=\"kt-row-layout-inner kt-layout-id_e4c6cd-ab\"><div class=\"kt-row-column-wrap kt-has-1-columns kt-gutter-default kt-v-gutter-default kt-row-valign-top kt-row-layout-equal kt-tab-layout-inherit kt-m-colapse-left-to-right kt-mobile-layout-row\"><style>.kadence-column_392e48-7b > .kt-inside-inner-col{border-top-width:0px;border-right-width:0px;border-bottom-width:0px;border-left-width:0px;}.kadence-column_392e48-7b > .kt-inside-inner-col,.kadence-column_392e48-7b > .kt-inside-inner-col:before{border-top-left-radius:0px;border-top-right-radius:0px;border-bottom-right-radius:0px;border-bottom-left-radius:0px;}.kadence-column_392e48-7b > .kt-inside-inner-col{column-gap:var(--global-kb-gap-sm, 1rem);}.kadence-column_392e48-7b > .kt-inside-inner-col{flex-direction:column;}.kadence-column_392e48-7b > .kt-inside-inner-col > .aligncenter{width:100%;}.kadence-column_392e48-7b > .kt-inside-inner-col:before{opacity:0.3;}.kadence-column_392e48-7b{position:relative;}@media all and (max-width: 1024px){.kadence-column_392e48-7b > .kt-inside-inner-col{flex-direction:column;justify-content:center;}}@media all and (max-width: 767px){.kadence-column_392e48-7b > .kt-inside-inner-col{flex-direction:column;justify-content:center;}}<\/style>\n<div class=\"wp-block-kadence-column inner-column-1 kadence-column_392e48-7b\"><div class=\"kt-inside-inner-col\"><div class=\"pgc-sgb-cb wp-block-pgcsimplygalleryblock-grid \" data-gallery-id=\"0c7b9d58_1625402274319\"><div class=\"sgb-preloader\" id=\"pr_0c7b9d58_1625402274319\">\n\t<div class=\"sgb-square\" style=\"background:#d4d4d4\"><\/div>\n\t<div class=\"sgb-square\" style=\"background:#d4d4d4\"><\/div>\n\t<div class=\"sgb-square\" style=\"background:#d4d4d4\"><\/div>\n\t<div class=\"sgb-square\" style=\"background:#d4d4d4\"><\/div><\/div><div class=\"simply-gallery-amp pgc_sgb_slider \"><noscript><div class=\"sgb-gallery\"><div class=\"sgb-item\"><a href=\"https:\/\/bekostyle.com\/de\/drvene-fasade\/drvene-fasade-5\/#main\" target=\"_blank\"><img decoding=\"async\" alt=\"drvene-fasade-5\" width=\"233\" height=\"300\" loading=\"lazy\" src=\"https:\/\/bekostyle.com\/de\/wp-content\/uploads\/2021\/07\/drvene-fasade-5-233x300.jpg\" srcset=\"https:\/\/bekostyle.com\/de\/wp-content\/uploads\/2021\/07\/drvene-fasade-5-233x300.jpg 233w,https:\/\/bekostyle.com\/de\/wp-content\/uploads\/2021\/07\/drvene-fasade-5.jpg 775w\" sizes=\"auto, 250px\"\/><\/a><\/div><div class=\"sgb-item\"><a href=\"https:\/\/bekostyle.com\/de\/drvene-fasade\/drvene-fasade-4\/#main\" target=\"_blank\"><img decoding=\"async\" alt=\"drvene-fasade-4\" width=\"228\" height=\"300\" loading=\"lazy\" src=\"https:\/\/bekostyle.com\/de\/wp-content\/uploads\/2021\/07\/drvene-fasade-4-228x300.jpeg\" srcset=\"https:\/\/bekostyle.com\/de\/wp-content\/uploads\/2021\/07\/drvene-fasade-4-228x300.jpeg 228w,https:\/\/bekostyle.com\/de\/wp-content\/uploads\/2021\/07\/drvene-fasade-4.jpeg 760w\" sizes=\"auto, 250px\"\/><\/a><\/div><div class=\"sgb-item\"><a href=\"https:\/\/bekostyle.com\/de\/drvene-fasade\/drvene-fasade-3\/#main\" target=\"_blank\"><img decoding=\"async\" alt=\"Drvene fasade \" width=\"300\" height=\"225\" loading=\"lazy\" src=\"https:\/\/bekostyle.com\/de\/wp-content\/uploads\/2021\/07\/drvene-fasade-3-300x225.jpeg\" srcset=\"https:\/\/bekostyle.com\/de\/wp-content\/uploads\/2021\/07\/drvene-fasade-3-300x225.jpeg 300w,https:\/\/bekostyle.com\/de\/wp-content\/uploads\/2021\/07\/drvene-fasade-3-1024x768.jpeg 1024w,https:\/\/bekostyle.com\/de\/wp-content\/uploads\/2021\/07\/drvene-fasade-3.jpeg 1200w\" sizes=\"auto, 250px\"\/><\/a><\/div><\/div><\/noscript><\/div><script type=\"application\/json\" class=\"sgb-data\">{\"thumbClickAction\":\"useLightbox\",\"galleryType\":\"pgc_sgb_grid\",\"galleryId\":\"0c7b9d58_1625402274319\",\"images\":[{\"id\":1831,\"title\":\"\",\"url\":\"https:\/\/bekostyle.com\/de\/wp-content\/uploads\/2021\/07\/drvene-fasade-5.jpg\",\"link\":\"https:\/\/bekostyle.com\/de\/drvene-fasade\/drvene-fasade-5\/#main\",\"alt\":\"drvene-fasade-5\",\"description\":\"\",\"caption\":\"\",\"mime\":\"image\/jpeg\",\"type\":\"image\",\"width\":775,\"height\":1000,\"sizes\":{\"thumbnail\":{\"height\":150,\"width\":150,\"url\":\"https:\/\/bekostyle.com\/de\/wp-content\/uploads\/2021\/07\/drvene-fasade-5-150x150.jpg\",\"orientation\":\"landscape\"},\"medium\":{\"height\":300,\"width\":233,\"url\":\"https:\/\/bekostyle.com\/de\/wp-content\/uploads\/2021\/07\/drvene-fasade-5-233x300.jpg\",\"orientation\":\"portrait\"},\"full\":{\"url\":\"https:\/\/bekostyle.com\/de\/wp-content\/uploads\/2021\/07\/drvene-fasade-5.jpg\",\"height\":1000,\"width\":775,\"orientation\":\"portrait\"}},\"meta\":false,\"postlink\":\"https:\/\/bekostyle.com\/de\/drvene-fasade\/drvene-fasade-5\/#main\"},{\"id\":1830,\"title\":\"\",\"url\":\"https:\/\/bekostyle.com\/de\/wp-content\/uploads\/2021\/07\/drvene-fasade-4.jpeg\",\"link\":\"https:\/\/bekostyle.com\/de\/drvene-fasade\/drvene-fasade-4\/#main\",\"alt\":\"drvene-fasade-4\",\"description\":\"\",\"caption\":\"\",\"mime\":\"image\/jpeg\",\"type\":\"image\",\"width\":760,\"height\":1000,\"sizes\":{\"thumbnail\":{\"height\":150,\"width\":150,\"url\":\"https:\/\/bekostyle.com\/de\/wp-content\/uploads\/2021\/07\/drvene-fasade-4-150x150.jpeg\",\"orientation\":\"landscape\"},\"medium\":{\"height\":300,\"width\":228,\"url\":\"https:\/\/bekostyle.com\/de\/wp-content\/uploads\/2021\/07\/drvene-fasade-4-228x300.jpeg\",\"orientation\":\"portrait\"},\"full\":{\"url\":\"https:\/\/bekostyle.com\/de\/wp-content\/uploads\/2021\/07\/drvene-fasade-4.jpeg\",\"height\":1000,\"width\":760,\"orientation\":\"portrait\"}},\"meta\":false,\"postlink\":\"https:\/\/bekostyle.com\/de\/drvene-fasade\/drvene-fasade-4\/#main\"},{\"id\":1829,\"title\":\"\",\"url\":\"https:\/\/bekostyle.com\/de\/wp-content\/uploads\/2021\/07\/drvene-fasade-3.jpeg\",\"link\":\"https:\/\/bekostyle.com\/de\/drvene-fasade\/drvene-fasade-3\/#main\",\"alt\":\"Drvene fasade \",\"description\":\"\",\"caption\":\"\",\"mime\":\"image\/jpeg\",\"type\":\"image\",\"width\":1200,\"height\":900,\"sizes\":{\"thumbnail\":{\"height\":150,\"width\":150,\"url\":\"https:\/\/bekostyle.com\/de\/wp-content\/uploads\/2021\/07\/drvene-fasade-3-150x150.jpeg\",\"orientation\":\"landscape\"},\"medium\":{\"height\":225,\"width\":300,\"url\":\"https:\/\/bekostyle.com\/de\/wp-content\/uploads\/2021\/07\/drvene-fasade-3-300x225.jpeg\",\"orientation\":\"landscape\"},\"large\":{\"height\":768,\"width\":1024,\"url\":\"https:\/\/bekostyle.com\/de\/wp-content\/uploads\/2021\/07\/drvene-fasade-3-1024x768.jpeg\",\"orientation\":\"landscape\"},\"full\":{\"url\":\"https:\/\/bekostyle.com\/de\/wp-content\/uploads\/2021\/07\/drvene-fasade-3.jpeg\",\"height\":900,\"width\":1200,\"orientation\":\"landscape\"}},\"meta\":false,\"postlink\":\"https:\/\/bekostyle.com\/de\/drvene-fasade\/drvene-fasade-3\/#main\"}],\"itemsMetaDataCollection\":[],\"galleryData\":\"{\\u0022copyRProtection\\u0022:false,\\u0022copyRAlert\\u0022:\\u0022Hello, this photo is mine!\\u0022,\\u0022sliderScrollNavi\\u0022:false,\\u0022sliderNextPrevAnimation\\u0022:\\u0022animation\\u0022,\\u0022galleryScrollPositionControll\\u0022:false,\\u0022sliderVideoAutoPlay\\u0022:false,\\u0022sliderVideoLoop\\u0022:false,\\u0022sliderItemCounterEnable\\u0022:true,\\u0022sliderCaptionSrc\\u0022:\\u0022caption\\u0022,\\u0022sliderItemTitleEnable\\u0022:false,\\u0022sliderItemTitleFontSize\\u0022:18,\\u0022sliderItemTitleTextColor\\u0022:\\u0022rgba(255,255,255,1)\\u0022,\\u0022itemCounterColor\\u0022:\\u0022rgba(255,255,255,1)\\u0022,\\u0022sliderThumbBarEnable\\u0022:true,\\u0022sliderThumbBarHoverColor\\u0022:\\u0022rgba(240,240,240,1)\\u0022,\\u0022sliderBgColor\\u0022:\\u0022rgba(0,0,0,0.8)\\u0022,\\u0022sliderPreloaderColor\\u0022:\\u0022rgba(240,240,240,1)\\u0022,\\u0022sliderHeaderFooterBgColor\\u0022:\\u0022rgba(0,0,0,0.4)\\u0022,\\u0022sliderNavigationColor\\u0022:\\u0022rgba(0,0,0,1)\\u0022,\\u0022sliderNavigationColorOver\\u0022:\\u0022rgba(255,255,255,1)\\u0022,\\u0022sliderNavigationIconColor\\u0022:\\u0022rgba(255,255,255,1)\\u0022,\\u0022sliderNavigationIconColorOver\\u0022:\\u0022rgba(0,0,0,1)\\u0022,\\u0022sliderSlideshow\\u0022:true,\\u0022sliderSlideshowDelay\\u0022:8,\\u0022slideshowIndicatorColor\\u0022:\\u0022rgba(255,255,255,1)\\u0022,\\u0022slideshowIndicatorColorBg\\u0022:\\u0022rgba(255,255,255,0.5)\\u0022,\\u0022sliderThumbSubMenuBackgroundColor\\u0022:\\u0022rgba(255,255,255,0)\\u0022,\\u0022sliderThumbSubMenuBackgroundColorOver\\u0022:\\u0022rgba(255,255,255,1)\\u0022,\\u0022sliderThumbSubMenuIconColor\\u0022:\\u0022rgba(255,255,255,1)\\u0022,\\u0022sliderThumbSubMenuIconHoverColor\\u0022:\\u0022rgba(0,0,0,1)\\u0022,\\u0022sliderSocialShareEnabled\\u0022:true,\\u0022sliderZoomEnable\\u0022:true,\\u0022sliderFullscreenEnabled\\u0022:true,\\u0022modaBgColor\\u0022:\\u0022rgba(0,0,0,0.8)\\u0022,\\u0022modalIconColor\\u0022:\\u0022rgba(255,255,255,1)\\u0022,\\u0022modalIconColorHover\\u0022:\\u0022rgba(255,255,255,0.8)\\u0022,\\u0022shareFacebook\\u0022:true,\\u0022shareTwitter\\u0022:true,\\u0022sharePinterest\\u0022:true,\\u0022sliderItemDownload\\u0022:true,\\u0022shareCopyLink\\u0022:true,\\u0022sharePost\\u0022:\\u0022sharelink\\u0022,\\u0022tagsFilter\\u0022:false,\\u0022tagCloudAll\\u0022:\\u0022All\\u0022,\\u0022tagCloudBgColor\\u0022:\\u0022rgba(153,153,153,1)\\u0022,\\u0022tagCloudBgColorOver\\u0022:\\u0022rgba(253,253,253,1)\\u0022,\\u0022tagCloudTextColor\\u0022:\\u0022rgba(253,253,253,1)\\u0022,\\u0022tagCloudTextColorOver\\u0022:\\u0022rgba(153,153,153,1)\\u0022,\\u0022tagCloudFontSize\\u0022:16,\\u0022deepLinking\\u0022:false,\\u0022useLightbox\\u0022:true,\\u0022thumbClickAction\\u0022:\\u0022useLightbox\\u0022,\\u0022numItemsDisplayed\\u0022:0,\\u0022lazyLoading\\u0022:true,\\u0022contentNoPadding\\u0022:false,\\u0022galleryPreloaderColor\\u0022:\\u0022rgba(230,230,230,1)\\u0022,\\u0022galleryBgColor\\u0022:\\u0022rgba(0,0,0,0)\\u0022,\\u0022galleryBorderRadius\\u0022:0,\\u0022customCSS\\u0022:\\u0022\\u0022,\\u0022collectionColumns\\u0022:3,\\u0022thumbHieghtRation\\u0022:1,\\u0022collectionThumbRecomendedWidth\\u0022:200,\\u0022thumbSpacing\\u0022:5,\\u0022externalLink\\u0022:true,\\u0022externalLinkDefName\\u0022:\\u0022Read More\\u0022,\\u0022externalLinkTextColor\\u0022:\\u0022rgba(0,0,0,1)\\u0022,\\u0022externalLinkBgColor\\u0022:\\u0022rgba(255,255,255,1)\\u0022,\\u0022externalLinkFontSize\\u0022:18,\\u0022captions\\u0022:true,\\u0022captionSrc\\u0022:\\u0022caption\\u0022,\\u0022captionHAlign\\u0022:\\u0022top\\u0022,\\u0022collectionthumbHoverTitleFontSize\\u0022:18,\\u0022collectionthumbRoundedCorners\\u0022:0,\\u0022collectionthumbHoverTitleTextColor\\u0022:\\u0022rgba(255,255,255,1)\\u0022,\\u0022collectionthumbHoverTitleTextBgColor\\u0022:\\u0022rgba(0,0,0,0.8)\\u0022,\\u0022collectionthumbHoverBgColor\\u0022:\\u0022rgba(0,0,0,0.4)\\u0022,\\u0022collectionThumbSubMenuDownload\\u0022:true,\\u0022collectionThumbSubMenuShare\\u0022:true,\\u0022collectionThumbSubMenuBgColor\\u0022:\\u0022rgba(0,0,0,0.4)\\u0022,\\u0022collectionThumbSubMenuBgColorHover\\u0022:\\u0022rgba(255,255,255,1)\\u0022,\\u0022collectionThumbSubMenuIconColor\\u0022:\\u0022rgba(255,255,255,1)\\u0022,\\u0022collectionThumbSubMenuIconColorHover\\u0022:\\u0022rgba(0,0,0,1)\\u0022,\\u0022galleryType\\u0022:\\u0022pgc_sgb_grid\\u0022,\\u0022align\\u0022:\\u0022\\u0022,\\u0022galleryId\\u0022:\\u00220c7b9d58_1625402274319\\u0022,\\u0022tagsListCustomMode\\u0022:false,\\u0022initGalleryByFirstTag\\u0022:false,\\u0022deepLinkingForTag\\u0022:false,\\u0022galleryTagsList\\u0022:[],\\u0022useClobalSettings\\u0022:false,\\u0022orderBy\\u0022:\\u0022custom\\u0022,\\u0022settingsModalIsOpen\\u0022:false,\\u0022skin\\u0022:\\u0022grid\\u0022}\"}<\/script><script>(function(){if(window.PGC_SGB && window.PGC_SGB.searcher){window.PGC_SGB.searcher.initBlocks()}})()<\/script><\/div><\/div><\/div>\n<\/div><\/div><\/div>\n\n\n\n<div class=\"alignfull wp-block-ugb-cta ugb-cta ugb-4bd473a ugb-cta ugb-cta--v2 ugb-cta--design-plain ugb-main-block ugb--has-custom-content-width ugb--has-custom-content-width-tablet ugb--has-custom-content-width-mobile ugb-main-block--inner-full ugb--has-block-background ugb--has-background-overlay\"><style>.ugb-4bd473a .ugb-cta__title{font-size:42px !important;font-weight:600 !important;color:#ffffff}.ugb-4bd473a .ugb-cta__description{margin-bottom:45px !important;font-size:24px !important;color:#ffffff}.ugb-4bd473a .ugb-button .ugb-button--inner{font-family:\"IBM Plex Sans\",Sans-serif !important;font-size:18px !important;color:#ffffff !important}.ugb-4bd473a .ugb-button{border-color:#ffffff !important;border-radius:0px !important}.ugb-4bd473a .ugb-button:hover .ugb-button--inner{color:#ffffff !important}.ugb-4bd473a .ugb-button:before{border-radius:0px !important}.ugb-4bd473a.ugb-cta{background-color:#000000;background-image:url(https:\/\/bekostyle.com\/de\/wp-content\/uploads\/2021\/09\/namestaj-po-meri-baner.webp)}.ugb-4bd473a.ugb-cta > .ugb-inner-block{max-width:40% !important}.ugb-4bd473a.ugb-cta:before{background-color:#000000;opacity:0.6}@media screen and (max-width:1025px){.ugb-4bd473a.ugb-cta > .ugb-inner-block{max-width:70% !important}}@media screen and (max-width:768px){.ugb-4bd473a .ugb-cta__title{font-size:36px !important}.ugb-4bd473a.ugb-cta > .ugb-inner-block{max-width:80% !important}}@media screen and (min-width:768px){.ugb-4bd473a > .ugb-inner-block > .ugb-block-content > *{padding-top:30px !important;padding-bottom:30px !important}}<\/style><div class=\"ugb-inner-block ugb-inner-block--full\"><div class=\"ugb-block-content\"><div class=\"ugb-cta__item\"><h3 class=\"ugb-cta__title\">Planen Sie ein Projekt zu starten?<\/h3><p class=\"ugb-cta__description\">Unsere Experten sind bereit, mit Ihnen zusammenzuarbeiten!<\/p><div class=\"ugb-button-container\"><a class=\"ugb-button ugb-button--size-small ugb--hover-effect-lift ugb-button--design-ghost\" href=\"\" rel=\"\" title=\"\"><span class=\"ugb-button--inner\">Kontakt<\/span><\/a><\/div><\/div><\/div><\/div><\/div>\n","protected":false},"excerpt":{"rendered":"<p>Holz-Fassadenbel\u00e4ge aus Thermoholz Es gibt kein w\u00e4rmeres und eleganteres Material f\u00fcr die Betonung von den bestimmten Fassadenteilen als exotisches oder Thermoholz. Diese Fassadenbel\u00e4ge, wenn sie mit der Schutzschicht aus \u00d6l &#8230; <\/p>\n<p class=\"read-more-container\"><a title=\"Holz-Fassadenbel\u00e4ge\" class=\"read-more button\" href=\"https:\/\/bekostyle.com\/de\/holz-fassadenbelage-2\/#more-1827\" aria-label=\"Mehr Informationen \u00fcber Holz-Fassadenbel\u00e4ge\">Op\u0161irnije<\/a><\/p>\n","protected":false},"author":1,"featured_media":0,"parent":0,"menu_order":0,"comment_status":"closed","ping_status":"closed","template":"","meta":{"_seopress_robots_primary_cat":"","_seopress_titles_title":"Holz-Fassadenbel\u00e4ge aus Thermoholz | Beko Style","_seopress_titles_desc":"Holz-Fassadenbel\u00e4ge aus Thermoholz. Es gibt kein w\u00e4rmeres und eleganteres Material f\u00fcr die Betonung von den bestimmten Fassadenteilen als exotisches oder ..","_seopress_robots_index":"","pgc_sgb_lightbox_settings":"","footnotes":""},"class_list":{"0":"post-1827","1":"page","2":"type-page","3":"status-publish","5":"no-featured-image-padding"},"featured_image_urls":{"full":"","thumbnail":"","medium":"","medium_large":"","large":"","1536x1536":"","2048x2048":""},"post_excerpt_stackable":"<p>Holz-Fassadenbel\u00e4ge aus Thermoholz Es gibt kein w\u00e4rmeres und eleganteres Material f\u00fcr die Betonung von den bestimmten Fassadenteilen als exotisches oder Thermoholz. Diese Fassadenbel\u00e4ge, wenn sie mit der Schutzschicht aus \u00d6l gut behandelt sind, k\u00f6nnen wirklich eine lange L\u00f6sung sein. Die Charakteristiken des Thermoholzes erm\u00f6glichen den Schutz vor dem negativen Einfluss von Umgebungsbedingungen wie Wind, Regen oder Schnee. Die Platten selbst sind mit den wasserfesten, feuerfesten und UV-Schutz-Beschichtungen behandelt. Die Montage und Einstellung vom Holz als ein Fassadenelement ist \u00fcber jede Basis m\u00f6glich (\u00fcber Ziegel, Beton&#8230;). Es ist wichtig, dass die Einstellung Fachleute tun, denn es muss erm\u00f6glicht werden, dass die&hellip;<\/p>\n","category_list":"","author_info":{"name":"timortis","url":"https:\/\/bekostyle.com\/de\/author\/timortis\/"},"comments_num":"0 comments","featured_image_urls_v2":{"full":"","thumbnail":"","medium":"","medium_large":"","large":"","1536x1536":"","2048x2048":""},"post_excerpt_stackable_v2":"<p>Holz-Fassadenbel\u00e4ge aus Thermoholz Es gibt kein w\u00e4rmeres und eleganteres Material f\u00fcr die Betonung von den bestimmten Fassadenteilen als exotisches oder Thermoholz. Diese Fassadenbel\u00e4ge, wenn sie mit der Schutzschicht aus \u00d6l gut behandelt sind, k\u00f6nnen wirklich eine lange L\u00f6sung sein. Die Charakteristiken des Thermoholzes erm\u00f6glichen den Schutz vor dem negativen Einfluss von Umgebungsbedingungen wie Wind, Regen oder Schnee. Die Platten selbst sind mit den wasserfesten, feuerfesten und UV-Schutz-Beschichtungen behandelt. Die Montage und Einstellung vom Holz als ein Fassadenelement ist \u00fcber jede Basis m\u00f6glich (\u00fcber Ziegel, Beton&#8230;). Es ist wichtig, dass die Einstellung Fachleute tun, denn es muss erm\u00f6glicht werden, dass die&hellip;<\/p>\n","category_list_v2":"","author_info_v2":{"name":"timortis","url":"https:\/\/bekostyle.com\/de\/author\/timortis\/"},"comments_num_v2":"0 comments","_links":{"self":[{"href":"https:\/\/bekostyle.com\/de\/wp-json\/wp\/v2\/pages\/1827","targetHints":{"allow":["GET"]}}],"collection":[{"href":"https:\/\/bekostyle.com\/de\/wp-json\/wp\/v2\/pages"}],"about":[{"href":"https:\/\/bekostyle.com\/de\/wp-json\/wp\/v2\/types\/page"}],"author":[{"embeddable":true,"href":"https:\/\/bekostyle.com\/de\/wp-json\/wp\/v2\/users\/1"}],"replies":[{"embeddable":true,"href":"https:\/\/bekostyle.com\/de\/wp-json\/wp\/v2\/comments?post=1827"}],"version-history":[{"count":2,"href":"https:\/\/bekostyle.com\/de\/wp-json\/wp\/v2\/pages\/1827\/revisions"}],"predecessor-version":[{"id":5146,"href":"https:\/\/bekostyle.com\/de\/wp-json\/wp\/v2\/pages\/1827\/revisions\/5146"}],"wp:attachment":[{"href":"https:\/\/bekostyle.com\/de\/wp-json\/wp\/v2\/media?parent=1827"}],"curies":[{"name":"wp","href":"https:\/\/api.w.org\/{rel}","templated":true}]}}