{"id":2133,"date":"2021-07-04T19:58:33","date_gmt":"2021-07-04T17:58:33","guid":{"rendered":"https:\/\/bekostyle.com\/de\/?page_id=2133"},"modified":"2021-10-06T19:17:21","modified_gmt":"2021-10-06T17:17:21","slug":"innenanordnung","status":"publish","type":"page","link":"https:\/\/bekostyle.com\/de\/innenanordnung\/","title":{"rendered":"Innenanordnung"},"content":{"rendered":"<style>#kt-layout-id_5ff0e3-23{margin-bottom:0px;}#kt-layout-id_5ff0e3-23 > .kt-row-column-wrap{align-content:center;}:where(#kt-layout-id_5ff0e3-23 > .kt-row-column-wrap) > .wp-block-kadence-column{justify-content:center;}#kt-layout-id_5ff0e3-23 > .kt-row-column-wrap{column-gap:var(--global-kb-gap-md, 2rem);row-gap:var(--global-kb-gap-md, 2rem);padding-top:var( --global-kb-row-default-top, 25px );padding-bottom:var( --global-kb-row-default-bottom, 25px );padding-top:0px;padding-bottom:0px;grid-template-columns:repeat(2, minmax(0, 1fr));}#kt-layout-id_5ff0e3-23 > .kt-row-layout-overlay{opacity:0.30;}@media all and (max-width: 1024px){#kt-layout-id_5ff0e3-23 > .kt-row-column-wrap{grid-template-columns:repeat(2, minmax(0, 1fr));}}@media all and (max-width: 767px){#kt-layout-id_5ff0e3-23 > .kt-row-column-wrap{padding-left:20px;padding-right:20px;grid-template-columns:minmax(0, 1fr);}}<\/style>\n<div class=\"wp-block-kadence-rowlayout alignwide\"><div id=\"kt-layout-id_5ff0e3-23\" class=\"kt-row-layout-inner kt-layout-id_5ff0e3-23\"><div class=\"kt-row-column-wrap kt-has-2-columns kt-gutter-default kt-v-gutter-default kt-row-valign-middle kt-row-layout-equal kt-tab-layout-inherit kt-m-colapse-left-to-right kt-mobile-layout-row\"><style>.kadence-column_be20bb-33 > .kt-inside-inner-col{border-top-width:0px;border-right-width:0px;border-bottom-width:0px;border-left-width:0px;}.kadence-column_be20bb-33 > .kt-inside-inner-col,.kadence-column_be20bb-33 > .kt-inside-inner-col:before{border-top-left-radius:0px;border-top-right-radius:0px;border-bottom-right-radius:0px;border-bottom-left-radius:0px;}.kadence-column_be20bb-33 > .kt-inside-inner-col{column-gap:var(--global-kb-gap-sm, 1rem);}.kadence-column_be20bb-33 > .kt-inside-inner-col{flex-direction:column;}.kadence-column_be20bb-33 > .kt-inside-inner-col > .aligncenter{width:100%;}.kadence-column_be20bb-33 > .kt-inside-inner-col:before{opacity:0.3;}.kadence-column_be20bb-33{position:relative;}@media all and (max-width: 1024px){.kadence-column_be20bb-33 > .kt-inside-inner-col{flex-direction:column;justify-content:center;}}@media all and (max-width: 767px){.kadence-column_be20bb-33 > .kt-inside-inner-col{flex-direction:column;justify-content:center;}}<\/style>\n<div class=\"wp-block-kadence-column inner-column-1 kadence-column_be20bb-33\"><div class=\"kt-inside-inner-col\">\n<figure class=\"wp-block-image size-large\"><img loading=\"lazy\" decoding=\"async\" width=\"700\" height=\"467\" src=\"https:\/\/bekostyle.com\/de\/wp-content\/uploads\/2021\/07\/pregradni-zidovi-8.jpg\" alt=\"Ure\u0111enje enterijera\" class=\"wp-image-1642\" srcset=\"https:\/\/bekostyle.com\/de\/wp-content\/uploads\/2021\/07\/pregradni-zidovi-8.jpg 700w, https:\/\/bekostyle.com\/de\/wp-content\/uploads\/2021\/07\/pregradni-zidovi-8-300x200.jpg 300w, https:\/\/bekostyle.com\/de\/wp-content\/uploads\/2021\/07\/pregradni-zidovi-8-365x243.jpg 365w\" sizes=\"auto, (max-width: 700px) 100vw, 700px\" \/><\/figure>\n<\/div><\/div>\n\n\n<style>.kadence-column_3f4b21-8b > .kt-inside-inner-col{border-top-width:0px;border-right-width:0px;border-bottom-width:0px;border-left-width:0px;}.kadence-column_3f4b21-8b > .kt-inside-inner-col,.kadence-column_3f4b21-8b > .kt-inside-inner-col:before{border-top-left-radius:0px;border-top-right-radius:0px;border-bottom-right-radius:0px;border-bottom-left-radius:0px;}.kadence-column_3f4b21-8b > .kt-inside-inner-col{column-gap:var(--global-kb-gap-sm, 1rem);}.kadence-column_3f4b21-8b > .kt-inside-inner-col{flex-direction:column;}.kadence-column_3f4b21-8b > .kt-inside-inner-col > .aligncenter{width:100%;}.kadence-column_3f4b21-8b > .kt-inside-inner-col:before{opacity:0.3;}.kadence-column_3f4b21-8b{position:relative;}@media all and (max-width: 1024px){.kadence-column_3f4b21-8b > .kt-inside-inner-col{flex-direction:column;justify-content:center;}}@media all and (max-width: 767px){.kadence-column_3f4b21-8b > .kt-inside-inner-col{flex-direction:column;justify-content:center;}}<\/style>\n<div class=\"wp-block-kadence-column inner-column-2 kadence-column_3f4b21-8b\"><div class=\"kt-inside-inner-col\">\n<p>Die Innenanordnung ist ausserordentlich wichtiger Faktor, der die Raumfunktionalit\u00e4t und -\u00e4sthetik bestimmt. <\/p>\n\n\n\n<p>Beim Entwerfen m\u00fcssen die W\u00fcnsche des Benutzers erf\u00fcllt werden, aber zugleich die Charakteristiken des Raums wie die Quelle des Tageslichtes, Konfiguration und Form des Raums und der Zweck des Raumes maximal ausgenutzt werden.<\/p>\n\n\n\n<p>Falls Sie eine Konzeption haben, ein Konzept oder eine schon fertige Ausf\u00fchrungsplanung, k\u00f6nnen wir in Beko Style f\u00fcr Sie die komplette Innenanordnung ausf\u00fchren.<\/p>\n<\/div><\/div>\n<\/div><\/div><\/div>\n\n\n<style>#kt-layout-id_16699d-f3{margin-bottom:0px;}#kt-layout-id_16699d-f3 > .kt-row-column-wrap{align-content:start;}:where(#kt-layout-id_16699d-f3 > .kt-row-column-wrap) > .wp-block-kadence-column{justify-content:start;}#kt-layout-id_16699d-f3 > .kt-row-column-wrap{column-gap:var(--global-kb-gap-md, 2rem);row-gap:var(--global-kb-gap-md, 2rem);padding-top:var( --global-kb-row-default-top, 25px );padding-bottom:var( --global-kb-row-default-bottom, 25px );grid-template-columns:minmax(0, 1fr);}#kt-layout-id_16699d-f3 > .kt-row-layout-overlay{opacity:0.30;}@media all and (max-width: 1024px){#kt-layout-id_16699d-f3 > .kt-row-column-wrap{grid-template-columns:minmax(0, 1fr);}}@media all and (max-width: 767px){#kt-layout-id_16699d-f3 > .kt-row-column-wrap{padding-left:20px;padding-right:20px;grid-template-columns:minmax(0, 1fr);}}<\/style>\n<div class=\"wp-block-kadence-rowlayout alignwide\"><div id=\"kt-layout-id_16699d-f3\" class=\"kt-row-layout-inner kt-layout-id_16699d-f3\"><div class=\"kt-row-column-wrap kt-has-1-columns kt-gutter-default kt-v-gutter-default kt-row-valign-top kt-row-layout-equal kt-tab-layout-inherit kt-m-colapse-left-to-right kt-mobile-layout-row\"><style>.kadence-column_ee68f4-f7 > .kt-inside-inner-col{border-top-width:0px;border-right-width:0px;border-bottom-width:0px;border-left-width:0px;}.kadence-column_ee68f4-f7 > .kt-inside-inner-col,.kadence-column_ee68f4-f7 > .kt-inside-inner-col:before{border-top-left-radius:0px;border-top-right-radius:0px;border-bottom-right-radius:0px;border-bottom-left-radius:0px;}.kadence-column_ee68f4-f7 > .kt-inside-inner-col{column-gap:var(--global-kb-gap-sm, 1rem);}.kadence-column_ee68f4-f7 > .kt-inside-inner-col{flex-direction:column;}.kadence-column_ee68f4-f7 > .kt-inside-inner-col > .aligncenter{width:100%;}.kadence-column_ee68f4-f7 > .kt-inside-inner-col:before{opacity:0.3;}.kadence-column_ee68f4-f7{position:relative;}@media all and (max-width: 1024px){.kadence-column_ee68f4-f7 > .kt-inside-inner-col{flex-direction:column;justify-content:center;}}@media all and (max-width: 767px){.kadence-column_ee68f4-f7 > .kt-inside-inner-col{flex-direction:column;justify-content:center;}}<\/style>\n<div class=\"wp-block-kadence-column inner-column-1 kadence-column_ee68f4-f7\"><div class=\"kt-inside-inner-col\">\n<p>Unsere Leistungen fassen folgende T\u00e4tigkeiten um:<\/p>\n\n\n\n<ul class=\"wp-block-list\"><li>Einbau von M\u00f6beln, Schr\u00e4nken, Regalen, T\u00fcren, Spiegeln, Betten, Sofas, Tischen sowie von Austellungselementen der M\u00f6bel, wenn Sie ein Gesch\u00e4ft oder B\u00fcro ausr\u00fcsten.<\/li><li>Einbau und Einstellung Beleuchtung<\/li><li>Einbau und Einstellung Alarmsysteme<\/li><li>Einbau und Einstellung Brandmeldeanlagen<\/li><li>Video\u00fcberwachungssysteme<\/li><li>Telekommunikationssysteme und<\/li><li>Systeme Audio- und Videoger\u00e4te<\/li><\/ul>\n<\/div><\/div>\n<\/div><\/div><\/div>\n\n\n\n<div class=\"alignwide wp-block-ugb-image-box ugb-image-box ugb-d1b97da ugb-image-box--v4 ugb-image-box--columns-3 ugb-image-box--design-basic ugb-image-box--effect-blur-in ugb-image-box--with-arrow ugb-image-box--align-left ugb-main-block\"><style>.ugb-d1b97da .ugb-image-box__box{border-radius:0px !important}.ugb-d1b97da .ugb-image-box__item{height:334px !important;justify-content:flex-end !important}.ugb-d1b97da .ugb-image-box__item1 .ugb-image-box__image{background-image:url(https:\/\/bekostyle.com\/de\/wp-content\/uploads\/2021\/07\/izrada-kuhinje-po-meri-glavna.jpg)}.ugb-d1b97da .ugb-image-box__item2 .ugb-image-box__image{background-image:url(https:\/\/bekostyle.com\/de\/wp-content\/uploads\/2021\/07\/izrada-namestaja-po-meri-glavna.jpg)}.ugb-d1b97da .ugb-image-box__item3 .ugb-image-box__image{background-image:url(https:\/\/bekostyle.com\/de\/wp-content\/uploads\/2021\/07\/inox-elementi-glavna.jpg)}.ugb-d1b97da .ugb-image-box__item4 .ugb-image-box__image{background-image:url(https:\/\/bekostyle.com\/de\/wp-content\/uploads\/2021\/07\/izrada-kuhinja-po-meri-medijapan4-768x1024.jpg)}.ugb-d1b97da .ugb-image-box__item:not(:hover) .ugb-image-box__overlay{opacity:0.2 !important}.ugb-d1b97da .ugb-image-box__overlay-hover{background-color:#8ed1fc !important}.ugb-d1b97da .ugb-image-box__item:hover .ugb-image-box__overlay-hover{opacity:0.5 !important}.ugb-d1b97da .ugb-image-box__title{text-transform:uppercase !important;color:var(--stk-global-color-80953,#ffffff) !important;margin-bottom:10px !important}.ugb-d1b97da .ugb-image-box__arrow svg{fill:var(--stk-global-color-80953,#ffffff) !important}.ugb-d1b97da .ugb-image-box__arrow{text-align:left !important}.ugb-d1b97da .ugb-inner-block{text-align:left}@media screen and (min-width:768px){.ugb-d1b97da.ugb-image-box{padding-top:5px !important;padding-bottom:5px !important}.ugb-d1b97da > .ugb-inner-block > .ugb-block-content > *{justify-content:flex-end}}@media screen and (min-width:768px) and (max-width:1025px){.ugb-d1b97da .ugb-image-box__item{height:300px !important}}@media screen and (max-width:768px){.ugb-d1b97da .ugb-image-box__item{height:300px !important}}<\/style><div class=\"ugb-inner-block\"><div class=\"ugb-block-content\"><div class=\"ugb-image-box__item ugb-image-box__item1 ugb-image-box__box ugb--shadow-0\"><div class=\"ugb-image-box__box ugb-image-box__image-wrapper\"><div class=\"ugb-image-box__box ugb-image-box__image\" role=\"img\" aria-label=\"K\u00fcchen nach Mass\"><\/div><\/div><div class=\"ugb-image-box__box ugb-image-box__overlay\"><\/div><div class=\"ugb-image-box__box ugb-image-box__overlay-hover\"><\/div><div class=\"ugb-image-box__content\"><div class=\"ugb-image-box__header\"><h4 class=\"ugb-image-box__title\">K\u00fcchen nach Mass<\/h4><\/div><\/div><div class=\"ugb-image-box__arrow\"><svg viewbox=\"0 0 167.6 107.8\" xmlns=\"http:\/\/www.w3.org\/2000\/svg\"><path d=\"M116.8 106.6l50.8-52.7-50.9-52.7c-1.5-1.6-4.1-1.6-5.7-.1-1.6 1.5-1.6 4.1-.1 5.7l41.6 43.1H4c-2.2 0-4 1.7-4 3.9s1.7 4 3.9 4.1h148.7L111 101c-1.5 1.6-1.4 4.1.1 5.6 1.6 1.6 4.1 1.5 5.7 0z\"><\/path><\/svg><\/div><a class=\"ugb-image-box__overlay-link\" href=\"\/kuhinje-po-meri\/\" title=\"K\u00fcchen nach Mass\" aria-label=\"K\u00fcchen nach Mass\"><\/a><\/div><div class=\"ugb-image-box__item ugb-image-box__item2 ugb-image-box__box ugb--shadow-0\"><div class=\"ugb-image-box__box ugb-image-box__image-wrapper\"><div class=\"ugb-image-box__box ugb-image-box__image\" role=\"img\" aria-label=\"M\u00f6bel nach Mass\"><\/div><\/div><div class=\"ugb-image-box__box ugb-image-box__overlay\"><\/div><div class=\"ugb-image-box__box ugb-image-box__overlay-hover\"><\/div><div class=\"ugb-image-box__content\"><div class=\"ugb-image-box__header\"><h4 class=\"ugb-image-box__title\">M\u00f6bel nach Mass<\/h4><\/div><\/div><div class=\"ugb-image-box__arrow\"><svg viewbox=\"0 0 167.6 107.8\" xmlns=\"http:\/\/www.w3.org\/2000\/svg\"><path d=\"M116.8 106.6l50.8-52.7-50.9-52.7c-1.5-1.6-4.1-1.6-5.7-.1-1.6 1.5-1.6 4.1-.1 5.7l41.6 43.1H4c-2.2 0-4 1.7-4 3.9s1.7 4 3.9 4.1h148.7L111 101c-1.5 1.6-1.4 4.1.1 5.6 1.6 1.6 4.1 1.5 5.7 0z\"><\/path><\/svg><\/div><a class=\"ugb-image-box__overlay-link\" href=\"\/namestaj-po-meri\/\" title=\"M\u00f6bel nach Mass\" aria-label=\"M\u00f6bel nach Mass\"><\/a><\/div><div class=\"ugb-image-box__item ugb-image-box__item3 ugb-image-box__box ugb--shadow-0\"><div class=\"ugb-image-box__box ugb-image-box__image-wrapper\"><div class=\"ugb-image-box__box ugb-image-box__image\" role=\"img\" aria-label=\"Inox- Elemente\"><\/div><\/div><div class=\"ugb-image-box__box ugb-image-box__overlay\"><\/div><div class=\"ugb-image-box__box ugb-image-box__overlay-hover\"><\/div><div class=\"ugb-image-box__content\"><div class=\"ugb-image-box__header\"><h4 class=\"ugb-image-box__title\">Inox- Elemente<\/h4><\/div><\/div><div class=\"ugb-image-box__arrow\"><svg viewbox=\"0 0 167.6 107.8\" xmlns=\"http:\/\/www.w3.org\/2000\/svg\"><path d=\"M116.8 106.6l50.8-52.7-50.9-52.7c-1.5-1.6-4.1-1.6-5.7-.1-1.6 1.5-1.6 4.1-.1 5.7l41.6 43.1H4c-2.2 0-4 1.7-4 3.9s1.7 4 3.9 4.1h148.7L111 101c-1.5 1.6-1.4 4.1.1 5.6 1.6 1.6 4.1 1.5 5.7 0z\"><\/path><\/svg><\/div><a class=\"ugb-image-box__overlay-link\" href=\"https:\/\/bekostyle.com\/de\/inox-elemente-und-inox-mobel\/\" title=\"Inox- Elemente\" aria-label=\"Inox- Elemente\"><\/a><\/div><\/div><\/div><\/div>\n\n\n\n<div class=\"alignwide wp-block-ugb-image-box ugb-image-box ugb-be73a91 ugb-image-box--v4 ugb-image-box--columns-3 ugb-image-box--design-basic ugb-image-box--effect-blur-in ugb-image-box--with-arrow ugb-image-box--align-left ugb-main-block\"><style>.ugb-be73a91 .ugb-image-box__box{border-radius:0px !important}.ugb-be73a91 .ugb-image-box__item{height:334px !important;justify-content:flex-end !important}.ugb-be73a91 .ugb-image-box__item1 .ugb-image-box__image{background-image:url(https:\/\/bekostyle.com\/de\/wp-content\/uploads\/2021\/07\/tus-kabine-glavna.jpg)}.ugb-be73a91 .ugb-image-box__item2 .ugb-image-box__image{background-image:url(https:\/\/bekostyle.com\/de\/wp-content\/uploads\/2021\/07\/molerski-radovi-glavna.jpg)}.ugb-be73a91 .ugb-image-box__item3 .ugb-image-box__image{background-image:url(https:\/\/bekostyle.com\/de\/wp-content\/uploads\/2021\/07\/parketarski-radovi-glavna-1.jpg)}.ugb-be73a91 .ugb-image-box__item4 .ugb-image-box__image{background-image:url(https:\/\/bekostyle.com\/de\/wp-content\/uploads\/2021\/07\/izrada-kuhinja-po-meri-medijapan4-768x1024.jpg)}.ugb-be73a91 .ugb-image-box__item:not(:hover) .ugb-image-box__overlay{opacity:0.2 !important}.ugb-be73a91 .ugb-image-box__overlay-hover{background-color:#8ed1fc !important}.ugb-be73a91 .ugb-image-box__item:hover .ugb-image-box__overlay-hover{opacity:0.5 !important}.ugb-be73a91 .ugb-image-box__title{text-transform:uppercase !important;color:var(--stk-global-color-80953,#ffffff) !important;margin-bottom:10px !important}.ugb-be73a91 .ugb-image-box__arrow svg{fill:var(--stk-global-color-80953,#ffffff) !important}.ugb-be73a91 .ugb-image-box__arrow{text-align:left !important}.ugb-be73a91 .ugb-inner-block{text-align:left}@media screen and (min-width:768px){.ugb-be73a91.ugb-image-box{padding-top:5px !important;padding-bottom:5px !important}.ugb-be73a91 > .ugb-inner-block > .ugb-block-content > *{justify-content:flex-end}}@media screen and (min-width:768px) and (max-width:1025px){.ugb-be73a91 .ugb-image-box__item{height:300px !important}}@media screen and (max-width:768px){.ugb-be73a91 .ugb-image-box__item{height:300px !important}}<\/style><div class=\"ugb-inner-block\"><div class=\"ugb-block-content\"><div class=\"ugb-image-box__item ugb-image-box__item1 ugb-image-box__box ugb--shadow-0\"><div class=\"ugb-image-box__box ugb-image-box__image-wrapper\"><div class=\"ugb-image-box__box ugb-image-box__image\" role=\"img\" aria-label=\"Duschkabinen und Schalen\"><\/div><\/div><div class=\"ugb-image-box__box ugb-image-box__overlay\"><\/div><div class=\"ugb-image-box__box ugb-image-box__overlay-hover\"><\/div><div class=\"ugb-image-box__content\"><div class=\"ugb-image-box__header\"><h4 class=\"ugb-image-box__title\">Duschkabinen und Schalen<\/h4><\/div><\/div><div class=\"ugb-image-box__arrow\"><svg viewbox=\"0 0 167.6 107.8\" xmlns=\"http:\/\/www.w3.org\/2000\/svg\"><path d=\"M116.8 106.6l50.8-52.7-50.9-52.7c-1.5-1.6-4.1-1.6-5.7-.1-1.6 1.5-1.6 4.1-.1 5.7l41.6 43.1H4c-2.2 0-4 1.7-4 3.9s1.7 4 3.9 4.1h148.7L111 101c-1.5 1.6-1.4 4.1.1 5.6 1.6 1.6 4.1 1.5 5.7 0z\"><\/path><\/svg><\/div><a class=\"ugb-image-box__overlay-link\" href=\"\/tus-kabine-po-meri\/\" title=\"Duschkabinen und Schalen\" aria-label=\"Duschkabinen und Schalen\"><\/a><\/div><div class=\"ugb-image-box__item ugb-image-box__item2 ugb-image-box__box ugb--shadow-0\"><div class=\"ugb-image-box__box ugb-image-box__image-wrapper\"><div class=\"ugb-image-box__box ugb-image-box__image\" role=\"img\" aria-label=\"Malereiarbeiten\"><\/div><\/div><div class=\"ugb-image-box__box ugb-image-box__overlay\"><\/div><div class=\"ugb-image-box__box ugb-image-box__overlay-hover\"><\/div><div class=\"ugb-image-box__content\"><div class=\"ugb-image-box__header\"><h4 class=\"ugb-image-box__title\">Malereiarbeiten<\/h4><\/div><\/div><div class=\"ugb-image-box__arrow\"><svg viewbox=\"0 0 167.6 107.8\" xmlns=\"http:\/\/www.w3.org\/2000\/svg\"><path d=\"M116.8 106.6l50.8-52.7-50.9-52.7c-1.5-1.6-4.1-1.6-5.7-.1-1.6 1.5-1.6 4.1-.1 5.7l41.6 43.1H4c-2.2 0-4 1.7-4 3.9s1.7 4 3.9 4.1h148.7L111 101c-1.5 1.6-1.4 4.1.1 5.6 1.6 1.6 4.1 1.5 5.7 0z\"><\/path><\/svg><\/div><a class=\"ugb-image-box__overlay-link\" href=\"https:\/\/bekostyle.com\/de\/malereiarbeiten\/\" title=\"Malereiarbeiten\" aria-label=\"Malereiarbeiten\"><\/a><\/div><div class=\"ugb-image-box__item ugb-image-box__item3 ugb-image-box__box ugb--shadow-0\"><div class=\"ugb-image-box__box ugb-image-box__image-wrapper\"><div class=\"ugb-image-box__box ugb-image-box__image\" role=\"img\" aria-label=\"Parkettarbeiten\"><\/div><\/div><div class=\"ugb-image-box__box ugb-image-box__overlay\"><\/div><div class=\"ugb-image-box__box ugb-image-box__overlay-hover\"><\/div><div class=\"ugb-image-box__content\"><div class=\"ugb-image-box__header\"><h4 class=\"ugb-image-box__title\">Parkettarbeiten<\/h4><\/div><\/div><div class=\"ugb-image-box__arrow\"><svg viewbox=\"0 0 167.6 107.8\" xmlns=\"http:\/\/www.w3.org\/2000\/svg\"><path d=\"M116.8 106.6l50.8-52.7-50.9-52.7c-1.5-1.6-4.1-1.6-5.7-.1-1.6 1.5-1.6 4.1-.1 5.7l41.6 43.1H4c-2.2 0-4 1.7-4 3.9s1.7 4 3.9 4.1h148.7L111 101c-1.5 1.6-1.4 4.1.1 5.6 1.6 1.6 4.1 1.5 5.7 0z\"><\/path><\/svg><\/div><a class=\"ugb-image-box__overlay-link\" href=\"\/parketarski-radovi\/\" title=\"Parkettarbeiten\" aria-label=\"Parkettarbeiten\"><\/a><\/div><\/div><\/div><\/div>\n\n\n\n<h2 class=\"wp-block-heading\">Innenanordnung B\u00fcro<\/h2>\n\n\n\n<p>Wir haben mit den Konstrukteuren und Ingenieuren aus einigen weltbekannten Brands wie Roberto Cavalli, Carpisa, Segue, Calvin Klein, Retro zusammengearbeitet und wir haben Erfahrung in der modernen Innenanordnungen auf einem hohen Niveau. Als Ergebnis solches unseres Engagements und Professionalit\u00e4t ist auch der von der \u00e4sthetischen Abteilung Firma Roberto Cavalli Preis gekommen, die das Geb\u00e4ude in Novi Sad f\u00fcr das am sch\u00f6nsten entworfene und technisch ausgef\u00fchrte Gesch\u00e4ft im Gebiet Osteuropa erkl\u00e4rt hat.<\/p>\n\n\n\n<p>Wir besitzen auch die Lizenz Carpisa f\u00fcr die Ausf\u00fchrung der Innenarbeiten in ihren Geb\u00e4uden auf dem Gebiet Serbiens.<\/p>\n\n\n\n<div class=\"alignfull wp-block-ugb-cta ugb-cta ugb-4bd473a ugb-cta ugb-cta--v2 ugb-cta--design-plain ugb-main-block ugb--has-custom-content-width ugb--has-custom-content-width-tablet ugb--has-custom-content-width-mobile ugb-main-block--inner-full ugb--has-block-background ugb--has-background-overlay\"><style>.ugb-4bd473a .ugb-cta__title{font-size:42px !important;font-weight:600 !important;color:#ffffff}.ugb-4bd473a .ugb-cta__description{margin-bottom:45px !important;font-size:24px !important;color:#ffffff}.ugb-4bd473a .ugb-button .ugb-button--inner{font-family:\"IBM Plex Sans\",Sans-serif !important;font-size:18px !important;color:#ffffff !important}.ugb-4bd473a .ugb-button{border-color:#ffffff !important;border-radius:0px !important}.ugb-4bd473a .ugb-button:hover .ugb-button--inner{color:#ffffff !important}.ugb-4bd473a .ugb-button:before{border-radius:0px !important}.ugb-4bd473a.ugb-cta{background-color:#000000;background-image:url(https:\/\/bekostyle.com\/de\/wp-content\/uploads\/2021\/09\/namestaj-po-meri-baner.webp)}.ugb-4bd473a.ugb-cta > .ugb-inner-block{max-width:40% !important}.ugb-4bd473a.ugb-cta:before{background-color:#000000;opacity:0.6}@media screen and (max-width:1025px){.ugb-4bd473a.ugb-cta > .ugb-inner-block{max-width:70% !important}}@media screen and (max-width:768px){.ugb-4bd473a .ugb-cta__title{font-size:36px !important}.ugb-4bd473a.ugb-cta > .ugb-inner-block{max-width:80% !important}}@media screen and (min-width:768px){.ugb-4bd473a > .ugb-inner-block > .ugb-block-content > *{padding-top:30px !important;padding-bottom:30px !important}}<\/style><div class=\"ugb-inner-block ugb-inner-block--full\"><div class=\"ugb-block-content\"><div class=\"ugb-cta__item\"><h3 class=\"ugb-cta__title\">Planen Sie ein Projekt zu starten?<\/h3><p class=\"ugb-cta__description\">Unsere Experten sind bereit, mit Ihnen zusammenzuarbeiten!<\/p><div class=\"ugb-button-container\"><a class=\"ugb-button ugb-button--size-small ugb--hover-effect-lift ugb-button--design-ghost\" href=\"\" rel=\"\" title=\"\"><span class=\"ugb-button--inner\">Kontakt<\/span><\/a><\/div><\/div><\/div><\/div><\/div>\n","protected":false},"excerpt":{"rendered":"<p>Die Innenanordnung ist ausserordentlich wichtiger Faktor, der die Raumfunktionalit\u00e4t und -\u00e4sthetik bestimmt. Beim Entwerfen m\u00fcssen die W\u00fcnsche des Benutzers erf\u00fcllt werden, aber zugleich die Charakteristiken des Raums wie die Quelle &#8230; <\/p>\n<p class=\"read-more-container\"><a title=\"Innenanordnung\" class=\"read-more button\" href=\"https:\/\/bekostyle.com\/de\/innenanordnung\/#more-2133\" aria-label=\"Mehr Informationen \u00fcber Innenanordnung\">Op\u0161irnije<\/a><\/p>\n","protected":false},"author":1,"featured_media":0,"parent":0,"menu_order":0,"comment_status":"closed","ping_status":"closed","template":"","meta":{"_seopress_robots_primary_cat":"","_seopress_titles_title":"Innenanordnung | BekoStyle","_seopress_titles_desc":"Innenanordnung. Die Innenanordnung ist ausserordentlich wichtiger Faktor, der die Raumfunktionalit\u00e4t und -\u00e4sthetik bestimmt. Beim Entwerfen m\u00fcssen die ...","_seopress_robots_index":"","pgc_sgb_lightbox_settings":"","footnotes":""},"class_list":{"0":"post-2133","1":"page","2":"type-page","3":"status-publish","5":"no-featured-image-padding"},"featured_image_urls":{"full":"","thumbnail":"","medium":"","medium_large":"","large":"","1536x1536":"","2048x2048":""},"post_excerpt_stackable":"<p>Die Innenanordnung ist ausserordentlich wichtiger Faktor, der die Raumfunktionalit\u00e4t und -\u00e4sthetik bestimmt. Beim Entwerfen m\u00fcssen die W\u00fcnsche des Benutzers erf\u00fcllt werden, aber zugleich die Charakteristiken des Raums wie die Quelle des Tageslichtes, Konfiguration und Form des Raums und der Zweck des Raumes maximal ausgenutzt werden. Falls Sie eine Konzeption haben, ein Konzept oder eine schon fertige Ausf\u00fchrungsplanung, k\u00f6nnen wir in Beko Style f\u00fcr Sie die komplette Innenanordnung ausf\u00fchren. Unsere Leistungen fassen folgende T\u00e4tigkeiten um: Einbau von M\u00f6beln, Schr\u00e4nken, Regalen, T\u00fcren, Spiegeln, Betten, Sofas, Tischen sowie von Austellungselementen der M\u00f6bel, wenn Sie ein Gesch\u00e4ft oder B\u00fcro ausr\u00fcsten.Einbau und Einstellung BeleuchtungEinbau und&hellip;<\/p>\n","category_list":"","author_info":{"name":"timortis","url":"https:\/\/bekostyle.com\/de\/author\/timortis\/"},"comments_num":"0 comments","featured_image_urls_v2":{"full":"","thumbnail":"","medium":"","medium_large":"","large":"","1536x1536":"","2048x2048":""},"post_excerpt_stackable_v2":"<p>Die Innenanordnung ist ausserordentlich wichtiger Faktor, der die Raumfunktionalit\u00e4t und -\u00e4sthetik bestimmt. Beim Entwerfen m\u00fcssen die W\u00fcnsche des Benutzers erf\u00fcllt werden, aber zugleich die Charakteristiken des Raums wie die Quelle des Tageslichtes, Konfiguration und Form des Raums und der Zweck des Raumes maximal ausgenutzt werden. Falls Sie eine Konzeption haben, ein Konzept oder eine schon fertige Ausf\u00fchrungsplanung, k\u00f6nnen wir in Beko Style f\u00fcr Sie die komplette Innenanordnung ausf\u00fchren. Unsere Leistungen fassen folgende T\u00e4tigkeiten um: Einbau von M\u00f6beln, Schr\u00e4nken, Regalen, T\u00fcren, Spiegeln, Betten, Sofas, Tischen sowie von Austellungselementen der M\u00f6bel, wenn Sie ein Gesch\u00e4ft oder B\u00fcro ausr\u00fcsten.Einbau und Einstellung BeleuchtungEinbau und&hellip;<\/p>\n","category_list_v2":"","author_info_v2":{"name":"timortis","url":"https:\/\/bekostyle.com\/de\/author\/timortis\/"},"comments_num_v2":"0 comments","_links":{"self":[{"href":"https:\/\/bekostyle.com\/de\/wp-json\/wp\/v2\/pages\/2133","targetHints":{"allow":["GET"]}}],"collection":[{"href":"https:\/\/bekostyle.com\/de\/wp-json\/wp\/v2\/pages"}],"about":[{"href":"https:\/\/bekostyle.com\/de\/wp-json\/wp\/v2\/types\/page"}],"author":[{"embeddable":true,"href":"https:\/\/bekostyle.com\/de\/wp-json\/wp\/v2\/users\/1"}],"replies":[{"embeddable":true,"href":"https:\/\/bekostyle.com\/de\/wp-json\/wp\/v2\/comments?post=2133"}],"version-history":[{"count":3,"href":"https:\/\/bekostyle.com\/de\/wp-json\/wp\/v2\/pages\/2133\/revisions"}],"predecessor-version":[{"id":5172,"href":"https:\/\/bekostyle.com\/de\/wp-json\/wp\/v2\/pages\/2133\/revisions\/5172"}],"wp:attachment":[{"href":"https:\/\/bekostyle.com\/de\/wp-json\/wp\/v2\/media?parent=2133"}],"curies":[{"name":"wp","href":"https:\/\/api.w.org\/{rel}","templated":true}]}}