{"id":2194,"date":"2021-07-05T00:24:30","date_gmt":"2021-07-04T22:24:30","guid":{"rendered":"https:\/\/bekostyle.com\/de\/?page_id=2194"},"modified":"2021-10-04T00:02:06","modified_gmt":"2021-10-03T22:02:06","slug":"inox-elemente-und-inox-mobel","status":"publish","type":"page","link":"https:\/\/bekostyle.com\/de\/inox-elemente-und-inox-mobel\/","title":{"rendered":"Inox- Elemente und Inox-M\u00f6bel"},"content":{"rendered":"<style>#kt-layout-id_c88fa5-1c{margin-bottom:0px;}#kt-layout-id_c88fa5-1c > .kt-row-column-wrap{align-content:center;}:where(#kt-layout-id_c88fa5-1c > .kt-row-column-wrap) > .wp-block-kadence-column{justify-content:center;}#kt-layout-id_c88fa5-1c > .kt-row-column-wrap{column-gap:var(--global-kb-gap-md, 2rem);row-gap:var(--global-kb-gap-md, 2rem);padding-top:var( --global-kb-row-default-top, 25px );padding-bottom:var( --global-kb-row-default-bottom, 25px );padding-top:0px;padding-bottom:0px;grid-template-columns:repeat(2, minmax(0, 1fr));}#kt-layout-id_c88fa5-1c > .kt-row-layout-overlay{opacity:0.30;}@media all and (max-width: 1024px){#kt-layout-id_c88fa5-1c > .kt-row-column-wrap{grid-template-columns:repeat(2, minmax(0, 1fr));}}@media all and (max-width: 767px){#kt-layout-id_c88fa5-1c > .kt-row-column-wrap{padding-left:20px;padding-right:20px;grid-template-columns:minmax(0, 1fr);}}<\/style>\n<div class=\"wp-block-kadence-rowlayout alignwide\"><div id=\"kt-layout-id_c88fa5-1c\" class=\"kt-row-layout-inner kt-layout-id_c88fa5-1c\"><div class=\"kt-row-column-wrap kt-has-2-columns kt-gutter-default kt-v-gutter-default kt-row-valign-middle kt-row-layout-equal kt-tab-layout-inherit kt-m-colapse-left-to-right kt-mobile-layout-row\"><style>.kadence-column_664cd8-04 > .kt-inside-inner-col{border-top-width:0px;border-right-width:0px;border-bottom-width:0px;border-left-width:0px;}.kadence-column_664cd8-04 > .kt-inside-inner-col,.kadence-column_664cd8-04 > .kt-inside-inner-col:before{border-top-left-radius:0px;border-top-right-radius:0px;border-bottom-right-radius:0px;border-bottom-left-radius:0px;}.kadence-column_664cd8-04 > .kt-inside-inner-col{column-gap:var(--global-kb-gap-sm, 1rem);}.kadence-column_664cd8-04 > .kt-inside-inner-col{flex-direction:column;}.kadence-column_664cd8-04 > .kt-inside-inner-col > .aligncenter{width:100%;}.kadence-column_664cd8-04 > .kt-inside-inner-col:before{opacity:0.3;}.kadence-column_664cd8-04{position:relative;}@media all and (max-width: 1024px){.kadence-column_664cd8-04 > .kt-inside-inner-col{flex-direction:column;justify-content:center;}}@media all and (max-width: 767px){.kadence-column_664cd8-04 > .kt-inside-inner-col{flex-direction:column;justify-content:center;}}<\/style>\n<div class=\"wp-block-kadence-column inner-column-1 kadence-column_664cd8-04\"><div class=\"kt-inside-inner-col\">\n<figure class=\"wp-block-image size-large\"><img loading=\"lazy\" decoding=\"async\" width=\"1000\" height=\"668\" src=\"https:\/\/bekostyle.com\/de\/wp-content\/uploads\/2021\/07\/inox-po-meri-3.jpg\" alt=\"Inox elementi po meri\" class=\"wp-image-2195\" srcset=\"https:\/\/bekostyle.com\/de\/wp-content\/uploads\/2021\/07\/inox-po-meri-3.jpg 1000w, https:\/\/bekostyle.com\/de\/wp-content\/uploads\/2021\/07\/inox-po-meri-3-300x200.jpg 300w, https:\/\/bekostyle.com\/de\/wp-content\/uploads\/2021\/07\/inox-po-meri-3-768x513.jpg 768w, https:\/\/bekostyle.com\/de\/wp-content\/uploads\/2021\/07\/inox-po-meri-3-365x243.jpg 365w\" sizes=\"auto, (max-width: 1000px) 100vw, 1000px\" \/><\/figure>\n<\/div><\/div>\n\n\n<style>.kadence-column_88ac5a-63 > .kt-inside-inner-col{border-top-width:0px;border-right-width:0px;border-bottom-width:0px;border-left-width:0px;}.kadence-column_88ac5a-63 > .kt-inside-inner-col,.kadence-column_88ac5a-63 > .kt-inside-inner-col:before{border-top-left-radius:0px;border-top-right-radius:0px;border-bottom-right-radius:0px;border-bottom-left-radius:0px;}.kadence-column_88ac5a-63 > .kt-inside-inner-col{column-gap:var(--global-kb-gap-sm, 1rem);}.kadence-column_88ac5a-63 > .kt-inside-inner-col{flex-direction:column;}.kadence-column_88ac5a-63 > .kt-inside-inner-col > .aligncenter{width:100%;}.kadence-column_88ac5a-63 > .kt-inside-inner-col:before{opacity:0.3;}.kadence-column_88ac5a-63{position:relative;}@media all and (max-width: 1024px){.kadence-column_88ac5a-63 > .kt-inside-inner-col{flex-direction:column;justify-content:center;}}@media all and (max-width: 767px){.kadence-column_88ac5a-63 > .kt-inside-inner-col{flex-direction:column;justify-content:center;}}<\/style>\n<div class=\"wp-block-kadence-column inner-column-2 kadence-column_88ac5a-63\"><div class=\"kt-inside-inner-col\">\n<h2 class=\"wp-block-heading\">Inox- Elemente und Inox-M\u00f6bel nach Mass mit Montage<\/h2>\n\n\n\n<p>Wir bieten die Herstellung von Elementen des Innen- und Aussenraums aus Inox sowie ihre Montage und Wartung. <\/p>\n\n\n\n<p>Wir k\u00f6nnen die Elemente nach Ihrem Entwurf herstellen, aber auch Ihnen bei Design und Entwerfen von Schaukasten, Pulten, Bars und allen anderen Elementen helfen.<\/p>\n\n\n\n<p>Das Blech, das wir nutzen, k\u00f6nnen perforiert und voll sein. Die K\u00fchlung kann passiv oder aktiv sein, wobei wir wertvolle Kompressoren einbauen. Das K\u00fchlsystem ist selbstaufl\u00f6send. Wir bauen auch Heizungssysteme nach Ihren Erforderungen ein.<\/p>\n<\/div><\/div>\n<\/div><\/div><\/div>\n\n\n<style>#kt-layout-id_740c4e-f0{margin-bottom:0px;}#kt-layout-id_740c4e-f0 > .kt-row-column-wrap{align-content:start;}:where(#kt-layout-id_740c4e-f0 > .kt-row-column-wrap) > .wp-block-kadence-column{justify-content:start;}#kt-layout-id_740c4e-f0 > .kt-row-column-wrap{column-gap:var(--global-kb-gap-md, 2rem);row-gap:var(--global-kb-gap-md, 2rem);padding-top:var( --global-kb-row-default-top, 25px );padding-bottom:var( --global-kb-row-default-bottom, 25px );grid-template-columns:minmax(0, 1fr);}#kt-layout-id_740c4e-f0 > .kt-row-layout-overlay{opacity:0.30;}@media all and (max-width: 1024px){#kt-layout-id_740c4e-f0 > .kt-row-column-wrap{grid-template-columns:minmax(0, 1fr);}}@media all and (max-width: 767px){#kt-layout-id_740c4e-f0 > .kt-row-column-wrap{padding-left:20px;padding-right:20px;grid-template-columns:minmax(0, 1fr);}}<\/style>\n<div class=\"wp-block-kadence-rowlayout alignwide\"><div id=\"kt-layout-id_740c4e-f0\" class=\"kt-row-layout-inner kt-layout-id_740c4e-f0\"><div class=\"kt-row-column-wrap kt-has-1-columns kt-gutter-default kt-v-gutter-default kt-row-valign-top kt-row-layout-equal kt-tab-layout-inherit kt-m-colapse-left-to-right kt-mobile-layout-row\"><style>.kadence-column_4977ee-71 > .kt-inside-inner-col{border-top-width:0px;border-right-width:0px;border-bottom-width:0px;border-left-width:0px;}.kadence-column_4977ee-71 > .kt-inside-inner-col,.kadence-column_4977ee-71 > .kt-inside-inner-col:before{border-top-left-radius:0px;border-top-right-radius:0px;border-bottom-right-radius:0px;border-bottom-left-radius:0px;}.kadence-column_4977ee-71 > .kt-inside-inner-col{column-gap:var(--global-kb-gap-sm, 1rem);}.kadence-column_4977ee-71 > .kt-inside-inner-col{flex-direction:column;}.kadence-column_4977ee-71 > .kt-inside-inner-col > .aligncenter{width:100%;}.kadence-column_4977ee-71 > .kt-inside-inner-col:before{opacity:0.3;}.kadence-column_4977ee-71{position:relative;}@media all and (max-width: 1024px){.kadence-column_4977ee-71 > .kt-inside-inner-col{flex-direction:column;justify-content:center;}}@media all and (max-width: 767px){.kadence-column_4977ee-71 > .kt-inside-inner-col{flex-direction:column;justify-content:center;}}<\/style>\n<div class=\"wp-block-kadence-column inner-column-1 kadence-column_4977ee-71\"><div class=\"kt-inside-inner-col\">\n<p>Wir k\u00f6nnen folgende Produkte aus Inox erzeugen:<\/p>\n\n\n\n<ul class=\"wp-block-list\"><li>Ausr\u00fcstung f\u00fcr B\u00e4ckereien und Catering-Einrichtungen &#8211; Schaukasten mit geh\u00e4rtetem Glas<\/li><li>Bars mit Marmor-, Stein-, Glas- und Plexiglas-Fassade<\/li><li>Linien f\u00fcr Selbstbedienung<\/li><li>S\u00e4ule und Balustraden f\u00fcr Glasgel\u00e4nder und Treppen<\/li><li>Alle Arten von Pulten<\/li><li>Pizza-Pulte mit Inox-Arbeitsplatte und erbauten Schaukasten<\/li><li>Ausr\u00fcstung f\u00fcr die Metzger<\/li><li>Schaukasten (warm und k\u00fchl)<\/li><li>Kleinere Kioske (f\u00fcr den Verkauf von Eiern, Fleisch und K\u00e4se in den Marktgeb\u00e4uden)<\/li><li>Fast Food-Pulte<\/li><li>Regale f\u00fcr Brot und Geb\u00e4ck<\/li><\/ul>\n\n\n\n<h2 class=\"wp-block-heading\">Preise und Fristen der Herstellung Inox-Elementen und -m\u00f6beln<\/h2>\n\n\n\n<p>Wie Sie sehen, bieten wir unterschiedliche Leistungsarten im Gebiet Inoxbehandlung und wegen der spezifischen Anforderungen, die Sie nach unserem Glauben haben, ist es am besten, dass Sie uns an +003810642255243 anrufen oder uns eine E-Mail an info@bekostyle.com senden und im unmittelbaren Kontakt alle Preise unserer Leistungen erfahren. Wir sind f\u00fcr alle Arten von Verabredungen offen und wir bem\u00fchen, Ihnen in der wertvollsten und professionelsten Weise entgegenzukommmen.<\/p>\n\n\n\n<h2 class=\"wp-block-heading\">Vorteile von Inox<\/h2>\n\n\n\n<ul class=\"wp-block-list\"><li>Korrosionsbest\u00e4ndiges Material<\/li><li>Leichte Wartung<\/li><li>Kein magnetisches Material<\/li><li>Ein hohes Mass an Sterilit\u00e4t des Materials<\/li><li>Es kann geb\u00fcrstet oder poliert sein<\/li><\/ul>\n\n\n\n<h2 class=\"wp-block-heading\">Inox, rostfreier Stahl oder Edelstahl<\/h2>\n\n\n\n<p>Wenn Sie sich fragen, was ist der Unterschied zwischen diesen Namen, ist die richtige Antwort, dass es kein Unterschied gibt. Inox, rostfreier Stahl und Edelstahl sind n\u00e4mlich verschiedene Namen f\u00fcr dieselbe Metalart. Der popul\u00e4rste Name ist Inox, denn es erm\u00f6glicht leichtere Kommunikation weltweit. Der Hauptbestandteil, der dem Stahl beigef\u00fcgt wird, ist Chrom, obwohl der moderne Edelstahl Titan, Nickel und Molybd\u00e4n beinhaltet. Alle diese Elemente verbessern die Charakteristiken des Metals zus\u00e4tzlich, so dass es rostbest\u00e4ndig wird.<\/p>\n\n\n<style>#kt-layout-id_a1df27-2d{margin-bottom:0px;}#kt-layout-id_a1df27-2d > .kt-row-column-wrap{align-content:start;}:where(#kt-layout-id_a1df27-2d > .kt-row-column-wrap) > .wp-block-kadence-column{justify-content:start;}#kt-layout-id_a1df27-2d > .kt-row-column-wrap{column-gap:var(--global-kb-gap-md, 2rem);row-gap:var(--global-kb-gap-md, 2rem);padding-top:var( --global-kb-row-default-top, 25px );padding-bottom:var( --global-kb-row-default-bottom, 25px );padding-top:var(--global-kb-spacing-sm, 1.5rem);padding-bottom:var(--global-kb-spacing-sm, 1.5rem);grid-template-columns:minmax(0, 1fr);}#kt-layout-id_a1df27-2d > .kt-row-layout-overlay{opacity:0.30;}@media all and (max-width: 1024px){#kt-layout-id_a1df27-2d > .kt-row-column-wrap{grid-template-columns:minmax(0, 1fr);}}@media all and (max-width: 767px){#kt-layout-id_a1df27-2d > .kt-row-column-wrap{grid-template-columns:minmax(0, 1fr);}}<\/style>\n<div class=\"wp-block-kadence-rowlayout alignnone\"><div id=\"kt-layout-id_a1df27-2d\" class=\"kt-row-layout-inner kt-layout-id_a1df27-2d\"><div class=\"kt-row-column-wrap kt-has-1-columns kt-gutter-default kt-v-gutter-default kt-row-valign-top kt-row-layout-equal kt-tab-layout-inherit kt-m-colapse-left-to-right kt-mobile-layout-row\"><style>.kadence-column_2024a9-2b > .kt-inside-inner-col{border-top-width:0px;border-right-width:0px;border-bottom-width:0px;border-left-width:0px;}.kadence-column_2024a9-2b > .kt-inside-inner-col,.kadence-column_2024a9-2b > .kt-inside-inner-col:before{border-top-left-radius:0px;border-top-right-radius:0px;border-bottom-right-radius:0px;border-bottom-left-radius:0px;}.kadence-column_2024a9-2b > .kt-inside-inner-col{column-gap:var(--global-kb-gap-sm, 1rem);}.kadence-column_2024a9-2b > .kt-inside-inner-col{flex-direction:column;}.kadence-column_2024a9-2b > .kt-inside-inner-col > .aligncenter{width:100%;}.kadence-column_2024a9-2b > .kt-inside-inner-col:before{opacity:0.3;}.kadence-column_2024a9-2b{position:relative;}@media all and (max-width: 1024px){.kadence-column_2024a9-2b > .kt-inside-inner-col{flex-direction:column;justify-content:center;}}@media all and (max-width: 767px){.kadence-column_2024a9-2b > .kt-inside-inner-col{flex-direction:column;justify-content:center;}}<\/style>\n<div class=\"wp-block-kadence-column inner-column-1 kadence-column_2024a9-2b\"><div class=\"kt-inside-inner-col\"><div class=\"pgc-sgb-cb wp-block-pgcsimplygalleryblock-grid \" data-gallery-id=\"89a5fe20_1625437378834\"><div class=\"sgb-preloader\" id=\"pr_89a5fe20_1625437378834\">\n\t<div class=\"sgb-square\" style=\"background:#d4d4d4\"><\/div>\n\t<div class=\"sgb-square\" style=\"background:#d4d4d4\"><\/div>\n\t<div class=\"sgb-square\" style=\"background:#d4d4d4\"><\/div>\n\t<div class=\"sgb-square\" style=\"background:#d4d4d4\"><\/div><\/div><div class=\"simply-gallery-amp pgc_sgb_slider \"><noscript><div class=\"sgb-gallery\"><div class=\"sgb-item\"><a href=\"https:\/\/bekostyle.com\/de\/inox-elementi-po-meri\/inox-po-meri-1\/#main\" target=\"_blank\"><img decoding=\"async\" alt=\"Inox elementi po meri\" width=\"300\" height=\"200\" loading=\"lazy\" src=\"https:\/\/bekostyle.com\/de\/wp-content\/uploads\/2021\/07\/inox-po-meri-1-300x200.jpg\" srcset=\"https:\/\/bekostyle.com\/de\/wp-content\/uploads\/2021\/07\/inox-po-meri-1-300x200.jpg 300w,https:\/\/bekostyle.com\/de\/wp-content\/uploads\/2021\/07\/inox-po-meri-1.jpg 1000w\" sizes=\"auto, 250px\"\/><\/a><\/div><div class=\"sgb-item\"><a href=\"https:\/\/bekostyle.com\/de\/inox-elementi-po-meri\/inox-po-meri-2\/#main\" target=\"_blank\"><img decoding=\"async\" alt=\"inox-po-meri-2\" width=\"300\" height=\"150\" loading=\"lazy\" src=\"https:\/\/bekostyle.com\/de\/wp-content\/uploads\/2021\/07\/inox-po-meri-2-300x150.jpg\" srcset=\"https:\/\/bekostyle.com\/de\/wp-content\/uploads\/2021\/07\/inox-po-meri-2-300x150.jpg 300w,https:\/\/bekostyle.com\/de\/wp-content\/uploads\/2021\/07\/inox-po-meri-2.jpg 1000w\" sizes=\"auto, 250px\"\/><\/a><\/div><\/div><\/noscript><\/div><script type=\"application\/json\" class=\"sgb-data\">{\"thumbClickAction\":\"useLightbox\",\"collectionColumns\":2,\"galleryType\":\"pgc_sgb_grid\",\"galleryId\":\"89a5fe20_1625437378834\",\"images\":[{\"id\":2196,\"title\":\"\",\"url\":\"https:\/\/bekostyle.com\/de\/wp-content\/uploads\/2021\/07\/inox-po-meri-1.jpg\",\"link\":\"https:\/\/bekostyle.com\/de\/inox-elementi-po-meri\/inox-po-meri-1\/#main\",\"alt\":\"Inox elementi po meri\",\"description\":\"\",\"caption\":\"\",\"mime\":\"image\/jpeg\",\"type\":\"image\",\"width\":1000,\"height\":667,\"sizes\":{\"thumbnail\":{\"height\":150,\"width\":150,\"url\":\"https:\/\/bekostyle.com\/de\/wp-content\/uploads\/2021\/07\/inox-po-meri-1-150x150.jpg\",\"orientation\":\"landscape\"},\"medium\":{\"height\":200,\"width\":300,\"url\":\"https:\/\/bekostyle.com\/de\/wp-content\/uploads\/2021\/07\/inox-po-meri-1-300x200.jpg\",\"orientation\":\"landscape\"},\"full\":{\"url\":\"https:\/\/bekostyle.com\/de\/wp-content\/uploads\/2021\/07\/inox-po-meri-1.jpg\",\"height\":667,\"width\":1000,\"orientation\":\"landscape\"}},\"meta\":false,\"postlink\":\"https:\/\/bekostyle.com\/de\/inox-elementi-po-meri\/inox-po-meri-1\/#main\"},{\"id\":2197,\"title\":\"\",\"url\":\"https:\/\/bekostyle.com\/de\/wp-content\/uploads\/2021\/07\/inox-po-meri-2.jpg\",\"link\":\"https:\/\/bekostyle.com\/de\/inox-elementi-po-meri\/inox-po-meri-2\/#main\",\"alt\":\"inox-po-meri-2\",\"description\":\"\",\"caption\":\"\",\"mime\":\"image\/jpeg\",\"type\":\"image\",\"width\":1000,\"height\":500,\"sizes\":{\"thumbnail\":{\"height\":150,\"width\":150,\"url\":\"https:\/\/bekostyle.com\/de\/wp-content\/uploads\/2021\/07\/inox-po-meri-2-150x150.jpg\",\"orientation\":\"landscape\"},\"medium\":{\"height\":150,\"width\":300,\"url\":\"https:\/\/bekostyle.com\/de\/wp-content\/uploads\/2021\/07\/inox-po-meri-2-300x150.jpg\",\"orientation\":\"landscape\"},\"full\":{\"url\":\"https:\/\/bekostyle.com\/de\/wp-content\/uploads\/2021\/07\/inox-po-meri-2.jpg\",\"height\":500,\"width\":1000,\"orientation\":\"landscape\"}},\"meta\":false,\"postlink\":\"https:\/\/bekostyle.com\/de\/inox-elementi-po-meri\/inox-po-meri-2\/#main\"}],\"itemsMetaDataCollection\":[],\"galleryData\":\"{\\u0022copyRProtection\\u0022:false,\\u0022copyRAlert\\u0022:\\u0022Hello, this photo is mine!\\u0022,\\u0022sliderScrollNavi\\u0022:false,\\u0022sliderNextPrevAnimation\\u0022:\\u0022animation\\u0022,\\u0022galleryScrollPositionControll\\u0022:false,\\u0022sliderVideoAutoPlay\\u0022:false,\\u0022sliderVideoLoop\\u0022:false,\\u0022sliderItemCounterEnable\\u0022:true,\\u0022sliderCaptionSrc\\u0022:\\u0022caption\\u0022,\\u0022sliderItemTitleEnable\\u0022:false,\\u0022sliderItemTitleFontSize\\u0022:18,\\u0022sliderItemTitleTextColor\\u0022:\\u0022rgba(255,255,255,1)\\u0022,\\u0022itemCounterColor\\u0022:\\u0022rgba(255,255,255,1)\\u0022,\\u0022sliderThumbBarEnable\\u0022:true,\\u0022sliderThumbBarHoverColor\\u0022:\\u0022rgba(240,240,240,1)\\u0022,\\u0022sliderBgColor\\u0022:\\u0022rgba(0,0,0,0.8)\\u0022,\\u0022sliderPreloaderColor\\u0022:\\u0022rgba(240,240,240,1)\\u0022,\\u0022sliderHeaderFooterBgColor\\u0022:\\u0022rgba(0,0,0,0.4)\\u0022,\\u0022sliderNavigationColor\\u0022:\\u0022rgba(0,0,0,1)\\u0022,\\u0022sliderNavigationColorOver\\u0022:\\u0022rgba(255,255,255,1)\\u0022,\\u0022sliderNavigationIconColor\\u0022:\\u0022rgba(255,255,255,1)\\u0022,\\u0022sliderNavigationIconColorOver\\u0022:\\u0022rgba(0,0,0,1)\\u0022,\\u0022sliderSlideshow\\u0022:true,\\u0022sliderSlideshowDelay\\u0022:8,\\u0022slideshowIndicatorColor\\u0022:\\u0022rgba(255,255,255,1)\\u0022,\\u0022slideshowIndicatorColorBg\\u0022:\\u0022rgba(255,255,255,0.5)\\u0022,\\u0022sliderThumbSubMenuBackgroundColor\\u0022:\\u0022rgba(255,255,255,0)\\u0022,\\u0022sliderThumbSubMenuBackgroundColorOver\\u0022:\\u0022rgba(255,255,255,1)\\u0022,\\u0022sliderThumbSubMenuIconColor\\u0022:\\u0022rgba(255,255,255,1)\\u0022,\\u0022sliderThumbSubMenuIconHoverColor\\u0022:\\u0022rgba(0,0,0,1)\\u0022,\\u0022sliderSocialShareEnabled\\u0022:true,\\u0022sliderZoomEnable\\u0022:true,\\u0022sliderFullscreenEnabled\\u0022:true,\\u0022modaBgColor\\u0022:\\u0022rgba(0,0,0,0.8)\\u0022,\\u0022modalIconColor\\u0022:\\u0022rgba(255,255,255,1)\\u0022,\\u0022modalIconColorHover\\u0022:\\u0022rgba(255,255,255,0.8)\\u0022,\\u0022shareFacebook\\u0022:true,\\u0022shareTwitter\\u0022:true,\\u0022sharePinterest\\u0022:true,\\u0022sliderItemDownload\\u0022:true,\\u0022shareCopyLink\\u0022:true,\\u0022sharePost\\u0022:\\u0022sharelink\\u0022,\\u0022tagsFilter\\u0022:false,\\u0022tagCloudAll\\u0022:\\u0022All\\u0022,\\u0022tagCloudBgColor\\u0022:\\u0022rgba(153,153,153,1)\\u0022,\\u0022tagCloudBgColorOver\\u0022:\\u0022rgba(253,253,253,1)\\u0022,\\u0022tagCloudTextColor\\u0022:\\u0022rgba(253,253,253,1)\\u0022,\\u0022tagCloudTextColorOver\\u0022:\\u0022rgba(153,153,153,1)\\u0022,\\u0022tagCloudFontSize\\u0022:16,\\u0022deepLinking\\u0022:false,\\u0022useLightbox\\u0022:true,\\u0022thumbClickAction\\u0022:\\u0022useLightbox\\u0022,\\u0022numItemsDisplayed\\u0022:0,\\u0022lazyLoading\\u0022:true,\\u0022contentNoPadding\\u0022:false,\\u0022galleryPreloaderColor\\u0022:\\u0022rgba(230,230,230,1)\\u0022,\\u0022galleryBgColor\\u0022:\\u0022rgba(0,0,0,0)\\u0022,\\u0022galleryBorderRadius\\u0022:0,\\u0022customCSS\\u0022:\\u0022\\u0022,\\u0022collectionColumns\\u0022:2,\\u0022thumbHieghtRation\\u0022:1,\\u0022collectionThumbRecomendedWidth\\u0022:200,\\u0022thumbSpacing\\u0022:5,\\u0022externalLink\\u0022:true,\\u0022externalLinkDefName\\u0022:\\u0022Read More\\u0022,\\u0022externalLinkTextColor\\u0022:\\u0022rgba(0,0,0,1)\\u0022,\\u0022externalLinkBgColor\\u0022:\\u0022rgba(255,255,255,1)\\u0022,\\u0022externalLinkFontSize\\u0022:18,\\u0022captions\\u0022:true,\\u0022captionSrc\\u0022:\\u0022caption\\u0022,\\u0022captionHAlign\\u0022:\\u0022top\\u0022,\\u0022collectionthumbHoverTitleFontSize\\u0022:18,\\u0022collectionthumbRoundedCorners\\u0022:0,\\u0022collectionthumbHoverTitleTextColor\\u0022:\\u0022rgba(255,255,255,1)\\u0022,\\u0022collectionthumbHoverTitleTextBgColor\\u0022:\\u0022rgba(0,0,0,0.8)\\u0022,\\u0022collectionthumbHoverBgColor\\u0022:\\u0022rgba(0,0,0,0.4)\\u0022,\\u0022collectionThumbSubMenuDownload\\u0022:true,\\u0022collectionThumbSubMenuShare\\u0022:true,\\u0022collectionThumbSubMenuBgColor\\u0022:\\u0022rgba(0,0,0,0.4)\\u0022,\\u0022collectionThumbSubMenuBgColorHover\\u0022:\\u0022rgba(255,255,255,1)\\u0022,\\u0022collectionThumbSubMenuIconColor\\u0022:\\u0022rgba(255,255,255,1)\\u0022,\\u0022collectionThumbSubMenuIconColorHover\\u0022:\\u0022rgba(0,0,0,1)\\u0022,\\u0022galleryType\\u0022:\\u0022pgc_sgb_grid\\u0022,\\u0022align\\u0022:\\u0022\\u0022,\\u0022galleryId\\u0022:\\u002289a5fe20_1625437378834\\u0022,\\u0022tagsListCustomMode\\u0022:false,\\u0022initGalleryByFirstTag\\u0022:false,\\u0022deepLinkingForTag\\u0022:false,\\u0022galleryTagsList\\u0022:[],\\u0022useClobalSettings\\u0022:false,\\u0022orderBy\\u0022:\\u0022custom\\u0022,\\u0022settingsModalIsOpen\\u0022:false,\\u0022skin\\u0022:\\u0022grid\\u0022}\"}<\/script><script>(function(){if(window.PGC_SGB && window.PGC_SGB.searcher){window.PGC_SGB.searcher.initBlocks()}})()<\/script><\/div><\/div><\/div>\n<\/div><\/div><\/div>\n<\/div><\/div>\n<\/div><\/div><\/div>\n\n\n\n<div class=\"alignfull wp-block-ugb-cta ugb-cta ugb-4bd473a ugb-cta ugb-cta--v2 ugb-cta--design-plain ugb-main-block ugb--has-custom-content-width ugb--has-custom-content-width-tablet ugb--has-custom-content-width-mobile ugb-main-block--inner-full ugb--has-block-background ugb--has-background-overlay\"><style>.ugb-4bd473a .ugb-cta__title{font-size:42px !important;font-weight:600 !important;color:#ffffff}.ugb-4bd473a .ugb-cta__description{margin-bottom:45px !important;font-size:24px !important;color:#ffffff}.ugb-4bd473a .ugb-button .ugb-button--inner{font-family:\"IBM Plex Sans\",Sans-serif !important;font-size:18px !important;color:#ffffff !important}.ugb-4bd473a .ugb-button{border-color:#ffffff !important;border-radius:0px !important}.ugb-4bd473a .ugb-button:hover .ugb-button--inner{color:#ffffff !important}.ugb-4bd473a .ugb-button:before{border-radius:0px !important}.ugb-4bd473a.ugb-cta{background-color:#000000;background-image:url(https:\/\/bekostyle.com\/de\/wp-content\/uploads\/2021\/09\/namestaj-po-meri-baner.webp)}.ugb-4bd473a.ugb-cta > .ugb-inner-block{max-width:40% !important}.ugb-4bd473a.ugb-cta:before{background-color:#000000;opacity:0.6}@media screen and (max-width:1025px){.ugb-4bd473a.ugb-cta > .ugb-inner-block{max-width:70% !important}}@media screen and (max-width:768px){.ugb-4bd473a .ugb-cta__title{font-size:36px !important}.ugb-4bd473a.ugb-cta > .ugb-inner-block{max-width:80% !important}}@media screen and (min-width:768px){.ugb-4bd473a > .ugb-inner-block > .ugb-block-content > *{padding-top:30px !important;padding-bottom:30px !important}}<\/style><div class=\"ugb-inner-block ugb-inner-block--full\"><div class=\"ugb-block-content\"><div class=\"ugb-cta__item\"><h3 class=\"ugb-cta__title\">Planen Sie ein Projekt zu starten?<\/h3><p class=\"ugb-cta__description\">Unsere Experten sind bereit, mit Ihnen zusammenzuarbeiten!<\/p><div class=\"ugb-button-container\"><a class=\"ugb-button ugb-button--size-small ugb--hover-effect-lift ugb-button--design-ghost\" href=\"\" rel=\"\" title=\"\"><span class=\"ugb-button--inner\">Kontakt<\/span><\/a><\/div><\/div><\/div><\/div><\/div>\n","protected":false},"excerpt":{"rendered":"<p>Inox- Elemente und Inox-M\u00f6bel nach Mass mit Montage Wir bieten die Herstellung von Elementen des Innen- und Aussenraums aus Inox sowie ihre Montage und Wartung. Wir k\u00f6nnen die Elemente nach &#8230; <\/p>\n<p class=\"read-more-container\"><a title=\"Inox- Elemente und Inox-M\u00f6bel\" class=\"read-more button\" href=\"https:\/\/bekostyle.com\/de\/inox-elemente-und-inox-mobel\/#more-2194\" aria-label=\"Mehr Informationen \u00fcber Inox- Elemente und Inox-M\u00f6bel\">Op\u0161irnije<\/a><\/p>\n","protected":false},"author":1,"featured_media":0,"parent":0,"menu_order":0,"comment_status":"closed","ping_status":"closed","template":"","meta":{"_seopress_robots_primary_cat":"","_seopress_titles_title":"Elemente und Inox-M\u00f6bel nach Mass mit Montage | BekoStyle","_seopress_titles_desc":"Inox- Elemente und Inox-M\u00f6bel nach Mass mit Montage. Wir bieten die Herstellung von Elementen des Innen- und Aussenraums aus Inox sowie ihre Montage und ...","_seopress_robots_index":"","pgc_sgb_lightbox_settings":"","footnotes":""},"class_list":{"0":"post-2194","1":"page","2":"type-page","3":"status-publish","5":"no-featured-image-padding"},"featured_image_urls":{"full":"","thumbnail":"","medium":"","medium_large":"","large":"","1536x1536":"","2048x2048":""},"post_excerpt_stackable":"<p>Inox- Elemente und Inox-M\u00f6bel nach Mass mit Montage Wir bieten die Herstellung von Elementen des Innen- und Aussenraums aus Inox sowie ihre Montage und Wartung. Wir k\u00f6nnen die Elemente nach Ihrem Entwurf herstellen, aber auch Ihnen bei Design und Entwerfen von Schaukasten, Pulten, Bars und allen anderen Elementen helfen. Das Blech, das wir nutzen, k\u00f6nnen perforiert und voll sein. Die K\u00fchlung kann passiv oder aktiv sein, wobei wir wertvolle Kompressoren einbauen. Das K\u00fchlsystem ist selbstaufl\u00f6send. Wir bauen auch Heizungssysteme nach Ihren Erforderungen ein. Wir k\u00f6nnen folgende Produkte aus Inox erzeugen: Ausr\u00fcstung f\u00fcr B\u00e4ckereien und Catering-Einrichtungen &#8211; Schaukasten mit geh\u00e4rtetem GlasBars&hellip;<\/p>\n","category_list":"","author_info":{"name":"timortis","url":"https:\/\/bekostyle.com\/de\/author\/timortis\/"},"comments_num":"0 comments","featured_image_urls_v2":{"full":"","thumbnail":"","medium":"","medium_large":"","large":"","1536x1536":"","2048x2048":""},"post_excerpt_stackable_v2":"<p>Inox- Elemente und Inox-M\u00f6bel nach Mass mit Montage Wir bieten die Herstellung von Elementen des Innen- und Aussenraums aus Inox sowie ihre Montage und Wartung. Wir k\u00f6nnen die Elemente nach Ihrem Entwurf herstellen, aber auch Ihnen bei Design und Entwerfen von Schaukasten, Pulten, Bars und allen anderen Elementen helfen. Das Blech, das wir nutzen, k\u00f6nnen perforiert und voll sein. Die K\u00fchlung kann passiv oder aktiv sein, wobei wir wertvolle Kompressoren einbauen. Das K\u00fchlsystem ist selbstaufl\u00f6send. Wir bauen auch Heizungssysteme nach Ihren Erforderungen ein. Wir k\u00f6nnen folgende Produkte aus Inox erzeugen: Ausr\u00fcstung f\u00fcr B\u00e4ckereien und Catering-Einrichtungen &#8211; Schaukasten mit geh\u00e4rtetem GlasBars&hellip;<\/p>\n","category_list_v2":"","author_info_v2":{"name":"timortis","url":"https:\/\/bekostyle.com\/de\/author\/timortis\/"},"comments_num_v2":"0 comments","_links":{"self":[{"href":"https:\/\/bekostyle.com\/de\/wp-json\/wp\/v2\/pages\/2194","targetHints":{"allow":["GET"]}}],"collection":[{"href":"https:\/\/bekostyle.com\/de\/wp-json\/wp\/v2\/pages"}],"about":[{"href":"https:\/\/bekostyle.com\/de\/wp-json\/wp\/v2\/types\/page"}],"author":[{"embeddable":true,"href":"https:\/\/bekostyle.com\/de\/wp-json\/wp\/v2\/users\/1"}],"replies":[{"embeddable":true,"href":"https:\/\/bekostyle.com\/de\/wp-json\/wp\/v2\/comments?post=2194"}],"version-history":[{"count":2,"href":"https:\/\/bekostyle.com\/de\/wp-json\/wp\/v2\/pages\/2194\/revisions"}],"predecessor-version":[{"id":5150,"href":"https:\/\/bekostyle.com\/de\/wp-json\/wp\/v2\/pages\/2194\/revisions\/5150"}],"wp:attachment":[{"href":"https:\/\/bekostyle.com\/de\/wp-json\/wp\/v2\/media?parent=2194"}],"curies":[{"name":"wp","href":"https:\/\/api.w.org\/{rel}","templated":true}]}}