{"id":58,"date":"2021-06-27T14:13:41","date_gmt":"2021-06-27T12:13:41","guid":{"rendered":"https:\/\/bekostyle.com\/de\/?page_id=58"},"modified":"2025-01-28T19:10:09","modified_gmt":"2025-01-28T18:10:09","slug":"kontakt","status":"publish","type":"page","link":"https:\/\/bekostyle.com\/de\/kontakt\/","title":{"rendered":"Kontakt"},"content":{"rendered":"<div class=\"gb-container gb-container-a271d367 alignwide\"><div class=\"gb-inside-container\">\n<div class=\"gb-grid-wrapper gb-grid-wrapper-14ab5db4\">\n<div class=\"gb-grid-column gb-grid-column-b69b0fa4\"><div class=\"gb-container gb-container-b69b0fa4\"><div class=\"gb-inside-container\">\n\n<h2 class=\"gb-headline gb-headline-fa1ee2ab gb-headline-text\">Beko Style<\/h2>\n\n\n\n<p class=\"gb-headline gb-headline-e6aa1a48 gb-headline-text\">Wenn Sie Fragen haben, f\u00fcr die Preise unserer Leistungen interessiert sind oder zus\u00e4tzliche Informationen m\u00f6chten, kontaktieren Sie uns per E-Mail oder Telefon.<\/p>\n\n\n\n<p class=\"gb-headline gb-headline-3f56c296\"><span class=\"gb-icon\"><svg aria-hidden=\"true\" role=\"img\" height=\"1em\" width=\"1em\" viewBox=\"0 0 384 512\" xmlns=\"http:\/\/www.w3.org\/2000\/svg\"><path fill=\"currentColor\" d=\"M172.268 501.67C26.97 291.031 0 269.413 0 192 0 85.961 85.961 0 192 0s192 85.961 192 192c0 77.413-26.97 99.031-172.268 309.67-9.535 13.774-29.93 13.773-39.464 0zM192 272c44.183 0 80-35.817 80-80s-35.817-80-80-80-80 35.817-80 80 35.817 80 80 80z\"><\/path><\/svg><\/span><span class=\"gb-headline-text\"><strong><strong>Address<\/strong>:<\/strong> 11000 Beograd, Srbija<\/span><\/p>\n\n\n\n<p class=\"gb-headline gb-headline-f0b4ddb4\"><span class=\"gb-icon\"><svg aria-hidden=\"true\" role=\"img\" height=\"1em\" width=\"1em\" viewBox=\"0 0 512 512\" xmlns=\"http:\/\/www.w3.org\/2000\/svg\"><path fill=\"currentColor\" d=\"M256 8C118.941 8 8 118.919 8 256c0 137.059 110.919 248 248 248 48.154 0 95.342-14.14 135.408-40.223 12.005-7.815 14.625-24.288 5.552-35.372l-10.177-12.433c-7.671-9.371-21.179-11.667-31.373-5.129C325.92 429.757 291.314 440 256 440c-101.458 0-184-82.542-184-184S154.542 72 256 72c100.139 0 184 57.619 184 160 0 38.786-21.093 79.742-58.17 83.693-17.349-.454-16.91-12.857-13.476-30.024l23.433-121.11C394.653 149.75 383.308 136 368.225 136h-44.981a13.518 13.518 0 0 0-13.432 11.993l-.01.092c-14.697-17.901-40.448-21.775-59.971-21.775-74.58 0-137.831 62.234-137.831 151.46 0 65.303 36.785 105.87 96 105.87 26.984 0 57.369-15.637 74.991-38.333 9.522 34.104 40.613 34.103 70.71 34.103C462.609 379.41 504 307.798 504 232 504 95.653 394.023 8 256 8zm-21.68 304.43c-22.249 0-36.07-15.623-36.07-40.771 0-44.993 30.779-72.729 58.63-72.729 22.292 0 35.601 15.241 35.601 40.77 0 45.061-33.875 72.73-58.161 72.73z\"><\/path><\/svg><\/span><span class=\"gb-headline-text\"><strong>email:<\/strong> <a href=\"mailto:info@bekostyle.com\">info@bekostyle.com<\/a><\/span><\/p>\n\n\n\n<p class=\"gb-headline gb-headline-5b0fbf43\"><span class=\"gb-icon\"><svg aria-hidden=\"true\" role=\"img\" height=\"1em\" width=\"1em\" viewBox=\"0 0 512 512\" xmlns=\"http:\/\/www.w3.org\/2000\/svg\"><path fill=\"currentColor\" d=\"M256 8C118.941 8 8 118.919 8 256c0 137.059 110.919 248 248 248 48.154 0 95.342-14.14 135.408-40.223 12.005-7.815 14.625-24.288 5.552-35.372l-10.177-12.433c-7.671-9.371-21.179-11.667-31.373-5.129C325.92 429.757 291.314 440 256 440c-101.458 0-184-82.542-184-184S154.542 72 256 72c100.139 0 184 57.619 184 160 0 38.786-21.093 79.742-58.17 83.693-17.349-.454-16.91-12.857-13.476-30.024l23.433-121.11C394.653 149.75 383.308 136 368.225 136h-44.981a13.518 13.518 0 0 0-13.432 11.993l-.01.092c-14.697-17.901-40.448-21.775-59.971-21.775-74.58 0-137.831 62.234-137.831 151.46 0 65.303 36.785 105.87 96 105.87 26.984 0 57.369-15.637 74.991-38.333 9.522 34.104 40.613 34.103 70.71 34.103C462.609 379.41 504 307.798 504 232 504 95.653 394.023 8 256 8zm-21.68 304.43c-22.249 0-36.07-15.623-36.07-40.771 0-44.993 30.779-72.729 58.63-72.729 22.292 0 35.601 15.241 35.601 40.77 0 45.061-33.875 72.73-58.161 72.73z\"><\/path><\/svg><\/span><span class=\"gb-headline-text\"><strong>email:<\/strong> <a href=\"mailto:info@bekostyle.com\"><\/a><a href=\"mailto:zoricabeko@bekostyle.com\">zoricabeko@bekostyle.com<\/a><\/span><\/p>\n\n\n\n<p class=\"gb-headline gb-headline-5016a66d\"><span class=\"gb-icon\"><svg aria-hidden=\"true\" role=\"img\" height=\"1em\" width=\"1em\" viewBox=\"0 0 512 512\" xmlns=\"http:\/\/www.w3.org\/2000\/svg\"><path fill=\"currentColor\" d=\"M493.4 24.6l-104-24c-11.3-2.6-22.9 3.3-27.5 13.9l-48 112c-4.2 9.8-1.4 21.3 6.9 28l60.6 49.6c-36 76.7-98.9 140.5-177.2 177.2l-49.6-60.6c-6.8-8.3-18.2-11.1-28-6.9l-112 48C3.9 366.5-2 378.1.6 389.4l24 104C27.1 504.2 36.7 512 48 512c256.1 0 464-207.5 464-464 0-11.2-7.7-20.9-18.6-23.4z\"><\/path><\/svg><\/span><span class=\"gb-headline-text\"><strong>tel:<\/strong> <a href=\"tel:+386 30354631\">+386 30354631<\/a><\/span><\/p>\n\n<\/div><\/div><\/div>\n\n<div class=\"gb-grid-column gb-grid-column-8bb183e3\"><div class=\"gb-container gb-container-8bb183e3\"><div class=\"gb-inside-container\">\n\n<h2 class=\"gb-headline gb-headline-48d1f1ab gb-headline-text\">Contact form<\/h2>\n\n\n<div class=\"wpforms-container wpforms-container-full wpforms-block wpforms-block-e769310b-e975-4b06-8ede-f8c37e56fd61\" id=\"wpforms-3211\"><form id=\"wpforms-form-3211\" class=\"wpforms-validate wpforms-form wpforms-ajax-form\" data-formid=\"3211\" method=\"post\" enctype=\"multipart\/form-data\" action=\"\/de\/wp-json\/wp\/v2\/pages\/58\" data-token=\"8e3137600b3c7cd00d08fcb3ecf490cf\" data-token-time=\"1776314125\"><noscript class=\"wpforms-error-noscript\">Bitte aktiviere JavaScript in deinem Browser, um dieses Formular fertigzustellen.<\/noscript><div class=\"wpforms-field-container\"><div id=\"wpforms-3211-field_3-container\" class=\"wpforms-field wpforms-field-text\" data-field-id=\"3\"><label class=\"wpforms-field-label\" for=\"wpforms-3211-field_3\">First and last name<\/label><input type=\"text\" id=\"wpforms-3211-field_3\" class=\"wpforms-field-medium\" name=\"wpforms[fields][3]\" ><\/div><div id=\"wpforms-3211-field_1-container\" class=\"wpforms-field wpforms-field-email\" data-field-id=\"1\"><label class=\"wpforms-field-label\" for=\"wpforms-3211-field_1\">Email <span class=\"wpforms-required-label\">*<\/span><\/label><input type=\"email\" id=\"wpforms-3211-field_1\" class=\"wpforms-field-medium wpforms-field-required\" name=\"wpforms[fields][1]\" spellcheck=\"false\" required><\/div><div id=\"wpforms-3211-field_2-container\" class=\"wpforms-field wpforms-field-textarea\" data-field-id=\"2\"><label class=\"wpforms-field-label\" for=\"wpforms-3211-field_2\">Your message  <span class=\"wpforms-required-label\">*<\/span><\/label><textarea id=\"wpforms-3211-field_2\" class=\"wpforms-field-medium wpforms-field-required\" name=\"wpforms[fields][2]\" required><\/textarea><\/div><\/div><!-- .wpforms-field-container --><div class=\"wpforms-recaptcha-container wpforms-is-recaptcha wpforms-is-recaptcha-type-v2\" ><div class=\"g-recaptcha\" data-sitekey=\"6LfpjbMdAAAAAJnqs2pVh9_V2Jw5fo1P0BbOcEXG\"><\/div><input type=\"text\" name=\"g-recaptcha-hidden\" class=\"wpforms-recaptcha-hidden\" style=\"position:absolute!important;clip:rect(0,0,0,0)!important;height:1px!important;width:1px!important;border:0!important;overflow:hidden!important;padding:0!important;margin:0!important;\" data-rule-recaptcha=\"1\"><\/div><div class=\"wpforms-submit-container\" ><input type=\"hidden\" name=\"wpforms[id]\" value=\"3211\"><input type=\"hidden\" name=\"page_title\" value=\"\"><input type=\"hidden\" name=\"page_url\" value=\"https:\/\/bekostyle.com\/de\/wp-json\/wp\/v2\/pages\/58\"><input type=\"hidden\" name=\"url_referer\" value=\"\"><button type=\"submit\" name=\"wpforms[submit]\" id=\"wpforms-submit-3211\" class=\"wpforms-submit\" data-alt-text=\"Sending...\" data-submit-text=\"Send\" aria-live=\"assertive\" value=\"wpforms-submit\">Send<\/button><img loading=\"lazy\" decoding=\"async\" src=\"https:\/\/bekostyle.com\/de\/wp-content\/plugins\/wpforms-lite\/assets\/images\/submit-spin.svg\" class=\"wpforms-submit-spinner\" style=\"display: none;\" width=\"26\" height=\"26\" alt=\"Wird geladen\"><\/div><\/form><\/div>  <!-- .wpforms-container -->\n<\/div><\/div><\/div>\n<\/div>\n<\/div><\/div>","protected":false},"excerpt":{"rendered":"","protected":false},"author":1,"featured_media":0,"parent":0,"menu_order":0,"comment_status":"closed","ping_status":"closed","template":"","meta":{"_seopress_robots_primary_cat":"","_seopress_titles_title":"Kontakt | Beko Style","_seopress_titles_desc":"Beko Style. Wenn Sie Fragen haben, f\u00fcr die Preise unserer Leistungen interessiert sind oder zus\u00e4tzliche Informationen m\u00f6chten, kontaktieren Sie uns per ...","_seopress_robots_index":"","pgc_sgb_lightbox_settings":"","footnotes":""},"class_list":{"0":"post-58","1":"page","2":"type-page","3":"status-publish","5":"no-featured-image-padding"},"featured_image_urls":{"full":"","thumbnail":"","medium":"","medium_large":"","large":"","1536x1536":"","2048x2048":""},"post_excerpt_stackable":"<p>Beko Style Wenn Sie Fragen haben, f\u00fcr die Preise unserer Leistungen interessiert sind oder zus\u00e4tzliche Informationen m\u00f6chten, kontaktieren Sie uns per E-Mail oder Telefon. Address: 11000 Beograd, Srbija email: info@bekostyle.com email: zoricabeko@bekostyle.com tel: +386 30354631 Contact form Bitte aktiviere JavaScript in deinem Browser, um dieses Formular fertigzustellen.First and last nameEmail *Your message *Send<\/p>\n","category_list":"","author_info":{"name":"timortis","url":"https:\/\/bekostyle.com\/de\/author\/timortis\/"},"comments_num":"0 comments","featured_image_urls_v2":{"full":"","thumbnail":"","medium":"","medium_large":"","large":"","1536x1536":"","2048x2048":""},"post_excerpt_stackable_v2":"<p>Beko Style Wenn Sie Fragen haben, f\u00fcr die Preise unserer Leistungen interessiert sind oder zus\u00e4tzliche Informationen m\u00f6chten, kontaktieren Sie uns per E-Mail oder Telefon. Address: 11000 Beograd, Srbija email: info@bekostyle.com email: zoricabeko@bekostyle.com tel: +386 30354631 Contact form Bitte aktiviere JavaScript in deinem Browser, um dieses Formular fertigzustellen.First and last nameEmail *Your message *Send<\/p>\n","category_list_v2":"","author_info_v2":{"name":"timortis","url":"https:\/\/bekostyle.com\/de\/author\/timortis\/"},"comments_num_v2":"0 comments","_links":{"self":[{"href":"https:\/\/bekostyle.com\/de\/wp-json\/wp\/v2\/pages\/58","targetHints":{"allow":["GET"]}}],"collection":[{"href":"https:\/\/bekostyle.com\/de\/wp-json\/wp\/v2\/pages"}],"about":[{"href":"https:\/\/bekostyle.com\/de\/wp-json\/wp\/v2\/types\/page"}],"author":[{"embeddable":true,"href":"https:\/\/bekostyle.com\/de\/wp-json\/wp\/v2\/users\/1"}],"replies":[{"embeddable":true,"href":"https:\/\/bekostyle.com\/de\/wp-json\/wp\/v2\/comments?post=58"}],"version-history":[{"count":2,"href":"https:\/\/bekostyle.com\/de\/wp-json\/wp\/v2\/pages\/58\/revisions"}],"predecessor-version":[{"id":5831,"href":"https:\/\/bekostyle.com\/de\/wp-json\/wp\/v2\/pages\/58\/revisions\/5831"}],"wp:attachment":[{"href":"https:\/\/bekostyle.com\/de\/wp-json\/wp\/v2\/media?parent=58"}],"curies":[{"name":"wp","href":"https:\/\/api.w.org\/{rel}","templated":true}]}}