{"id":73,"date":"2021-07-01T12:51:03","date_gmt":"2021-07-01T10:51:03","guid":{"rendered":"https:\/\/bekostyle.com\/eng\/?page_id=73"},"modified":"2023-08-17T11:36:56","modified_gmt":"2023-08-17T09:36:56","slug":"references","status":"publish","type":"page","link":"https:\/\/bekostyle.com\/eng\/references\/","title":{"rendered":"References"},"content":{"rendered":"\n<h2 class=\"wp-block-heading\">Why choose us?<\/h2>\n\n\n\n<p>For seven years we have been working on various project where we were specialized in drywall installation, painting and interior design. During that period we were cooperating with many well-known brands.<\/p>\n\n\n\n<p>As a result of our dedication and hard word, aesthetic department of Roberto Cavalli named our shop in Novi Sad as the most beautiful and technically developed boutique in southeast Europe.<\/p>\n\n\n\n<p>Also, a big part of our activities is in construction and adaptation of private homes and apartments. Take a look at our portfolio and references and make sure of quality we presented our clients with so far.<\/p>\n\n\n\n<div style=\"height:50px\" aria-hidden=\"true\" class=\"wp-block-spacer\"><\/div>\n\n\n<div class=\"gb-container gb-container-a20d18ae alignwide\"><div class=\"gb-inside-container\">\n<div class=\"gb-grid-wrapper gb-grid-wrapper-603a703b\">\n<div class=\"gb-grid-column gb-grid-column-13a9d849\"><div class=\"gb-container gb-container-13a9d849\"><div class=\"gb-inside-container\">\n<div class=\"wp-block-image\">\n<figure class=\"aligncenter\"><img decoding=\"async\" src=\"https:\/\/bekostyle.com\/eng\/wp-content\/uploads\/2021\/07\/usce.jpg\" alt=\"image\"\/><\/figure>\n<\/div>\n\n\n<h4 class=\"gb-headline gb-headline-5865c3a4 gb-headline-text\">Tr\u017eni centar U\u0161\u0107e\u200b<\/h4>\n\n\n\n<p class=\"has-text-align-center\">Tr\u017eni centar Beograd<\/p>\n\n<\/div><\/div><\/div>\n\n<div class=\"gb-grid-column gb-grid-column-a22a57f8\"><div class=\"gb-container gb-container-a22a57f8\"><div class=\"gb-inside-container\">\n<div class=\"wp-block-image\">\n<figure class=\"aligncenter\"><img decoding=\"async\" src=\"https:\/\/bekostyle.com\/eng\/wp-content\/uploads\/2021\/07\/win-bet.jpg\" alt=\"image\"\/><\/figure>\n<\/div>\n\n\n<h4 class=\"gb-headline gb-headline-94c5123d gb-headline-text\">WinBet Slot club<\/h4>\n\n\n\n<p class=\"gb-headline gb-headline-212b3f1a gb-headline-text\">Slot Club Novi Sad<\/p>\n\n<\/div><\/div><\/div>\n\n<div class=\"gb-grid-column gb-grid-column-8308235c\"><div class=\"gb-container gb-container-8308235c\"><div class=\"gb-inside-container\">\n<div class=\"wp-block-image\">\n<figure class=\"aligncenter\"><img decoding=\"async\" src=\"https:\/\/bekostyle.com\/eng\/wp-content\/uploads\/2021\/07\/novi-sad.jpg\" alt=\"image\"\/><\/figure>\n<\/div>\n\n\n<h4 class=\"gb-headline gb-headline-beefc0c9 gb-headline-text\">Hotel Novi Sad<\/h4>\n\n\n\n<p class=\"gb-headline gb-headline-1ed3e113 gb-headline-text\">Novi Sad <\/p>\n\n<\/div><\/div><\/div>\n<\/div>\n<\/div><\/div>\n\n<div class=\"gb-container gb-container-1dfef05b alignwide\"><div class=\"gb-inside-container\">\n<div class=\"gb-grid-wrapper gb-grid-wrapper-38d69153\">\n<div class=\"gb-grid-column gb-grid-column-18904ca6\"><div class=\"gb-container gb-container-18904ca6\"><div class=\"gb-inside-container\">\n<div class=\"wp-block-image\">\n<figure class=\"aligncenter\"><img decoding=\"async\" src=\"https:\/\/bekostyle.com\/eng\/wp-content\/uploads\/2021\/07\/muhlbauer.jpg\" alt=\"image\"\/><\/figure>\n<\/div>\n\n\n<h4 class=\"gb-headline gb-headline-3f38734f gb-headline-text\">Muehlbauer Technologies d.o.o.\u200b<\/h4>\n\n\n\n<p class=\"has-text-align-center\">Muehlbauer Technologies d.o.o.<\/p>\n\n<\/div><\/div><\/div>\n\n<div class=\"gb-grid-column gb-grid-column-cb3b7fc6\"><div class=\"gb-container gb-container-cb3b7fc6\"><div class=\"gb-inside-container\">\n<div class=\"wp-block-image\">\n<figure class=\"aligncenter\"><img decoding=\"async\" src=\"https:\/\/bekostyle.com\/eng\/wp-content\/uploads\/2021\/07\/nis-gazprom.jpg\" alt=\"image\"\/><\/figure>\n<\/div>\n\n\n<h4 class=\"gb-headline gb-headline-0f766990 gb-headline-text\">NIS Gazprom d.o.o.<\/h4>\n\n\n\n<p class=\"gb-headline gb-headline-90ee91e6 gb-headline-text\">Novi Sad<\/p>\n\n<\/div><\/div><\/div>\n\n<div class=\"gb-grid-column gb-grid-column-7a8f138a\"><div class=\"gb-container gb-container-7a8f138a\"><div class=\"gb-inside-container\">\n<div class=\"wp-block-image\">\n<figure class=\"aligncenter\"><img decoding=\"async\" src=\"https:\/\/bekostyle.com\/eng\/wp-content\/uploads\/2021\/07\/srbija-voz.jpg\" alt=\"image\"\/><\/figure>\n<\/div>\n\n\n<h4 class=\"gb-headline gb-headline-fa1fa656 gb-headline-text\">Akcionarsko Drustvo za zeleznicki prevoz putnika &#8220;Srbija Voz&#8221;<\/h4>\n\n\n\n<p class=\"gb-headline gb-headline-bc1d9f5f gb-headline-text\">Beograd <\/p>\n\n<\/div><\/div><\/div>\n<\/div>\n<\/div><\/div>\n\n<div class=\"gb-container gb-container-ee7b9647 alignwide\"><div class=\"gb-inside-container\">\n<div class=\"gb-grid-wrapper gb-grid-wrapper-5173d95e\">\n<div class=\"gb-grid-column gb-grid-column-09845ab3\"><div class=\"gb-container gb-container-09845ab3\"><div class=\"gb-inside-container\">\n<div class=\"wp-block-image\">\n<figure class=\"aligncenter\"><img decoding=\"async\" src=\"https:\/\/bekostyle.com\/eng\/wp-content\/uploads\/2021\/07\/cavalli.jpg\" alt=\"image\"\/><\/figure>\n<\/div>\n\n\n<h4 class=\"gb-headline gb-headline-392f28ac gb-headline-text\">Roberto Cavalli<\/h4>\n\n\n\n<p class=\"has-text-align-center\">Kralja Petra, Vuka Karad\u017ei\u0107a &#8211; Beograd Laze Tele\u010dkog &#8211; Novi Sad<\/p>\n\n<\/div><\/div><\/div>\n\n<div class=\"gb-grid-column gb-grid-column-5c9bd524\"><div class=\"gb-container gb-container-5c9bd524\"><div class=\"gb-inside-container\">\n<div class=\"wp-block-image\">\n<figure class=\"aligncenter\"><img decoding=\"async\" src=\"https:\/\/bekostyle.com\/eng\/wp-content\/uploads\/2021\/07\/calvin.jpg\" alt=\"image\"\/><\/figure>\n<\/div>\n\n\n<h4 class=\"gb-headline gb-headline-4dc6efe7 gb-headline-text\"> Calvin Klein <\/h4>\n\n\n\n<p class=\"gb-headline gb-headline-0ef68e8b gb-headline-text\"> TC U\u0161\u0107e &#8211; Beograd <\/p>\n\n<\/div><\/div><\/div>\n\n<div class=\"gb-grid-column gb-grid-column-fa1ab8e5\"><div class=\"gb-container gb-container-fa1ab8e5\"><div class=\"gb-inside-container\">\n<div class=\"wp-block-image\">\n<figure class=\"aligncenter\"><img decoding=\"async\" src=\"https:\/\/bekostyle.com\/eng\/wp-content\/uploads\/2021\/07\/lacoste.jpg\" alt=\"image\"\/><\/figure>\n<\/div>\n\n\n<h4 class=\"gb-headline gb-headline-30769ba9 gb-headline-text\"> Lacoste a Voz&#8221;<\/h4>\n\n\n\n<p class=\"gb-headline gb-headline-3f348ac0 gb-headline-text\"> Knez Mihailova &#8211; Beograd<\/p>\n\n<\/div><\/div><\/div>\n<\/div>\n<\/div><\/div>\n\n<div class=\"gb-container gb-container-0dcbb39a alignwide\"><div class=\"gb-inside-container\">\n<div class=\"gb-grid-wrapper gb-grid-wrapper-d1393bb8\">\n<div class=\"gb-grid-column gb-grid-column-454ee24b\"><div class=\"gb-container gb-container-454ee24b\"><div class=\"gb-inside-container\">\n<div class=\"wp-block-image\">\n<figure class=\"aligncenter\"><img decoding=\"async\" src=\"https:\/\/bekostyle.com\/eng\/wp-content\/uploads\/2021\/07\/unicef.jpg\" alt=\"image\"\/><\/figure>\n<\/div>\n\n\n<h4 class=\"gb-headline gb-headline-54c23c18 gb-headline-text\">Unicef<\/h4>\n\n\n\n<p class=\"has-text-align-center\">Humanitarna organizacija Beograd<\/p>\n\n<\/div><\/div><\/div>\n\n<div class=\"gb-grid-column gb-grid-column-bfc87d2d\"><div class=\"gb-container gb-container-bfc87d2d\"><div class=\"gb-inside-container\">\n<div class=\"wp-block-image\">\n<figure class=\"aligncenter\"><img decoding=\"async\" src=\"https:\/\/bekostyle.com\/eng\/wp-content\/uploads\/2021\/07\/neven.jpg\" alt=\"image\"\/><\/figure>\n<\/div>\n\n\n<h4 class=\"gb-headline gb-headline-0265cb00 gb-headline-text\"> Apoteka Neven<\/h4>\n\n\n\n<p class=\"gb-headline gb-headline-8c12da87 gb-headline-text\"> Apoteka<br>Novi Sad<\/p>\n\n<\/div><\/div><\/div>\n\n<div class=\"gb-grid-column gb-grid-column-f210ce7e\"><div class=\"gb-container gb-container-f210ce7e\"><div class=\"gb-inside-container\">\n<div class=\"wp-block-image\">\n<figure class=\"aligncenter size-full\"><img loading=\"lazy\" decoding=\"async\" width=\"230\" height=\"100\" src=\"https:\/\/bekostyle.com\/eng\/wp-content\/uploads\/2021\/07\/kcentar.jpg\" alt=\"kcentar\" class=\"wp-image-118\"\/><\/figure>\n<\/div>\n\n\n<h4 class=\"gb-headline gb-headline-29c57fbb gb-headline-text\">  Klini\u010dki centar <\/h4>\n\n\n\n<p class=\"gb-headline gb-headline-18ef6807 gb-headline-text\">  Neurolo\u0161ko i infektivno odelenje Beograd d<\/p>\n\n<\/div><\/div><\/div>\n<\/div>\n<\/div><\/div>\n\n<div class=\"gb-container gb-container-07ffb4c3 alignwide\"><div class=\"gb-inside-container\">\n<div class=\"gb-grid-wrapper gb-grid-wrapper-bc6523db\">\n<div class=\"gb-grid-column gb-grid-column-3e257680\"><div class=\"gb-container gb-container-3e257680\"><div class=\"gb-inside-container\">\n<div class=\"wp-block-image\">\n<figure class=\"aligncenter size-full\"><img loading=\"lazy\" decoding=\"async\" width=\"230\" height=\"100\" src=\"https:\/\/bekostyle.com\/eng\/wp-content\/uploads\/2021\/07\/mama-shelter.jpg\" alt=\"mama-shelter\" class=\"wp-image-88\"\/><\/figure>\n<\/div>\n\n\n<h4 class=\"gb-headline gb-headline-9e3131a8 gb-headline-text\"> Mama shelter tar<\/h4>\n\n\n\n<p class=\"has-text-align-center\"> Sobe i restorani<br>Beograd <\/p>\n\n<\/div><\/div><\/div>\n\n<div class=\"gb-grid-column gb-grid-column-1192874e\"><div class=\"gb-container gb-container-1192874e\"><div class=\"gb-inside-container\">\n<div class=\"wp-block-image\">\n<figure class=\"aligncenter\"><img decoding=\"async\" src=\"https:\/\/bekostyle.com\/eng\/wp-content\/uploads\/2021\/07\/radio-bg.jpg\" alt=\"image\"\/><\/figure>\n<\/div>\n\n\n<h4 class=\"gb-headline gb-headline-bab89d6f gb-headline-text\">  Radio Beograd<\/h4>\n\n\n\n<p class=\"gb-headline gb-headline-15ae21bb gb-headline-text\">  Radio Beograd <\/p>\n\n<\/div><\/div><\/div>\n\n<div class=\"gb-grid-column gb-grid-column-21f6d57f\"><div class=\"gb-container gb-container-21f6d57f\"><div class=\"gb-inside-container\">\n<div class=\"wp-block-image\">\n<figure class=\"aligncenter\"><img decoding=\"async\" src=\"https:\/\/bekostyle.com\/eng\/wp-content\/uploads\/2021\/07\/beolink.jpg\" alt=\"image\"\/><\/figure>\n<\/div>\n\n\n<h4 class=\"gb-headline gb-headline-35b65c69 gb-headline-text\">  Beolink d.o.o.<\/h4>\n\n\n\n<p class=\"gb-headline gb-headline-96db6ac1 gb-headline-text\"> Software company Beograd<\/p>\n\n<\/div><\/div><\/div>\n<\/div>\n<\/div><\/div>\n\n<div class=\"gb-container gb-container-a068102e alignwide\"><div class=\"gb-inside-container\">\n<div class=\"gb-grid-wrapper gb-grid-wrapper-cdf487dd\">\n<div class=\"gb-grid-column gb-grid-column-0131b45f\"><div class=\"gb-container gb-container-0131b45f\"><div class=\"gb-inside-container\">\n<div class=\"wp-block-image\">\n<figure class=\"aligncenter\"><img decoding=\"async\" src=\"https:\/\/bekostyle.com\/eng\/wp-content\/uploads\/2021\/07\/tasmajdan.jpg\" alt=\"image\"\/><\/figure>\n<\/div>\n\n\n<h4 class=\"gb-headline gb-headline-c0612728 gb-headline-text\"> SC Ta\u0161majdan<\/h4>\n\n\n\n<p class=\"has-text-align-center\"> Sportski centar Beograd<\/p>\n\n<\/div><\/div><\/div>\n\n<div class=\"gb-grid-column gb-grid-column-a3d19756\"><div class=\"gb-container gb-container-a3d19756\"><div class=\"gb-inside-container\">\n<div class=\"wp-block-image\">\n<figure class=\"aligncenter\"><img decoding=\"async\" src=\"https:\/\/bekostyle.com\/eng\/wp-content\/uploads\/2021\/07\/inshape.jpg\" alt=\"image\"\/><\/figure>\n<\/div>\n\n\n<h4 class=\"gb-headline gb-headline-788c4939 gb-headline-text\">  In Shape<\/h4>\n\n\n\n<p class=\"gb-headline gb-headline-2f40f0b2 gb-headline-text\">  Online fitness studio Beograd <\/p>\n\n<\/div><\/div><\/div>\n\n<div class=\"gb-grid-column gb-grid-column-b718ef95\"><div class=\"gb-container gb-container-b718ef95\"><div class=\"gb-inside-container\">\n<div class=\"wp-block-image\">\n<figure class=\"aligncenter\"><img decoding=\"async\" src=\"https:\/\/bekostyle.com\/eng\/wp-content\/uploads\/2021\/07\/gorenje.jpg\" alt=\"image\"\/><\/figure>\n<\/div>\n\n\n<h4 class=\"gb-headline gb-headline-c24b667a gb-headline-text\">  Gorenje<\/h4>\n\n\n\n<p class=\"gb-headline gb-headline-5d45605f gb-headline-text\"> Fabrika u Valjevu i Zaje\u010daru<\/p>\n\n<\/div><\/div><\/div>\n<\/div>\n<\/div><\/div>\n\n<div class=\"gb-container gb-container-437cd553 alignwide\"><div class=\"gb-inside-container\">\n<div class=\"gb-grid-wrapper gb-grid-wrapper-5223cd94\">\n<div class=\"gb-grid-column gb-grid-column-f403d2c6\"><div class=\"gb-container gb-container-f403d2c6\"><div class=\"gb-inside-container\">\n<div class=\"wp-block-image\">\n<figure class=\"aligncenter\"><img decoding=\"async\" src=\"https:\/\/bekostyle.com\/eng\/wp-content\/uploads\/2021\/07\/lukoil.jpg\" alt=\"image\"\/><\/figure>\n<\/div>\n\n\n<h4 class=\"gb-headline gb-headline-509a6d70 gb-headline-text\"> Lukoil<\/h4>\n\n\n\n<p class=\"has-text-align-center\"> Pumpa Mihajlovac I Pumpa Mihajlovac II<\/p>\n\n<\/div><\/div><\/div>\n\n<div class=\"gb-grid-column gb-grid-column-44e3ad62\"><div class=\"gb-container gb-container-44e3ad62\"><div class=\"gb-inside-container\">\n<div class=\"wp-block-image\">\n<figure class=\"aligncenter\"><img decoding=\"async\" src=\"https:\/\/bekostyle.com\/eng\/wp-content\/uploads\/2021\/07\/edukativni.jpg\" alt=\"image\"\/><\/figure>\n<\/div>\n\n\n<h4 class=\"gb-headline gb-headline-46e673d3 gb-headline-text\"> Edukativni Centar<\/h4>\n\n\n\n<p class=\"gb-headline gb-headline-354e0a39 gb-headline-text\">  Industrijska 3 &#8211; Novi Sad <\/p>\n\n<\/div><\/div><\/div>\n\n<div class=\"gb-grid-column gb-grid-column-1d0ae38f\"><div class=\"gb-container gb-container-1d0ae38f\"><div class=\"gb-inside-container\">\n<div class=\"wp-block-image\">\n<figure class=\"aligncenter\"><img decoding=\"async\" src=\"https:\/\/bekostyle.com\/eng\/wp-content\/uploads\/2021\/07\/cafe.jpg\" alt=\"image\"\/><\/figure>\n<\/div>\n\n\n<h4 class=\"gb-headline gb-headline-1dfa947f gb-headline-text\">  Kafi\u0107 Telep<\/h4>\n\n\n\n<p class=\"gb-headline gb-headline-71f68aa8 gb-headline-text\"> Telep &#8211; Novi Sad<\/p>\n\n<\/div><\/div><\/div>\n<\/div>\n<\/div><\/div>\n\n<div class=\"gb-container gb-container-a2993dd0 alignwide\"><div class=\"gb-inside-container\">\n<div class=\"gb-grid-wrapper gb-grid-wrapper-fc0eceda\">\n<div class=\"gb-grid-column gb-grid-column-6dc3afb2\"><div class=\"gb-container gb-container-6dc3afb2\"><div class=\"gb-inside-container\">\n<div class=\"wp-block-image\">\n<figure class=\"aligncenter\"><img decoding=\"async\" src=\"https:\/\/bekostyle.com\/eng\/wp-content\/uploads\/2021\/07\/beocontrol.jpg\" alt=\"image\"\/><\/figure>\n<\/div>\n\n\n<h4 class=\"gb-headline gb-headline-a33cc28f gb-headline-text\"> Beocontrol<\/h4>\n\n\n\n<p class=\"has-text-align-center\"> Selidbe Altina, Zemun &#8211; Beograd<\/p>\n\n<\/div><\/div><\/div>\n\n<div class=\"gb-grid-column gb-grid-column-d30d6ca6\"><div class=\"gb-container gb-container-d30d6ca6\"><div class=\"gb-inside-container\">\n<div class=\"wp-block-image\">\n<figure class=\"aligncenter\"><img decoding=\"async\" src=\"https:\/\/bekostyle.com\/eng\/wp-content\/uploads\/2021\/07\/opfs.jpg\" alt=\"image\"\/><\/figure>\n<\/div>\n\n\n<h4 class=\"gb-headline gb-headline-060d22c4 gb-headline-text\"> Organizacija proizvo\u0111a\u010da fonograma Srbije<\/h4>\n\n\n\n<p class=\"gb-headline gb-headline-6c65cf9a gb-headline-text\">  Masarikova 5 &#8211; Beograd <\/p>\n\n<\/div><\/div><\/div>\n\n<div class=\"gb-grid-column gb-grid-column-7065ac18\"><div class=\"gb-container gb-container-7065ac18\"><div class=\"gb-inside-container\">\n<div class=\"wp-block-image\">\n<figure class=\"aligncenter\"><img decoding=\"async\" src=\"https:\/\/bekostyle.com\/eng\/wp-content\/uploads\/2021\/07\/carpisa.jpg\" alt=\"image\"\/><\/figure>\n<\/div>\n\n\n<h4 class=\"gb-headline gb-headline-33c4e33d gb-headline-text\">  Carpisa<\/h4>\n\n\n\n<p class=\"gb-headline gb-headline-b238743c gb-headline-text\"> Zmaj Jovina &#8211; Novi Sad Glavna ulica &#8211; Pan\u010devo<\/p>\n\n<\/div><\/div><\/div>\n<\/div>\n<\/div><\/div>\n\n<div class=\"gb-container gb-container-1081b952 alignwide\"><div class=\"gb-inside-container\">\n<div class=\"gb-grid-wrapper gb-grid-wrapper-18695e89\">\n<div class=\"gb-grid-column gb-grid-column-5ad30319\"><div class=\"gb-container gb-container-5ad30319\"><div class=\"gb-inside-container\">\n<div class=\"wp-block-image\">\n<figure class=\"aligncenter\"><img decoding=\"async\" src=\"https:\/\/bekostyle.com\/eng\/wp-content\/uploads\/2021\/07\/adidas.jpg\" alt=\"image\"\/><\/figure>\n<\/div>\n\n\n<h4 class=\"gb-headline gb-headline-1415fab2 gb-headline-text\"> Adidas 3M<\/h4>\n\n\n\n<p class=\"has-text-align-center\"> TC Mercator &#8211; Novi Sad TC Mercator &#8211; Ni\u0161<\/p>\n\n<\/div><\/div><\/div>\n\n<div class=\"gb-grid-column gb-grid-column-6aeb64e2\"><div class=\"gb-container gb-container-6aeb64e2\"><div class=\"gb-inside-container\">\n<div class=\"wp-block-image\">\n<figure class=\"aligncenter\"><img decoding=\"async\" src=\"https:\/\/bekostyle.com\/eng\/wp-content\/uploads\/2021\/07\/retro.jpg\" alt=\"image\"\/><\/figure>\n<\/div>\n\n\n<h4 class=\"gb-headline gb-headline-aed1d3d6 gb-headline-text\"> Organizacija proizvo\u0111a\u010da fonograma Srbije<\/h4>\n\n\n\n<p class=\"gb-headline gb-headline-f37181ab gb-headline-text\">  Masarikova 5 &#8211; Beograd <\/p>\n\n<\/div><\/div><\/div>\n\n<div class=\"gb-grid-column gb-grid-column-2d9e914f\"><div class=\"gb-container gb-container-2d9e914f\"><div class=\"gb-inside-container\">\n<div class=\"wp-block-image\">\n<figure class=\"aligncenter\"><img decoding=\"async\" src=\"https:\/\/bekostyle.com\/eng\/wp-content\/uploads\/2021\/07\/segue.jpg\" alt=\"image\"\/><\/figure>\n<\/div>\n\n\n<h4 class=\"gb-headline gb-headline-c66f1feb gb-headline-text\">  Segue<\/h4>\n\n\n\n<p class=\"gb-headline gb-headline-9885de56 gb-headline-text\"> Glavna ulica &#8211; \u0160abac, Smederevo, Valjevo Bulevar kralja Aleksandra &#8211; Beograd<\/p>\n\n<\/div><\/div><\/div>\n<\/div>\n<\/div><\/div>\n\n<div class=\"gb-container gb-container-c1dbdd54 alignwide\"><div class=\"gb-inside-container\">\n<div class=\"gb-grid-wrapper gb-grid-wrapper-311c8d5e\">\n<div class=\"gb-grid-column gb-grid-column-af7781c5\"><div class=\"gb-container gb-container-af7781c5\"><div class=\"gb-inside-container\">\n<div class=\"wp-block-image\">\n<figure class=\"aligncenter\"><img decoding=\"async\" src=\"https:\/\/bekostyle.com\/eng\/wp-content\/uploads\/2021\/07\/3m.jpg\" alt=\"image\"\/><\/figure>\n<\/div>\n\n\n<h4 class=\"gb-headline gb-headline-528bc064 gb-headline-text\"> 3M sportska oprema<\/h4>\n\n\n\n<p class=\"has-text-align-center\"> TC Mercator &#8211; Kragujevac<\/p>\n\n<\/div><\/div><\/div>\n\n<div class=\"gb-grid-column gb-grid-column-8de664b3\"><div class=\"gb-container gb-container-8de664b3\"><div class=\"gb-inside-container\">\n<div class=\"wp-block-image\">\n<figure class=\"aligncenter\"><img decoding=\"async\" src=\"https:\/\/bekostyle.com\/eng\/wp-content\/uploads\/2021\/07\/pollino.jpg\" alt=\"image\"\/><\/figure>\n<\/div>\n\n\n<h4 class=\"gb-headline gb-headline-7e44b5ce gb-headline-text\"> Pollino<\/h4>\n\n\n\n<p class=\"gb-headline gb-headline-85dc4ea7 gb-headline-text\">  Beograd, Novi Sad, Ni\u0161, Kragujevac, Valjevo, Obrenovac <\/p>\n\n<\/div><\/div><\/div>\n\n<div class=\"gb-grid-column gb-grid-column-e91ed85b\"><div class=\"gb-container gb-container-e91ed85b\"><div class=\"gb-inside-container\">\n<div class=\"wp-block-image\">\n<figure class=\"aligncenter\"><img decoding=\"async\" src=\"https:\/\/bekostyle.com\/eng\/wp-content\/uploads\/2021\/07\/chocoline.jpg\" alt=\"image\"\/><\/figure>\n<\/div>\n\n\n<h4 class=\"gb-headline gb-headline-038015e3 gb-headline-text\">  Chocoline<\/h4>\n\n\n\n<p class=\"gb-headline gb-headline-de76dc14 gb-headline-text\"> TC Mercator &#8211; Novi Sad<\/p>\n\n<\/div><\/div><\/div>\n<\/div>\n<\/div><\/div>\n\n<div class=\"gb-container gb-container-312d5f76 alignwide\"><div class=\"gb-inside-container\">\n<div class=\"gb-grid-wrapper gb-grid-wrapper-5c0ddad1\">\n<div class=\"gb-grid-column gb-grid-column-a697c7dd\"><div class=\"gb-container gb-container-a697c7dd\"><div class=\"gb-inside-container\">\n<div class=\"wp-block-image\">\n<figure class=\"aligncenter\"><img decoding=\"async\" src=\"https:\/\/bekostyle.com\/eng\/wp-content\/uploads\/2021\/08\/mts.jpg\" alt=\"image\"\/><\/figure>\n<\/div>\n\n\n<h4 class=\"gb-headline gb-headline-23d75d04 gb-headline-text\"> MTS<\/h4>\n\n\n\n<p class=\"has-text-align-center\"> MTS &#8211; Beograd<\/p>\n\n<\/div><\/div><\/div>\n\n<div class=\"gb-grid-column gb-grid-column-56324126\"><div class=\"gb-container gb-container-56324126\"><div class=\"gb-inside-container\">\n<div class=\"wp-block-image\">\n<figure class=\"aligncenter\"><img decoding=\"async\" src=\"https:\/\/bekostyle.com\/eng\/wp-content\/uploads\/2021\/08\/hyatt.jpg\" alt=\"image\"\/><\/figure>\n<\/div>\n\n\n<h4 class=\"gb-headline gb-headline-31a705ea gb-headline-text\"> Hyatt Regency<\/h4>\n\n\n\n<p class=\"gb-headline gb-headline-60b3c286 gb-headline-text\">  Beograd <\/p>\n\n<\/div><\/div><\/div>\n\n<div class=\"gb-grid-column gb-grid-column-8b8a6ab3\"><div class=\"gb-container gb-container-8b8a6ab3\"><div class=\"gb-inside-container\">\n<div class=\"wp-block-image\">\n<figure class=\"aligncenter\"><img decoding=\"async\" src=\"https:\/\/bekostyle.com\/eng\/wp-content\/uploads\/2021\/08\/delight.jpg\" alt=\"image\"\/><\/figure>\n<\/div>\n\n\n<h4 class=\"gb-headline gb-headline-21a86603 gb-headline-text\">  Delight<\/h4>\n\n\n\n<p class=\"gb-headline gb-headline-1b58dfff gb-headline-text\"> Office Solution<\/p>\n\n<\/div><\/div><\/div>\n<\/div>\n<\/div><\/div>\n\n<div class=\"gb-container gb-container-f8e720fe alignwide\"><div class=\"gb-inside-container\">\n<div class=\"gb-grid-wrapper gb-grid-wrapper-db65e332\">\n<div class=\"gb-grid-column gb-grid-column-a3f1eb8d\"><div class=\"gb-container gb-container-a3f1eb8d\"><div class=\"gb-inside-container\">\n<div class=\"wp-block-image\">\n<figure class=\"aligncenter\"><img decoding=\"async\" src=\"https:\/\/bekostyle.com\/eng\/wp-content\/uploads\/2021\/07\/megainvest.jpg\" alt=\"image\"\/><\/figure>\n<\/div>\n\n\n<h4 class=\"gb-headline gb-headline-2583458b gb-headline-text\"> Mega Invest<\/h4>\n\n\n\n<p class=\"has-text-align-center\"> Suboti\u010dki bulevar &#8211; Novi Sad<\/p>\n\n<\/div><\/div><\/div>\n\n<div class=\"gb-grid-column gb-grid-column-daaa4721\"><div class=\"gb-container gb-container-daaa4721\"><div class=\"gb-inside-container\">\n<div class=\"wp-block-image\">\n<figure class=\"aligncenter\"><img decoding=\"async\" src=\"https:\/\/bekostyle.com\/eng\/wp-content\/uploads\/2021\/07\/domzdravlja.jpg\" alt=\"image\"\/><\/figure>\n<\/div>\n\n\n<h4 class=\"gb-headline gb-headline-befb749b gb-headline-text\"> Dom zdravlja<\/h4>\n\n\n\n<p class=\"gb-headline gb-headline-c4b422c8 gb-headline-text\">  Temerin <\/p>\n\n<\/div><\/div><\/div>\n\n<div class=\"gb-grid-column gb-grid-column-3e841dfc\"><div class=\"gb-container gb-container-3e841dfc\"><div class=\"gb-inside-container\">\n<div class=\"wp-block-image\">\n<figure class=\"aligncenter\"><img decoding=\"async\" src=\"https:\/\/bekostyle.com\/eng\/wp-content\/uploads\/2021\/07\/stambena.jpg\" alt=\"image\"\/><\/figure>\n<\/div>\n\n\n<h4 class=\"gb-headline gb-headline-912fa207 gb-headline-text\">  Stambena zgrada Ciksa<\/h4>\n\n\n\n<p class=\"gb-headline gb-headline-7f3f2a39 gb-headline-text\"> Temerin<\/p>\n\n<\/div><\/div><\/div>\n<\/div>\n<\/div><\/div>","protected":false},"excerpt":{"rendered":"<p>Why choose us? For seven years we have been working on various project where we were specialized in drywall installation, painting and interior design. During that period we were cooperating &#8230; <\/p>\n<p class=\"read-more-container\"><a title=\"References\" class=\"read-more button\" href=\"https:\/\/bekostyle.com\/eng\/references\/#more-73\" aria-label=\"Read more about References\">Op\u0161irnije<\/a><\/p>\n","protected":false},"author":1,"featured_media":0,"parent":0,"menu_order":0,"comment_status":"closed","ping_status":"closed","template":"","meta":{"_seopress_robots_primary_cat":"","_seopress_titles_title":"Reference - Beko Style","_seopress_titles_desc":"References and recommendations of our work Beko Style, construction company.","_seopress_robots_index":"","pgc_sgb_lightbox_settings":"","footnotes":""},"class_list":{"0":"post-73","1":"page","2":"type-page","3":"status-publish","5":"no-featured-image-padding"},"featured_image_urls":{"full":"","thumbnail":"","medium":"","medium_large":"","large":"","1536x1536":"","2048x2048":""},"post_excerpt_stackable":"<p>Why choose us? For seven years we have been working on various project where we were specialized in drywall installation, painting and interior design. During that period we were cooperating with many well-known brands. As a result of our dedication and hard word, aesthetic department of Roberto Cavalli named our shop in Novi Sad as the most beautiful and technically developed boutique in southeast Europe. Also, a big part of our activities is in construction and adaptation of private homes and apartments. Take a look at our portfolio and references and make sure of quality we presented our clients with&hellip;<\/p>\n","category_list":"","author_info":{"name":"timortis","url":"https:\/\/bekostyle.com\/eng\/author\/timortis\/"},"comments_num":"0 comments","featured_image_urls_v2":{"full":"","thumbnail":"","medium":"","medium_large":"","large":"","1536x1536":"","2048x2048":""},"post_excerpt_stackable_v2":"<p>Why choose us? For seven years we have been working on various project where we were specialized in drywall installation, painting and interior design. During that period we were cooperating with many well-known brands. As a result of our dedication and hard word, aesthetic department of Roberto Cavalli named our shop in Novi Sad as the most beautiful and technically developed boutique in southeast Europe. Also, a big part of our activities is in construction and adaptation of private homes and apartments. Take a look at our portfolio and references and make sure of quality we presented our clients with&hellip;<\/p>\n","category_list_v2":"","author_info_v2":{"name":"timortis","url":"https:\/\/bekostyle.com\/eng\/author\/timortis\/"},"comments_num_v2":"0 comments","_links":{"self":[{"href":"https:\/\/bekostyle.com\/eng\/wp-json\/wp\/v2\/pages\/73","targetHints":{"allow":["GET"]}}],"collection":[{"href":"https:\/\/bekostyle.com\/eng\/wp-json\/wp\/v2\/pages"}],"about":[{"href":"https:\/\/bekostyle.com\/eng\/wp-json\/wp\/v2\/types\/page"}],"author":[{"embeddable":true,"href":"https:\/\/bekostyle.com\/eng\/wp-json\/wp\/v2\/users\/1"}],"replies":[{"embeddable":true,"href":"https:\/\/bekostyle.com\/eng\/wp-json\/wp\/v2\/comments?post=73"}],"version-history":[{"count":1,"href":"https:\/\/bekostyle.com\/eng\/wp-json\/wp\/v2\/pages\/73\/revisions"}],"predecessor-version":[{"id":5108,"href":"https:\/\/bekostyle.com\/eng\/wp-json\/wp\/v2\/pages\/73\/revisions\/5108"}],"wp:attachment":[{"href":"https:\/\/bekostyle.com\/eng\/wp-json\/wp\/v2\/media?parent=73"}],"curies":[{"name":"wp","href":"https:\/\/api.w.org\/{rel}","templated":true}]}}