{"id":13381,"date":"2022-10-12T13:03:21","date_gmt":"2022-10-12T11:03:21","guid":{"rendered":"https:\/\/bekostyle.com\/?page_id=13381"},"modified":"2026-03-20T13:51:33","modified_gmt":"2026-03-20T12:51:33","slug":"3d-dizajn-privatna-kuca-nemacka","status":"publish","type":"page","link":"https:\/\/bekostyle.com\/si\/3d-dizajn-privatna-kuca-nemacka\/","title":{"rendered":"3D dizajn privatne hi\u0161e v Nem\u010diji | Beko Style"},"content":{"rendered":"\n<figure class=\"wp-block-gallery has-nested-images columns-default is-cropped wp-block-gallery-1 is-layout-flex wp-block-gallery-is-layout-flex\" data-block-type=\"core\">\n<figure class=\"wp-block-image size-large\" data-block-type=\"core\"><img loading=\"lazy\" decoding=\"async\" width=\"700\" height=\"350\" data-id=\"13380\" src=\"https:\/\/bekostyle.com\/si\/wp-content\/uploads\/2022\/10\/1-1-1-sajt.jpg\" alt=\"\" class=\"wp-image-13380\" srcset=\"https:\/\/bekostyle.com\/si\/wp-content\/uploads\/2022\/10\/1-1-1-sajt.jpg 700w, https:\/\/bekostyle.com\/si\/wp-content\/uploads\/2022\/10\/1-1-1-sajt-300x150.jpg 300w\" sizes=\"auto, (max-width: 700px) 100vw, 700px\" \/><figcaption class=\"wp-element-caption\">3d prikaz beko style<\/figcaption><\/figure>\n\n\n\n<figure class=\"wp-block-image size-large\" data-block-type=\"core\"><img loading=\"lazy\" decoding=\"async\" width=\"700\" height=\"350\" data-id=\"13379\" src=\"https:\/\/bekostyle.com\/si\/wp-content\/uploads\/2022\/10\/1-2-2-sajt.jpg\" alt=\"\" class=\"wp-image-13379\" srcset=\"https:\/\/bekostyle.com\/si\/wp-content\/uploads\/2022\/10\/1-2-2-sajt.jpg 700w, https:\/\/bekostyle.com\/si\/wp-content\/uploads\/2022\/10\/1-2-2-sajt-300x150.jpg 300w\" sizes=\"auto, (max-width: 700px) 100vw, 700px\" \/><figcaption class=\"wp-element-caption\">3d prikaz beko style<\/figcaption><\/figure>\n\n\n\n<figure class=\"wp-block-image size-large\" data-block-type=\"core\"><img loading=\"lazy\" decoding=\"async\" width=\"700\" height=\"350\" data-id=\"13378\" src=\"https:\/\/bekostyle.com\/si\/wp-content\/uploads\/2022\/10\/1-3-3-sajt.jpg\" alt=\"\" class=\"wp-image-13378\" srcset=\"https:\/\/bekostyle.com\/si\/wp-content\/uploads\/2022\/10\/1-3-3-sajt.jpg 700w, https:\/\/bekostyle.com\/si\/wp-content\/uploads\/2022\/10\/1-3-3-sajt-300x150.jpg 300w\" sizes=\"auto, (max-width: 700px) 100vw, 700px\" \/><figcaption class=\"wp-element-caption\">3d prikaz beko style<\/figcaption><\/figure>\n\n\n\n<figure class=\"wp-block-image size-large\" data-block-type=\"core\"><img loading=\"lazy\" decoding=\"async\" width=\"700\" height=\"350\" data-id=\"13377\" src=\"https:\/\/bekostyle.com\/si\/wp-content\/uploads\/2022\/10\/1-4-4-sajt.jpg\" alt=\"\" class=\"wp-image-13377\" srcset=\"https:\/\/bekostyle.com\/si\/wp-content\/uploads\/2022\/10\/1-4-4-sajt.jpg 700w, https:\/\/bekostyle.com\/si\/wp-content\/uploads\/2022\/10\/1-4-4-sajt-300x150.jpg 300w\" sizes=\"auto, (max-width: 700px) 100vw, 700px\" \/><figcaption class=\"wp-element-caption\">3d prikaz beko style<\/figcaption><\/figure>\n\n\n\n<figure class=\"wp-block-image size-large\" data-block-type=\"core\"><img loading=\"lazy\" decoding=\"async\" width=\"750\" height=\"400\" data-id=\"13376\" src=\"https:\/\/bekostyle.com\/si\/wp-content\/uploads\/2022\/10\/1-5-in.jpg\" alt=\"\" class=\"wp-image-13376\" srcset=\"https:\/\/bekostyle.com\/si\/wp-content\/uploads\/2022\/10\/1-5-in.jpg 750w, https:\/\/bekostyle.com\/si\/wp-content\/uploads\/2022\/10\/1-5-in-300x160.jpg 300w\" sizes=\"auto, (max-width: 750px) 100vw, 750px\" \/><figcaption class=\"wp-element-caption\">3d prikaz beko style<\/figcaption><\/figure>\n\n\n\n<figure class=\"wp-block-image size-large\" data-block-type=\"core\"><img loading=\"lazy\" decoding=\"async\" width=\"750\" height=\"350\" data-id=\"13375\" src=\"https:\/\/bekostyle.com\/si\/wp-content\/uploads\/2022\/10\/1-6-dizajn-enterijera-beko-style.jpg\" alt=\"\" class=\"wp-image-13375\" srcset=\"https:\/\/bekostyle.com\/si\/wp-content\/uploads\/2022\/10\/1-6-dizajn-enterijera-beko-style.jpg 750w, https:\/\/bekostyle.com\/si\/wp-content\/uploads\/2022\/10\/1-6-dizajn-enterijera-beko-style-300x140.jpg 300w\" sizes=\"auto, (max-width: 750px) 100vw, 750px\" \/><figcaption class=\"wp-element-caption\">3d prikaz beko style<\/figcaption><\/figure>\n\n\n\n<figure class=\"wp-block-image size-large\" data-block-type=\"core\"><img loading=\"lazy\" decoding=\"async\" width=\"800\" height=\"400\" data-id=\"13374\" src=\"https:\/\/bekostyle.com\/si\/wp-content\/uploads\/2022\/10\/1-7-dizajn-enterijera-beko-style.jpg\" alt=\"\" class=\"wp-image-13374\" srcset=\"https:\/\/bekostyle.com\/si\/wp-content\/uploads\/2022\/10\/1-7-dizajn-enterijera-beko-style.jpg 800w, https:\/\/bekostyle.com\/si\/wp-content\/uploads\/2022\/10\/1-7-dizajn-enterijera-beko-style-300x150.jpg 300w, https:\/\/bekostyle.com\/si\/wp-content\/uploads\/2022\/10\/1-7-dizajn-enterijera-beko-style-768x384.jpg 768w\" sizes=\"auto, (max-width: 800px) 100vw, 800px\" \/><figcaption class=\"wp-element-caption\">3d prikaz beko style<\/figcaption><\/figure>\n<\/figure>\n","protected":false},"excerpt":{"rendered":"","protected":false},"author":3,"featured_media":0,"parent":0,"menu_order":0,"comment_status":"closed","ping_status":"closed","template":"","meta":{"_seopress_robots_primary_cat":"","_seopress_titles_title":"3D dizajn privatne hi\u0161e v Nem\u010diji | Beko Style","_seopress_titles_desc":"Fotorealisti\u010dni 3D renderji zasebne hi\u0161e v Nem\u010diji \u2013 zunanja in notranja vizualizacija, funkcionalna zasnova in sodoben dizajn.","_seopress_robots_index":"","pgc_sgb_lightbox_settings":"","footnotes":""},"class_list":{"0":"post-13381","1":"page","2":"type-page","3":"status-publish","5":"no-featured-image-padding"},"featured_image_urls_v2":{"full":"","thumbnail":"","medium":"","medium_large":"","large":"","1536x1536":"","2048x2048":""},"post_excerpt_stackable_v2":"<p>3d prikaz beko style 3d prikaz beko style 3d prikaz beko style 3d prikaz beko style 3d prikaz beko style 3d prikaz beko style 3d prikaz beko style<\/p>\n","category_list_v2":"","author_info_v2":{"name":"Zoricabg","url":"https:\/\/bekostyle.com\/si\/author\/zoricabg\/"},"comments_num_v2":"0 comments","_links":{"self":[{"href":"https:\/\/bekostyle.com\/si\/wp-json\/wp\/v2\/pages\/13381","targetHints":{"allow":["GET"]}}],"collection":[{"href":"https:\/\/bekostyle.com\/si\/wp-json\/wp\/v2\/pages"}],"about":[{"href":"https:\/\/bekostyle.com\/si\/wp-json\/wp\/v2\/types\/page"}],"author":[{"embeddable":true,"href":"https:\/\/bekostyle.com\/si\/wp-json\/wp\/v2\/users\/3"}],"replies":[{"embeddable":true,"href":"https:\/\/bekostyle.com\/si\/wp-json\/wp\/v2\/comments?post=13381"}],"version-history":[{"count":2,"href":"https:\/\/bekostyle.com\/si\/wp-json\/wp\/v2\/pages\/13381\/revisions"}],"predecessor-version":[{"id":19652,"href":"https:\/\/bekostyle.com\/si\/wp-json\/wp\/v2\/pages\/13381\/revisions\/19652"}],"wp:attachment":[{"href":"https:\/\/bekostyle.com\/si\/wp-json\/wp\/v2\/media?parent=13381"}],"curies":[{"name":"wp","href":"https:\/\/api.w.org\/{rel}","templated":true}]}}