{"id":1565,"date":"2021-07-04T02:33:15","date_gmt":"2021-07-04T00:33:15","guid":{"rendered":"https:\/\/bekostyle.com\/?page_id=1565"},"modified":"2023-10-10T11:35:52","modified_gmt":"2023-10-10T09:35:52","slug":"protipozarni-mavcni-sistemi","status":"publish","type":"page","link":"https:\/\/bekostyle.com\/si\/protipozarni-mavcni-sistemi\/","title":{"rendered":"Protipo\u017earni mav\u010dni sistemi"},"content":{"rendered":"<style>.kb-row-layout-wrap.wp-block-kadence-rowlayout.kb-row-layout-id1565_40aa99-49{margin-bottom:0px;}.kb-row-layout-id1565_40aa99-49 > .kt-row-column-wrap{align-content:center;}:where(.kb-row-layout-id1565_40aa99-49 > .kt-row-column-wrap) > .wp-block-kadence-column{justify-content:center;}.kb-row-layout-id1565_40aa99-49 > .kt-row-column-wrap{column-gap:var(--global-kb-gap-md, 2rem);row-gap:var(--global-kb-gap-md, 2rem);padding-top:0px;padding-right:20px;padding-bottom:0px;padding-left:20px;grid-template-columns:minmax(0, calc(40% - ((var(--global-kb-gap-md, 2rem) * 1 )\/2)))minmax(0, calc(60% - ((var(--global-kb-gap-md, 2rem) * 1 )\/2)));}.kb-row-layout-id1565_40aa99-49 > .kt-row-layout-overlay{opacity:0.30;}@media all and (max-width: 1024px){.kb-row-layout-id1565_40aa99-49 > .kt-row-column-wrap{grid-template-columns:repeat(2, minmax(0, 1fr));}}@media all and (max-width: 767px){.kb-row-layout-id1565_40aa99-49 > .kt-row-column-wrap{grid-template-columns:minmax(0, 1fr);}}<\/style><div class=\"kb-row-layout-wrap kb-row-layout-id1565_40aa99-49 alignwide wp-block-kadence-rowlayout\"><div class=\"kt-row-column-wrap kt-has-2-columns kt-row-layout-equal kt-tab-layout-inherit kt-mobile-layout-row kt-row-valign-middle\">\n<style>.kadence-column1565_eb9264-21 > .kt-inside-inner-col,.kadence-column1565_eb9264-21 > .kt-inside-inner-col:before{border-top-left-radius:0px;border-top-right-radius:0px;border-bottom-right-radius:0px;border-bottom-left-radius:0px;}.kadence-column1565_eb9264-21 > .kt-inside-inner-col{column-gap:var(--global-kb-gap-sm, 1rem);}.kadence-column1565_eb9264-21 > .kt-inside-inner-col{flex-direction:column;}.kadence-column1565_eb9264-21 > .kt-inside-inner-col > .aligncenter{width:100%;}.kadence-column1565_eb9264-21 > .kt-inside-inner-col:before{opacity:0.3;}.kadence-column1565_eb9264-21{position:relative;}@media all and (max-width: 1024px){.kadence-column1565_eb9264-21 > .kt-inside-inner-col{flex-direction:column;justify-content:center;}}@media all and (max-width: 767px){.kadence-column1565_eb9264-21 > .kt-inside-inner-col{flex-direction:column;justify-content:center;}}<\/style>\n<div class=\"wp-block-kadence-column kadence-column1565_eb9264-21 inner-column-1\"><div class=\"kt-inside-inner-col\">\n<figure class=\"wp-block-image size-full\" data-block-type=\"core\"><img loading=\"lazy\" decoding=\"async\" width=\"768\" height=\"1024\" src=\"https:\/\/bekostyle.com\/si\/wp-content\/uploads\/2023\/10\/Nenaslovljeni-dizajn-1.jpg\" alt=\"Protipo\u017earni mav\u010dni sistemi\" class=\"wp-image-17576\" srcset=\"https:\/\/bekostyle.com\/si\/wp-content\/uploads\/2023\/10\/Nenaslovljeni-dizajn-1.jpg 768w, https:\/\/bekostyle.com\/si\/wp-content\/uploads\/2023\/10\/Nenaslovljeni-dizajn-1-225x300.jpg 225w\" sizes=\"auto, (max-width: 768px) 100vw, 768px\" \/><figcaption class=\"wp-element-caption\"><a href=\"https:\/\/bekostyle.com\/si\/protivpozarni-gips-sistemi\/\" target=\"_blank\" rel=\"noreferrer noopener\">Protipo\u017earni mav\u010dni sistemi <\/a><\/figcaption><\/figure>\n<\/div><\/div>\n\n\n<style>.kadence-column1565_b31d84-13 > .kt-inside-inner-col,.kadence-column1565_b31d84-13 > .kt-inside-inner-col:before{border-top-left-radius:0px;border-top-right-radius:0px;border-bottom-right-radius:0px;border-bottom-left-radius:0px;}.kadence-column1565_b31d84-13 > .kt-inside-inner-col{column-gap:var(--global-kb-gap-sm, 1rem);}.kadence-column1565_b31d84-13 > .kt-inside-inner-col{flex-direction:column;}.kadence-column1565_b31d84-13 > .kt-inside-inner-col > .aligncenter{width:100%;}.kadence-column1565_b31d84-13 > .kt-inside-inner-col:before{opacity:0.3;}.kadence-column1565_b31d84-13{position:relative;}@media all and (max-width: 1024px){.kadence-column1565_b31d84-13 > .kt-inside-inner-col{flex-direction:column;justify-content:center;}}@media all and (max-width: 767px){.kadence-column1565_b31d84-13 > .kt-inside-inner-col{flex-direction:column;justify-content:center;}}<\/style>\n<div class=\"wp-block-kadence-column kadence-column1565_b31d84-13 inner-column-2\"><div class=\"kt-inside-inner-col\">\n<h2 class=\"wp-block-heading\" data-block-type=\"core\"><strong>Protipo\u017earni mav\u010dni sistemi<\/strong><\/h2>\n\n\n\n<p>Za\u0161\u010dita objektov in infrastrukture pred ognjem je zelo pomemben dejavnik, ko gre za projektni razvoj in izvr\u0161evanje gradbenih del. Glede na namen objekta, bo izku\u0161en projektant zagotovil ustrezno za\u0161\u010dito pred po\u017earom. <\/p>\n\n\n\n<p><a href=\"https:\/\/bekostyle.com\/si\/protivpozarni-gips-sistemi\/\" target=\"_blank\" rel=\"noreferrer noopener\">Protipo\u017earni sistem<\/a> je sestavljen iz naprav za zaznavanje po\u017eara, konstruktivnih pasivnih za\u0161\u010ditnih elementov in kon\u010dno aktivnih za\u0161\u010ditnih sistemov, ki neposredno slu\u017eijo pri ga\u0161enju po\u017earov.<\/p>\n\n\n\n<h3 class=\"wp-block-heading\" data-block-type=\"core\"><strong><a href=\"https:\/\/bekostyle.com\/si\/protipozarni-mavcni-sistemi\/\" data-type=\"link\" data-id=\"https:\/\/bekostyle.com\/si\/protivpozarni-gips-sistemi\/\" target=\"_blank\" rel=\"noreferrer noopener\">Protipo\u017earni mav\u010dni <\/a>sistemi predstavljajo pasivno za\u0161\u010ditno prepreko<\/strong><\/h3>\n\n\n\n<p>In sicer, v svoji naravni molekularni strukturi, mavec vsebuje vodo, ki je s pomo\u010djo procesa kristalizacije vezana \u0161e na druge molekule in na ta na\u010din formira tako imenovane hidrate. Ko je mav\u010dna plo\u0161\u010da izpostavljena toploti, gre voda iz stanja hidratov v vodno stanje in \u010de gre za izreden vir toplote, potem ta voda lahko celo izhlapeva. Vse to prispeva k za\u0161\u010ditnem u\u010dinku mav\u010dne plo\u0161\u010de pred ognjem.<\/p>\n\n\n\n<p>Ker mavec deluje kot ovira za podalj\u0161anje emisij toplote, se <a>bolj\u0161i<\/a> u\u010dinki dose\u017eejo z uporabo debelej\u0161e za\u0161\u010dite \u2013 z namestitvijo ve\u010d plo\u0161\u010d eno zraven druge. <\/p>\n<\/div><\/div>\n\n<\/div><\/div>\n\n<style>.kb-row-layout-wrap.wp-block-kadence-rowlayout.kb-row-layout-id1565_ffa198-5b{margin-bottom:0px;}.kb-row-layout-id1565_ffa198-5b > .kt-row-column-wrap{align-content:start;}:where(.kb-row-layout-id1565_ffa198-5b > .kt-row-column-wrap) > .wp-block-kadence-column{justify-content:start;}.kb-row-layout-id1565_ffa198-5b > .kt-row-column-wrap{column-gap:var(--global-kb-gap-md, 2rem);row-gap:var(--global-kb-gap-md, 2rem);padding-top:25px;padding-right:20px;padding-bottom:25px;padding-left:20px;grid-template-columns:minmax(0, 1fr);}.kb-row-layout-id1565_ffa198-5b > .kt-row-layout-overlay{opacity:0.30;}@media all and (max-width: 1024px){.kb-row-layout-id1565_ffa198-5b > .kt-row-column-wrap{grid-template-columns:minmax(0, 1fr);}}@media all and (max-width: 767px){.kb-row-layout-id1565_ffa198-5b > .kt-row-column-wrap{grid-template-columns:minmax(0, 1fr);}}<\/style><div class=\"kb-row-layout-wrap kb-row-layout-id1565_ffa198-5b alignwide wp-block-kadence-rowlayout\"><div class=\"kt-row-column-wrap kt-has-1-columns kt-row-layout-equal kt-tab-layout-inherit kt-mobile-layout-row kt-row-valign-top\">\n<style>.kadence-column1565_95307c-bc > .kt-inside-inner-col,.kadence-column1565_95307c-bc > .kt-inside-inner-col:before{border-top-left-radius:0px;border-top-right-radius:0px;border-bottom-right-radius:0px;border-bottom-left-radius:0px;}.kadence-column1565_95307c-bc > .kt-inside-inner-col{column-gap:var(--global-kb-gap-sm, 1rem);}.kadence-column1565_95307c-bc > .kt-inside-inner-col{flex-direction:column;}.kadence-column1565_95307c-bc > .kt-inside-inner-col > .aligncenter{width:100%;}.kadence-column1565_95307c-bc > .kt-inside-inner-col:before{opacity:0.3;}.kadence-column1565_95307c-bc{position:relative;}@media all and (max-width: 1024px){.kadence-column1565_95307c-bc > .kt-inside-inner-col{flex-direction:column;justify-content:center;}}@media all and (max-width: 767px){.kadence-column1565_95307c-bc > .kt-inside-inner-col{flex-direction:column;justify-content:center;}}<\/style>\n<div class=\"wp-block-kadence-column kadence-column1565_95307c-bc inner-column-1\"><div class=\"kt-inside-inner-col\">\n<h3 class=\"wp-block-heading\" data-block-type=\"core\">Prednosti uporabe mav\u010dne plo\u0161\u010de v po\u017earni za\u0161\u010diti:<\/h3>\n\n\n\n<ul class=\"wp-block-list\" data-block-type=\"core\">\n<li data-block-type=\"core\">kovinsko podstrukturo, ki ne gori<\/li>\n\n\n\n<li data-block-type=\"core\">Zelo enostavno je nastaviti sisteme za zaznavanje po\u017eara (dimne stroje in alarme)<\/li>\n\n\n\n<li data-block-type=\"core\">enostavno vgradite sisteme aktivne za\u0161\u010dite (pr\u0161ilniki in hidrantne naprave)<\/li>\n\n\n\n<li data-block-type=\"core\">Enostaven nadzor in revizija vseh sistemov v vsakem trenutku<\/li>\n<\/ul>\n\n\n\n<p>Zelo pomembno je o tem, da se uporabljajo kakovostni materiali in oprema, ki se o tem obvestijo v doma\u010dih in\u0161titutih in ki so v celoti v skladu z zakonskimi normativi in predpisi o varstvu pred po\u017earom.<\/p>\n\n\n\n<h2 class=\"wp-block-heading\" data-block-type=\"core\">Omet &#8211; navodila za postkva\u010dkanje<\/h2>\n\n\n\n<p>Cena je oblikovana na kvadrat pokrite povr\u0161ine. Mo\u017eno je narediti sistem na vrsto, pri katerem financiramo vsa dela in seveda je mo\u017eno, da izvajamo samo nastavitev sistema, material in opremo pa kupite vi na svoj ra\u010dun.<br>Najbolje je, da nas pokli\u010dete na 040\/882858 ali nam po\u0161ljete e-po\u0161to na <strong>info@bekostyle.com<\/strong> in v neposrednem stiku izveste vse cene na\u0161ih storitev. Odprti smo za vse vrste sporazumov in naredili bomo vse, kar je potrebno, da va\u0161e potrebe zadostimo na najkakovostnej\u0161i in najbolj strokovni na\u010din.<\/p>\n<\/div><\/div>\n\n<\/div><\/div>\n\n\n<div class=\"alignfull wp-block-ugb-cta ugb-cta ugb-4bd473a ugb-cta ugb-cta--v2 ugb-cta--design-plain ugb-main-block ugb--has-custom-content-width ugb--has-custom-content-width-tablet ugb--has-custom-content-width-mobile ugb-main-block--inner-full ugb--has-block-background ugb--has-background-overlay\"><style>.ugb-4bd473a .ugb-cta__title{font-size:42px !important;font-weight:600 !important;color:#ffffff}.ugb-4bd473a .ugb-cta__description{margin-bottom:45px !important;font-size:24px !important;color:#ffffff}.ugb-4bd473a .ugb-button .ugb-button--inner{font-family:\"IBM Plex Sans\",Sans-serif !important;font-size:18px !important;color:#ffffff !important}.ugb-4bd473a .ugb-button{border-color:#ffffff !important;border-radius:0px !important}.ugb-4bd473a .ugb-button:hover .ugb-button--inner{color:#ffffff !important}.ugb-4bd473a .ugb-button:before{border-radius:0px !important}.ugb-4bd473a.ugb-cta{background-color:#000000;background-image:url(https:\/\/bekostyle.com\/si\/wp-content\/uploads\/2021\/09\/namestaj-po-meri-baner.webp)}.ugb-4bd473a.ugb-cta > .ugb-inner-block{max-width:40% !important}.ugb-4bd473a.ugb-cta:before{background-color:#000000;opacity:0.6}@media screen and (max-width:1025px){.ugb-4bd473a.ugb-cta > .ugb-inner-block{max-width:70% !important}}@media screen and (max-width:768px){.ugb-4bd473a .ugb-cta__title{font-size:36px !important}.ugb-4bd473a.ugb-cta > .ugb-inner-block{max-width:80% !important}}@media screen and (min-width:768px){.ugb-4bd473a > .ugb-inner-block > .ugb-block-content > *{padding-top:30px !important;padding-bottom:30px !important}}<\/style><div class=\"ugb-inner-block ugb-inner-block--full\"><div class=\"ugb-block-content\"><div class=\"ugb-cta__item\"><h3 class=\"ugb-cta__title\">Ali nameravate za\u010deti projekt<\/h3><p class=\"ugb-cta__description\">Na\u0161i strokovnjaki so pripravljeni delati z vami!<\/p><div class=\"ugb-button-container\"><a class=\"ugb-button ugb-button--size-small ugb--hover-effect-lift ugb-button--design-ghost\" href=\"https:\/\/bekostyle.com\/si\/kontakt\/\" rel=\"\" title=\"\"><span class=\"ugb-button--inner\">Kontakt<\/span><\/a><\/div><\/div><\/div><\/div><\/div>\n","protected":false},"excerpt":{"rendered":"<p>Protipo\u017earni mav\u010dni sistemi Za\u0161\u010dita objektov in infrastrukture pred ognjem je &#8230; <\/p>\n<p class=\"read-more-container\"><a title=\"Protipo\u017earni mav\u010dni sistemi\" class=\"read-more button\" href=\"https:\/\/bekostyle.com\/si\/protipozarni-mavcni-sistemi\/#more-1565\" aria-label=\"Read more about Protipo\u017earni mav\u010dni sistemi\">Op\u0161irnije<\/a><\/p>\n","protected":false},"author":1,"featured_media":0,"parent":0,"menu_order":0,"comment_status":"closed","ping_status":"closed","template":"","meta":{"_seopress_robots_primary_cat":"","_seopress_titles_title":"Protipo\u017earni mav\u010dni sistemi | Beko Style","_seopress_titles_desc":"Protipo\u017earni mav\u010dni sistemi - Uporaba mav\u010dnih plo\u0161\u010da pri po\u017earni za\u0161\u010diti in uporaba sodobnih tehni\u010dnih re\u0161itev pri po\u017earni za\u0161\u010diti in prepre\u010devanju.","_seopress_robots_index":"","pgc_sgb_lightbox_settings":"","footnotes":""},"class_list":{"0":"post-1565","1":"page","2":"type-page","3":"status-publish","5":"no-featured-image-padding"},"featured_image_urls_v2":{"full":"","thumbnail":"","medium":"","medium_large":"","large":"","1536x1536":"","2048x2048":""},"post_excerpt_stackable_v2":"<p>Protipo\u017earni mav\u010dni sistemi Protipo\u017earni mav\u010dni sistemi Za\u0161\u010dita objektov in infrastrukture pred ognjem je zelo pomemben dejavnik, ko gre za projektni razvoj in izvr\u0161evanje gradbenih del. Glede na namen objekta, bo izku\u0161en projektant zagotovil ustrezno za\u0161\u010dito pred po\u017earom. Protipo\u017earni sistem je sestavljen iz naprav za zaznavanje po\u017eara, konstruktivnih pasivnih za\u0161\u010ditnih elementov in kon\u010dno aktivnih za\u0161\u010ditnih sistemov, ki neposredno slu\u017eijo pri ga\u0161enju po\u017earov. Protipo\u017earni mav\u010dni sistemi predstavljajo pasivno za\u0161\u010ditno prepreko In sicer, v svoji naravni molekularni strukturi, mavec vsebuje vodo, ki je s pomo\u010djo procesa kristalizacije vezana \u0161e na druge molekule in na ta na\u010din formira tako imenovane hidrate. Ko je mav\u010dna&hellip;<\/p>\n","category_list_v2":"","author_info_v2":{"name":"timortis","url":"https:\/\/bekostyle.com\/si\/author\/timortis\/"},"comments_num_v2":"0 comments","_links":{"self":[{"href":"https:\/\/bekostyle.com\/si\/wp-json\/wp\/v2\/pages\/1565","targetHints":{"allow":["GET"]}}],"collection":[{"href":"https:\/\/bekostyle.com\/si\/wp-json\/wp\/v2\/pages"}],"about":[{"href":"https:\/\/bekostyle.com\/si\/wp-json\/wp\/v2\/types\/page"}],"author":[{"embeddable":true,"href":"https:\/\/bekostyle.com\/si\/wp-json\/wp\/v2\/users\/1"}],"replies":[{"embeddable":true,"href":"https:\/\/bekostyle.com\/si\/wp-json\/wp\/v2\/comments?post=1565"}],"version-history":[{"count":0,"href":"https:\/\/bekostyle.com\/si\/wp-json\/wp\/v2\/pages\/1565\/revisions"}],"wp:attachment":[{"href":"https:\/\/bekostyle.com\/si\/wp-json\/wp\/v2\/media?parent=1565"}],"curies":[{"name":"wp","href":"https:\/\/api.w.org\/{rel}","templated":true}]}}