{"id":2068,"date":"2021-07-04T18:30:06","date_gmt":"2021-07-04T16:30:06","guid":{"rendered":"https:\/\/bekostyle.com\/?page_id=2068"},"modified":"2024-03-20T11:25:30","modified_gmt":"2024-03-20T10:25:30","slug":"vodovodne-in-ogrevalne-instalacije","status":"publish","type":"page","link":"https:\/\/bekostyle.com\/si\/vodovodne-in-ogrevalne-instalacije\/","title":{"rendered":"Vodovodne in ogrevalne in\u0161talacije"},"content":{"rendered":"<style>.kb-row-layout-wrap.wp-block-kadence-rowlayout.kb-row-layout-id2068_3f7d1e-e1{margin-bottom:0px;}.kb-row-layout-id2068_3f7d1e-e1 > .kt-row-column-wrap{align-content:center;}:where(.kb-row-layout-id2068_3f7d1e-e1 > .kt-row-column-wrap) > .wp-block-kadence-column{justify-content:center;}.kb-row-layout-id2068_3f7d1e-e1 > .kt-row-column-wrap{column-gap:var(--global-kb-gap-md, 2rem);row-gap:var(--global-kb-gap-md, 2rem);padding-top:0px;padding-bottom:0px;grid-template-columns:repeat(2, minmax(0, 1fr));}.kb-row-layout-id2068_3f7d1e-e1 > .kt-row-layout-overlay{opacity:0.30;}@media all and (max-width: 1024px){.kb-row-layout-id2068_3f7d1e-e1 > .kt-row-column-wrap{grid-template-columns:repeat(2, minmax(0, 1fr));}}@media all and (max-width: 767px){.kb-row-layout-id2068_3f7d1e-e1 > .kt-row-column-wrap{padding-right:20px;padding-left:20px;grid-template-columns:minmax(0, 1fr);}}<\/style><div class=\"kb-row-layout-wrap kb-row-layout-id2068_3f7d1e-e1 alignwide wp-block-kadence-rowlayout\"><div class=\"kt-row-column-wrap kt-has-2-columns kt-row-layout-equal kt-tab-layout-inherit kt-mobile-layout-row kt-row-valign-middle\">\n<style>.kadence-column2068_cfabac-2c > .kt-inside-inner-col,.kadence-column2068_cfabac-2c > .kt-inside-inner-col:before{border-top-left-radius:0px;border-top-right-radius:0px;border-bottom-right-radius:0px;border-bottom-left-radius:0px;}.kadence-column2068_cfabac-2c > .kt-inside-inner-col{column-gap:var(--global-kb-gap-sm, 1rem);}.kadence-column2068_cfabac-2c > .kt-inside-inner-col{flex-direction:column;}.kadence-column2068_cfabac-2c > .kt-inside-inner-col > .aligncenter{width:100%;}.kadence-column2068_cfabac-2c > .kt-inside-inner-col:before{opacity:0.3;}.kadence-column2068_cfabac-2c{position:relative;}@media all and (max-width: 1024px){.kadence-column2068_cfabac-2c > .kt-inside-inner-col{flex-direction:column;justify-content:center;}}@media all and (max-width: 767px){.kadence-column2068_cfabac-2c > .kt-inside-inner-col{flex-direction:column;justify-content:center;}}<\/style>\n<div class=\"wp-block-kadence-column kadence-column2068_cfabac-2c inner-column-1\"><div class=\"kt-inside-inner-col\">\n<figure class=\"wp-block-image size-large\" data-block-type=\"core\"><img loading=\"lazy\" decoding=\"async\" width=\"668\" height=\"1000\" src=\"https:\/\/bekostyle.com\/si\/wp-content\/uploads\/2021\/07\/vodovod-i-grejne-instalacije-1.jpg\" alt=\"Vodovodne i grejne instalacije\" class=\"wp-image-2070\" srcset=\"https:\/\/bekostyle.com\/si\/wp-content\/uploads\/2021\/07\/vodovod-i-grejne-instalacije-1.jpg 668w, https:\/\/bekostyle.com\/si\/wp-content\/uploads\/2021\/07\/vodovod-i-grejne-instalacije-1-200x300.jpg 200w\" sizes=\"auto, (max-width: 668px) 100vw, 668px\" \/><\/figure>\n<\/div><\/div>\n\n\n<style>.kadence-column2068_7ecacf-d3 > .kt-inside-inner-col,.kadence-column2068_7ecacf-d3 > .kt-inside-inner-col:before{border-top-left-radius:0px;border-top-right-radius:0px;border-bottom-right-radius:0px;border-bottom-left-radius:0px;}.kadence-column2068_7ecacf-d3 > .kt-inside-inner-col{column-gap:var(--global-kb-gap-sm, 1rem);}.kadence-column2068_7ecacf-d3 > .kt-inside-inner-col{flex-direction:column;}.kadence-column2068_7ecacf-d3 > .kt-inside-inner-col > .aligncenter{width:100%;}.kadence-column2068_7ecacf-d3 > .kt-inside-inner-col:before{opacity:0.3;}.kadence-column2068_7ecacf-d3{position:relative;}@media all and (max-width: 1024px){.kadence-column2068_7ecacf-d3 > .kt-inside-inner-col{flex-direction:column;justify-content:center;}}@media all and (max-width: 767px){.kadence-column2068_7ecacf-d3 > .kt-inside-inner-col{flex-direction:column;justify-content:center;}}<\/style>\n<div class=\"wp-block-kadence-column kadence-column2068_7ecacf-d3 inner-column-2\"><div class=\"kt-inside-inner-col\">\n<h2 class=\"wp-block-heading\" data-block-type=\"core\"><strong><a href=\"https:\/\/bekostyle.com\/vodovodne-i-grejne-instalacije\/\" target=\"_blank\" rel=\"noreferrer noopener\">Vodovodne in ogrevalne in\u0161talacije<\/a><\/strong><\/h2>\n\n\n\n<p>Pred zaklju\u010dnimi gradbenimi deli, vam Beko Style ponuja tudi storitve monta\u017ee in vgradnje vodovodnih in ogrevalnih in\u0161talacij.<\/p>\n\n\n\n<p>Delamo skladno s postavljenim projektom in v skladu z gradbenimi predpisi. Postavljamo ogrevalne in\u0161talacije od vira toplote do ogrevalnega telesa. Oblikujemo celoten sistem glede na va\u0161e zahteve in \u017eelje.<\/p>\n\n\n\n<p>Nudimo celovite re\u0161itve za vse vire ogrevanja (elektrika, plin, olje, \u010dvrsto gorivo).<\/p>\n\n\n\n<p>Pomagamo vam lahko tudi pri vgradnji in monta\u017ei vodovodnega sistema, v va\u0161em domu ali poslovnem prostoru. Na\u0161i mojstri so profesionalni in usposobljeni monterji, z ve\u010dletnimi izku\u0161njami na tem podro\u010dju gradbeni\u0161tva.<\/p>\n\n\n\n<h3 class=\"wp-block-heading\" data-block-type=\"core\"><strong>Cene vgradnje <strong><a href=\"https:\/\/bekostyle.com\/si\/talno-ogrevanje\/\" target=\"_blank\" rel=\"noreferrer noopener\">Vodovodne in ogrevalne in\u0161talacije<\/a><\/strong><\/strong><\/h3>\n\n\n\n<p>Kot ste lahko zasledili, nudimo razli\u010dne vrste storitev na podro\u010dju ogrevanja in vodovodnih in\u0161talacij. Zaradi posebnih zahtev, ki jih verjetno imate, predlagamo, da nas pokli\u010dete na telefonsko \u0161tevilko <strong>040\/882 &#8211; 858 <\/strong>ali nam po\u0161ljete elektronsko sporo\u010dilo na&nbsp;<strong>info@bekostyle.com<\/strong>&nbsp;in v neposrednem stiku z nami, lahko izveste cene vseh na\u0161ih storitev glede na va\u0161e zahteve. Odprti smo za vse vrste dogovorov in naredili bomo vse, kar je potrebno, da va\u0161im \u017eeljam ugodimo na najbolj kakovosten in strokoven na\u010din.<\/p>\n<\/div><\/div>\n\n<\/div><\/div>\n\n\n<div style=\"height:50px\" aria-hidden=\"true\" class=\"wp-block-spacer\" data-block-type=\"core\"><\/div>\n\n\n\n<div class=\"alignfull wp-block-ugb-cta ugb-cta ugb-4bd473a ugb-cta ugb-cta--v2 ugb-cta--design-plain ugb-main-block ugb--has-custom-content-width ugb--has-custom-content-width-tablet ugb--has-custom-content-width-mobile ugb-main-block--inner-full ugb--has-block-background ugb--has-background-overlay\"><style>.ugb-4bd473a .ugb-cta__title{font-size:42px !important;font-weight:600 !important;color:#ffffff}.ugb-4bd473a .ugb-cta__description{margin-bottom:45px !important;font-size:24px !important;color:#ffffff}.ugb-4bd473a .ugb-button .ugb-button--inner{font-family:\"IBM Plex Sans\",Sans-serif !important;font-size:18px !important;color:#ffffff !important}.ugb-4bd473a .ugb-button{border-color:#ffffff !important;border-radius:0px !important}.ugb-4bd473a .ugb-button:hover .ugb-button--inner{color:#ffffff !important}.ugb-4bd473a .ugb-button:before{border-radius:0px !important}.ugb-4bd473a.ugb-cta{background-color:#000000;background-image:url(https:\/\/bekostyle.com\/si\/wp-content\/uploads\/2021\/09\/namestaj-po-meri-baner.webp)}.ugb-4bd473a.ugb-cta > .ugb-inner-block{max-width:40% !important}.ugb-4bd473a.ugb-cta:before{background-color:#000000;opacity:0.6}@media screen and (max-width:1025px){.ugb-4bd473a.ugb-cta > .ugb-inner-block{max-width:70% !important}}@media screen and (max-width:768px){.ugb-4bd473a .ugb-cta__title{font-size:36px !important}.ugb-4bd473a.ugb-cta > .ugb-inner-block{max-width:80% !important}}@media screen and (min-width:768px){.ugb-4bd473a > .ugb-inner-block > .ugb-block-content > *{padding-top:30px !important;padding-bottom:30px !important}}<\/style><div class=\"ugb-inner-block ugb-inner-block--full\"><div class=\"ugb-block-content\"><div class=\"ugb-cta__item\"><h3 class=\"ugb-cta__title\">Ali nameravate za\u010deti projekt<\/h3><p class=\"ugb-cta__description\">Na\u0161i strokovnjaki so pripravljeni delati z vami!<\/p><div class=\"ugb-button-container\"><a class=\"ugb-button ugb-button--size-small ugb--hover-effect-lift ugb-button--design-ghost\" href=\"https:\/\/bekostyle.com\/si\/kontakt\/\" rel=\"\" title=\"\"><span class=\"ugb-button--inner\">Kontakt<\/span><\/a><\/div><\/div><\/div><\/div><\/div>\n","protected":false},"excerpt":{"rendered":"<p>Vodovodne in ogrevalne in\u0161talacije Pred zaklju\u010dnimi gradbenimi deli, vam Beko &#8230; <\/p>\n<p class=\"read-more-container\"><a title=\"Vodovodne in ogrevalne in\u0161talacije\" class=\"read-more button\" href=\"https:\/\/bekostyle.com\/si\/vodovodne-in-ogrevalne-instalacije\/#more-2068\" aria-label=\"Read more about Vodovodne in ogrevalne in\u0161talacije\">Op\u0161irnije<\/a><\/p>\n","protected":false},"author":1,"featured_media":0,"parent":0,"menu_order":0,"comment_status":"closed","ping_status":"closed","template":"","meta":{"_seopress_robots_primary_cat":"","_seopress_titles_title":"Vodovodne in ogrevalne in\u0161talacije - Beko Style","_seopress_titles_desc":"Vodovodne in ogrevalne in\u0161talacije - Monta\u017ea in monta\u017ea s strani profesionalnih obrtnikov z dolgoletnimi izku\u0161njami v na\u0161em podjetju +381642255243","_seopress_robots_index":"","pgc_sgb_lightbox_settings":"","footnotes":""},"class_list":{"0":"post-2068","1":"page","2":"type-page","3":"status-publish","5":"no-featured-image-padding"},"featured_image_urls_v2":{"full":"","thumbnail":"","medium":"","medium_large":"","large":"","1536x1536":"","2048x2048":""},"post_excerpt_stackable_v2":"<p>Vodovodne in ogrevalne in\u0161talacije Pred zaklju\u010dnimi gradbenimi deli, vam Beko Style ponuja tudi storitve monta\u017ee in vgradnje vodovodnih in ogrevalnih in\u0161talacij. Delamo skladno s postavljenim projektom in v skladu z gradbenimi predpisi. Postavljamo ogrevalne in\u0161talacije od vira toplote do ogrevalnega telesa. Oblikujemo celoten sistem glede na va\u0161e zahteve in \u017eelje. Nudimo celovite re\u0161itve za vse vire ogrevanja (elektrika, plin, olje, \u010dvrsto gorivo). Pomagamo vam lahko tudi pri vgradnji in monta\u017ei vodovodnega sistema, v va\u0161em domu ali poslovnem prostoru. Na\u0161i mojstri so profesionalni in usposobljeni monterji, z ve\u010dletnimi izku\u0161njami na tem podro\u010dju gradbeni\u0161tva. Cene vgradnje Vodovodne in ogrevalne in\u0161talacije Kot ste&hellip;<\/p>\n","category_list_v2":"","author_info_v2":{"name":"timortis","url":"https:\/\/bekostyle.com\/si\/author\/timortis\/"},"comments_num_v2":"0 comments","_links":{"self":[{"href":"https:\/\/bekostyle.com\/si\/wp-json\/wp\/v2\/pages\/2068","targetHints":{"allow":["GET"]}}],"collection":[{"href":"https:\/\/bekostyle.com\/si\/wp-json\/wp\/v2\/pages"}],"about":[{"href":"https:\/\/bekostyle.com\/si\/wp-json\/wp\/v2\/types\/page"}],"author":[{"embeddable":true,"href":"https:\/\/bekostyle.com\/si\/wp-json\/wp\/v2\/users\/1"}],"replies":[{"embeddable":true,"href":"https:\/\/bekostyle.com\/si\/wp-json\/wp\/v2\/comments?post=2068"}],"version-history":[{"count":0,"href":"https:\/\/bekostyle.com\/si\/wp-json\/wp\/v2\/pages\/2068\/revisions"}],"wp:attachment":[{"href":"https:\/\/bekostyle.com\/si\/wp-json\/wp\/v2\/media?parent=2068"}],"curies":[{"name":"wp","href":"https:\/\/api.w.org\/{rel}","templated":true}]}}