{"id":2118,"date":"2021-07-04T19:22:00","date_gmt":"2021-07-04T17:22:00","guid":{"rendered":"https:\/\/bekostyle.com\/?page_id=2118"},"modified":"2024-03-20T13:41:10","modified_gmt":"2024-03-20T12:41:10","slug":"obdelava-plocevine","status":"publish","type":"page","link":"https:\/\/bekostyle.com\/si\/obdelava-plocevine\/","title":{"rendered":"Obdelava plo\u010devine"},"content":{"rendered":"<style>.kb-row-layout-wrap.wp-block-kadence-rowlayout.kb-row-layout-id2118_7be9d6-4c{margin-bottom:0px;}.kb-row-layout-id2118_7be9d6-4c > .kt-row-column-wrap{align-content:center;}:where(.kb-row-layout-id2118_7be9d6-4c > .kt-row-column-wrap) > .wp-block-kadence-column{justify-content:center;}.kb-row-layout-id2118_7be9d6-4c > .kt-row-column-wrap{column-gap:var(--global-kb-gap-md, 2rem);row-gap:var(--global-kb-gap-md, 2rem);padding-top:0px;padding-bottom:0px;grid-template-columns:repeat(2, minmax(0, 1fr));}.kb-row-layout-id2118_7be9d6-4c > .kt-row-layout-overlay{opacity:0.30;}@media all and (max-width: 1024px){.kb-row-layout-id2118_7be9d6-4c > .kt-row-column-wrap{grid-template-columns:repeat(2, minmax(0, 1fr));}}@media all and (max-width: 767px){.kb-row-layout-id2118_7be9d6-4c > .kt-row-column-wrap{padding-right:20px;padding-left:20px;grid-template-columns:minmax(0, 1fr);}}<\/style><div class=\"kb-row-layout-wrap kb-row-layout-id2118_7be9d6-4c alignwide wp-block-kadence-rowlayout\"><div class=\"kt-row-column-wrap kt-has-2-columns kt-row-layout-equal kt-tab-layout-inherit kt-mobile-layout-row kt-row-valign-middle\">\n<style>.kadence-column2118_58ac91-df > .kt-inside-inner-col,.kadence-column2118_58ac91-df > .kt-inside-inner-col:before{border-top-left-radius:0px;border-top-right-radius:0px;border-bottom-right-radius:0px;border-bottom-left-radius:0px;}.kadence-column2118_58ac91-df > .kt-inside-inner-col{column-gap:var(--global-kb-gap-sm, 1rem);}.kadence-column2118_58ac91-df > .kt-inside-inner-col{flex-direction:column;}.kadence-column2118_58ac91-df > .kt-inside-inner-col > .aligncenter{width:100%;}.kadence-column2118_58ac91-df > .kt-inside-inner-col:before{opacity:0.3;}.kadence-column2118_58ac91-df{position:relative;}@media all and (max-width: 1024px){.kadence-column2118_58ac91-df > .kt-inside-inner-col{flex-direction:column;justify-content:center;}}@media all and (max-width: 767px){.kadence-column2118_58ac91-df > .kt-inside-inner-col{flex-direction:column;justify-content:center;}}<\/style>\n<div class=\"wp-block-kadence-column kadence-column2118_58ac91-df inner-column-1\"><div class=\"kt-inside-inner-col\">\n<figure class=\"wp-block-image size-large\" data-block-type=\"core\"><img loading=\"lazy\" decoding=\"async\" width=\"1024\" height=\"576\" src=\"https:\/\/bekostyle.com\/si\/wp-content\/uploads\/2021\/07\/limarski-radovi-1-1024x576.jpg\" alt=\"Limarski radovi\" class=\"wp-image-2123\" srcset=\"https:\/\/bekostyle.com\/si\/wp-content\/uploads\/2021\/07\/limarski-radovi-1-1024x576.jpg 1024w, https:\/\/bekostyle.com\/si\/wp-content\/uploads\/2021\/07\/limarski-radovi-1-300x169.jpg 300w, https:\/\/bekostyle.com\/si\/wp-content\/uploads\/2021\/07\/limarski-radovi-1-768x432.jpg 768w, https:\/\/bekostyle.com\/si\/wp-content\/uploads\/2021\/07\/limarski-radovi-1.jpg 1200w\" sizes=\"auto, (max-width: 1024px) 100vw, 1024px\" \/><\/figure>\n<\/div><\/div>\n\n\n<style>.kadence-column2118_a22182-f9 > .kt-inside-inner-col,.kadence-column2118_a22182-f9 > .kt-inside-inner-col:before{border-top-left-radius:0px;border-top-right-radius:0px;border-bottom-right-radius:0px;border-bottom-left-radius:0px;}.kadence-column2118_a22182-f9 > .kt-inside-inner-col{column-gap:var(--global-kb-gap-sm, 1rem);}.kadence-column2118_a22182-f9 > .kt-inside-inner-col{flex-direction:column;}.kadence-column2118_a22182-f9 > .kt-inside-inner-col > .aligncenter{width:100%;}.kadence-column2118_a22182-f9 > .kt-inside-inner-col:before{opacity:0.3;}.kadence-column2118_a22182-f9{position:relative;}@media all and (max-width: 1024px){.kadence-column2118_a22182-f9 > .kt-inside-inner-col{flex-direction:column;justify-content:center;}}@media all and (max-width: 767px){.kadence-column2118_a22182-f9 > .kt-inside-inner-col{flex-direction:column;justify-content:center;}}<\/style>\n<div class=\"wp-block-kadence-column kadence-column2118_a22182-f9 inner-column-2\"><div class=\"kt-inside-inner-col\">\n<h2 class=\"wp-block-heading\" data-block-type=\"core\"><a href=\"https:\/\/bekostyle.com\/si\/obdelava-plocevine\/\" target=\"_blank\" rel=\"noreferrer noopener\">Obdelava plo\u010devine<\/a><\/h2>\n\n\n\n<h3 class=\"gb-headline gb-headline-8015a9b2 gb-headline-text\">Obdelava plo\u010devine vklju\u010duje izdelavo ali monta\u017eo opreme iz plo\u010devine razli\u010dne sestave, debeline in oblike.<\/h3>\n\n\n\n<p>Na\u0161i strokovnjaki lahko izvedejo krojenje, ob\u0161ivanje, prekrivanje, izdelajo posebne elemente iz plo\u010devine, kot tudi izvedeno monta\u017eo na objektu.<\/p>\n\n\n\n<p>Na\u0161 adut so dela na stre\u0161nih konstrukcijah in \u017elebovih, pa tudi dela na stre\u0161nih oknih ali dimnikih.<\/p>\n<\/div><\/div>\n\n<\/div><\/div>\n\n<style>.kb-row-layout-wrap.wp-block-kadence-rowlayout.kb-row-layout-id2118_e7c110-fb{margin-bottom:0px;}.kb-row-layout-id2118_e7c110-fb > .kt-row-column-wrap{align-content:start;}:where(.kb-row-layout-id2118_e7c110-fb > .kt-row-column-wrap) > .wp-block-kadence-column{justify-content:start;}.kb-row-layout-id2118_e7c110-fb > .kt-row-column-wrap{column-gap:var(--global-kb-gap-md, 2rem);row-gap:var(--global-kb-gap-md, 2rem);padding-top:var(--global-kb-spacing-sm, 1.5rem);padding-bottom:var(--global-kb-spacing-sm, 1.5rem);grid-template-columns:minmax(0, 1fr);}.kb-row-layout-id2118_e7c110-fb > .kt-row-layout-overlay{opacity:0.30;}@media all and (max-width: 1024px){.kb-row-layout-id2118_e7c110-fb > .kt-row-column-wrap{grid-template-columns:minmax(0, 1fr);}}@media all and (max-width: 767px){.kb-row-layout-id2118_e7c110-fb > .kt-row-column-wrap{padding-right:20px;padding-left:20px;grid-template-columns:minmax(0, 1fr);}}<\/style><div class=\"kb-row-layout-wrap kb-row-layout-id2118_e7c110-fb alignwide wp-block-kadence-rowlayout\"><div class=\"kt-row-column-wrap kt-has-1-columns kt-row-layout-equal kt-tab-layout-inherit kt-mobile-layout-row kt-row-valign-top\">\n<style>.kadence-column2118_ad5461-7e > .kt-inside-inner-col,.kadence-column2118_ad5461-7e > .kt-inside-inner-col:before{border-top-left-radius:0px;border-top-right-radius:0px;border-bottom-right-radius:0px;border-bottom-left-radius:0px;}.kadence-column2118_ad5461-7e > .kt-inside-inner-col{column-gap:var(--global-kb-gap-sm, 1rem);}.kadence-column2118_ad5461-7e > .kt-inside-inner-col{flex-direction:column;}.kadence-column2118_ad5461-7e > .kt-inside-inner-col > .aligncenter{width:100%;}.kadence-column2118_ad5461-7e > .kt-inside-inner-col:before{opacity:0.3;}.kadence-column2118_ad5461-7e{position:relative;}@media all and (max-width: 1024px){.kadence-column2118_ad5461-7e > .kt-inside-inner-col{flex-direction:column;justify-content:center;}}@media all and (max-width: 767px){.kadence-column2118_ad5461-7e > .kt-inside-inner-col{flex-direction:column;justify-content:center;}}<\/style>\n<div class=\"wp-block-kadence-column kadence-column2118_ad5461-7e inner-column-1\"><div class=\"kt-inside-inner-col\">\n<p><strong>Cene obdelave plo\u010devine<\/strong><\/p>\n\n\n\n<p>Obstaja ve\u010d vrst plo\u010devin, zato je za cene vseh storitev najbolje, da nas pokli\u010dete na <strong>040\/882 &#8211; 858<\/strong> ali pa nam po\u0161ljete elektronsko sporo\u010dilo na&nbsp;<strong>info@bekostyle.com<\/strong>&nbsp;in vse informacije dobite v neposrednem stiku. Odprti smo za vse vrste dogovorov in naredili bomo vse, kar je potrebno, da va\u0161im \u017eeljam prisluhnemo ter jim zadostimo na najkakovostnej\u0161i in najbolj strokoven na\u010din.<\/p>\n\n\n\n<p><strong>Plo\u010devine za pokrivanje<\/strong><\/p>\n\n\n\n<ul class=\"wp-block-list\" data-block-type=\"core\">\n<li data-block-type=\"core\">Povezovanje profila na klik<\/li>\n\n\n\n<li data-block-type=\"core\">Hitra pokritost povr\u0161in<\/li>\n\n\n\n<li data-block-type=\"core\">Odpornost na zunanje okoljske vplive<\/li>\n\n\n\n<li data-block-type=\"core\">Ne zadr\u017euje snega in listja<\/li>\n<\/ul>\n\n\n\n<p><strong>Kje uporabljati?<\/strong><\/p>\n\n\n\n<p>Plo\u010devine za pokrivanje se uporabljajo na ravnih strehah in strehah z majhnim naklonom, ker ta vrsta plo\u010devine in plo\u0161\u010d zagotavljajo, da vse padavine, kot so de\u017e in sneg, zlahka zdrsnejo in tako prepre\u010dijo obremenitev na statiki stavbe.<\/p>\n\n\n\n<p>Najpogosteje se uporabljajo v proizvodnih halah, \u0161portnih dvoranah, prostorih sejmov.<\/p>\n<\/div><\/div>\n\n<\/div><\/div>\n\n<div class=\"pgc-sgb-cb wp-block-pgcsimplygalleryblock-grid alignwide\" data-gallery-id=\"3b6a2c05_1625419575261\"><div class=\"sgb-preloader\" id=\"pr_3b6a2c05_1625419575261\">\n\t<div class=\"sgb-square\" style=\"background:#d4d4d4\"><\/div>\n\t<div class=\"sgb-square\" style=\"background:#d4d4d4\"><\/div>\n\t<div class=\"sgb-square\" style=\"background:#d4d4d4\"><\/div>\n\t<div class=\"sgb-square\" style=\"background:#d4d4d4\"><\/div><\/div><div class=\"simply-gallery-amp pgc_sgb_slider alignwide\"><noscript><div class=\"sgb-gallery\"><div class=\"sgb-item\"><a href=\"https:\/\/bekostyle.com\/si\/limarski-radovi\/limarski-radovi-3\/#main\" target=\"_blank\"><img decoding=\"async\" alt=\"limarski-radovi-3\" width=\"169\" height=\"300\" loading=\"lazy\" src=\"https:\/\/bekostyle.com\/si\/wp-content\/uploads\/2021\/07\/limarski-radovi-3-169x300.jpg\" srcset=\"https:\/\/bekostyle.com\/si\/wp-content\/uploads\/2021\/07\/limarski-radovi-3-169x300.jpg 169w,https:\/\/bekostyle.com\/si\/wp-content\/uploads\/2021\/07\/limarski-radovi-3.jpg 562w\" sizes=\"auto, 250px\"\/><\/a><\/div><div class=\"sgb-item\"><a href=\"https:\/\/bekostyle.com\/si\/limarski-radovi\/limarski-radovi-2\/#main\" target=\"_blank\"><img decoding=\"async\" alt=\"limarski-radovi-2\" width=\"169\" height=\"300\" loading=\"lazy\" src=\"https:\/\/bekostyle.com\/si\/wp-content\/uploads\/2021\/07\/limarski-radovi-2-169x300.jpg\" srcset=\"https:\/\/bekostyle.com\/si\/wp-content\/uploads\/2021\/07\/limarski-radovi-2-169x300.jpg 169w,https:\/\/bekostyle.com\/si\/wp-content\/uploads\/2021\/07\/limarski-radovi-2.jpg 562w\" sizes=\"auto, 250px\"\/><\/a><\/div><div class=\"sgb-item\"><a href=\"https:\/\/bekostyle.com\/si\/limarski-radovi\/limarski-radovi-5\/#main\" target=\"_blank\"><img decoding=\"async\" alt=\"Limarski radovi\" width=\"169\" height=\"300\" loading=\"lazy\" src=\"https:\/\/bekostyle.com\/si\/wp-content\/uploads\/2021\/07\/limarski-radovi-5-169x300.jpg\" srcset=\"https:\/\/bekostyle.com\/si\/wp-content\/uploads\/2021\/07\/limarski-radovi-5-169x300.jpg 169w,https:\/\/bekostyle.com\/si\/wp-content\/uploads\/2021\/07\/limarski-radovi-5.jpg 563w\" sizes=\"auto, 250px\"\/><\/a><\/div><div class=\"sgb-item\"><a href=\"https:\/\/bekostyle.com\/si\/limarski-radovi\/limarski-radovi-4\/#main\" target=\"_blank\"><img decoding=\"async\" alt=\"limarski-radovi-4\" width=\"300\" height=\"169\" loading=\"lazy\" src=\"https:\/\/bekostyle.com\/si\/wp-content\/uploads\/2021\/07\/limarski-radovi-4-300x169.jpg\" srcset=\"https:\/\/bekostyle.com\/si\/wp-content\/uploads\/2021\/07\/limarski-radovi-4-300x169.jpg 300w,https:\/\/bekostyle.com\/si\/wp-content\/uploads\/2021\/07\/limarski-radovi-4-1024x576.jpg 1024w,https:\/\/bekostyle.com\/si\/wp-content\/uploads\/2021\/07\/limarski-radovi-4.jpg 1200w\" sizes=\"auto, 250px\"\/><\/a><\/div><\/div><\/noscript><\/div><script type=\"application\/json\" class=\"sgb-data\">{\"collectionColumns\":4,\"galleryType\":\"pgc_sgb_grid\",\"align\":\"wide\",\"galleryId\":\"3b6a2c05_1625419575261\",\"images\":[{\"id\":2125,\"title\":\"\",\"url\":\"https:\/\/bekostyle.com\/si\/wp-content\/uploads\/2021\/07\/limarski-radovi-3.jpg\",\"link\":\"https:\/\/bekostyle.com\/si\/limarski-radovi\/limarski-radovi-3\/#main\",\"alt\":\"limarski-radovi-3\",\"description\":\"\",\"caption\":\"\",\"mime\":\"image\/jpeg\",\"type\":\"image\",\"width\":562,\"height\":1000,\"sizes\":{\"thumbnail\":{\"height\":150,\"width\":150,\"url\":\"https:\/\/bekostyle.com\/si\/wp-content\/uploads\/2021\/07\/limarski-radovi-3-150x150.jpg\",\"orientation\":\"landscape\"},\"medium\":{\"height\":300,\"width\":169,\"url\":\"https:\/\/bekostyle.com\/si\/wp-content\/uploads\/2021\/07\/limarski-radovi-3-169x300.jpg\",\"orientation\":\"portrait\"},\"full\":{\"url\":\"https:\/\/bekostyle.com\/si\/wp-content\/uploads\/2021\/07\/limarski-radovi-3.jpg\",\"height\":1000,\"width\":562,\"orientation\":\"portrait\"}},\"meta\":false,\"postlink\":\"https:\/\/bekostyle.com\/si\/limarski-radovi\/limarski-radovi-3\/#main\"},{\"id\":2124,\"title\":\"\",\"url\":\"https:\/\/bekostyle.com\/si\/wp-content\/uploads\/2021\/07\/limarski-radovi-2.jpg\",\"link\":\"https:\/\/bekostyle.com\/si\/limarski-radovi\/limarski-radovi-2\/#main\",\"alt\":\"limarski-radovi-2\",\"description\":\"\",\"caption\":\"\",\"mime\":\"image\/jpeg\",\"type\":\"image\",\"width\":562,\"height\":1000,\"sizes\":{\"thumbnail\":{\"height\":150,\"width\":150,\"url\":\"https:\/\/bekostyle.com\/si\/wp-content\/uploads\/2021\/07\/limarski-radovi-2-150x150.jpg\",\"orientation\":\"landscape\"},\"medium\":{\"height\":300,\"width\":169,\"url\":\"https:\/\/bekostyle.com\/si\/wp-content\/uploads\/2021\/07\/limarski-radovi-2-169x300.jpg\",\"orientation\":\"portrait\"},\"full\":{\"url\":\"https:\/\/bekostyle.com\/si\/wp-content\/uploads\/2021\/07\/limarski-radovi-2.jpg\",\"height\":1000,\"width\":562,\"orientation\":\"portrait\"}},\"meta\":false,\"postlink\":\"https:\/\/bekostyle.com\/si\/limarski-radovi\/limarski-radovi-2\/#main\"},{\"id\":2121,\"title\":\"\",\"url\":\"https:\/\/bekostyle.com\/si\/wp-content\/uploads\/2021\/07\/limarski-radovi-5.jpg\",\"link\":\"https:\/\/bekostyle.com\/si\/limarski-radovi\/limarski-radovi-5\/#main\",\"alt\":\"Limarski radovi\",\"description\":\"\",\"caption\":\"\",\"mime\":\"image\/jpeg\",\"type\":\"image\",\"width\":563,\"height\":1000,\"sizes\":{\"thumbnail\":{\"height\":150,\"width\":150,\"url\":\"https:\/\/bekostyle.com\/si\/wp-content\/uploads\/2021\/07\/limarski-radovi-5-150x150.jpg\",\"orientation\":\"landscape\"},\"medium\":{\"height\":300,\"width\":169,\"url\":\"https:\/\/bekostyle.com\/si\/wp-content\/uploads\/2021\/07\/limarski-radovi-5-169x300.jpg\",\"orientation\":\"portrait\"},\"full\":{\"url\":\"https:\/\/bekostyle.com\/si\/wp-content\/uploads\/2021\/07\/limarski-radovi-5.jpg\",\"height\":1000,\"width\":563,\"orientation\":\"portrait\"}},\"meta\":false,\"postlink\":\"https:\/\/bekostyle.com\/si\/limarski-radovi\/limarski-radovi-5\/#main\"},{\"id\":2120,\"title\":\"\",\"url\":\"https:\/\/bekostyle.com\/si\/wp-content\/uploads\/2021\/07\/limarski-radovi-4.jpg\",\"link\":\"https:\/\/bekostyle.com\/si\/limarski-radovi\/limarski-radovi-4\/#main\",\"alt\":\"limarski-radovi-4\",\"description\":\"\",\"caption\":\"\",\"mime\":\"image\/jpeg\",\"type\":\"image\",\"width\":1200,\"height\":675,\"sizes\":{\"thumbnail\":{\"height\":150,\"width\":150,\"url\":\"https:\/\/bekostyle.com\/si\/wp-content\/uploads\/2021\/07\/limarski-radovi-4-150x150.jpg\",\"orientation\":\"landscape\"},\"medium\":{\"height\":169,\"width\":300,\"url\":\"https:\/\/bekostyle.com\/si\/wp-content\/uploads\/2021\/07\/limarski-radovi-4-300x169.jpg\",\"orientation\":\"landscape\"},\"large\":{\"height\":576,\"width\":1024,\"url\":\"https:\/\/bekostyle.com\/si\/wp-content\/uploads\/2021\/07\/limarski-radovi-4-1024x576.jpg\",\"orientation\":\"landscape\"},\"full\":{\"url\":\"https:\/\/bekostyle.com\/si\/wp-content\/uploads\/2021\/07\/limarski-radovi-4.jpg\",\"height\":675,\"width\":1200,\"orientation\":\"landscape\"}},\"meta\":false,\"postlink\":\"https:\/\/bekostyle.com\/si\/limarski-radovi\/limarski-radovi-4\/#main\"}],\"galleryData\":\"{\\u0022copyRProtection\\u0022:false,\\u0022copyRAlert\\u0022:\\u0022Hello, this photo is mine!\\u0022,\\u0022sliderScrollNavi\\u0022:false,\\u0022sliderNextPrevAnimation\\u0022:\\u0022animation\\u0022,\\u0022galleryScrollPositionControll\\u0022:false,\\u0022sliderVideoAutoPlay\\u0022:false,\\u0022sliderVideoLoop\\u0022:false,\\u0022sliderItemCounterEnable\\u0022:true,\\u0022sliderCaptionSrc\\u0022:\\u0022caption\\u0022,\\u0022sliderItemTitleEnable\\u0022:false,\\u0022sliderItemTitleFontSize\\u0022:18,\\u0022sliderItemTitleTextColor\\u0022:\\u0022rgba(255,255,255,1)\\u0022,\\u0022itemCounterColor\\u0022:\\u0022rgba(255,255,255,1)\\u0022,\\u0022sliderThumbBarEnable\\u0022:true,\\u0022sliderThumbBarHoverColor\\u0022:\\u0022rgba(240,240,240,1)\\u0022,\\u0022sliderBgColor\\u0022:\\u0022rgba(0,0,0,0.8)\\u0022,\\u0022sliderPreloaderColor\\u0022:\\u0022rgba(240,240,240,1)\\u0022,\\u0022sliderHeaderFooterBgColor\\u0022:\\u0022rgba(0,0,0,0.4)\\u0022,\\u0022sliderNavigationColor\\u0022:\\u0022rgba(0,0,0,1)\\u0022,\\u0022sliderNavigationColorOver\\u0022:\\u0022rgba(255,255,255,1)\\u0022,\\u0022sliderNavigationIconColor\\u0022:\\u0022rgba(255,255,255,1)\\u0022,\\u0022sliderNavigationIconColorOver\\u0022:\\u0022rgba(0,0,0,1)\\u0022,\\u0022sliderSlideshow\\u0022:true,\\u0022sliderSlideshowDelay\\u0022:8,\\u0022slideshowIndicatorColor\\u0022:\\u0022rgba(255,255,255,1)\\u0022,\\u0022slideshowIndicatorColorBg\\u0022:\\u0022rgba(255,255,255,0.5)\\u0022,\\u0022sliderThumbSubMenuBackgroundColor\\u0022:\\u0022rgba(255,255,255,0)\\u0022,\\u0022sliderThumbSubMenuBackgroundColorOver\\u0022:\\u0022rgba(255,255,255,1)\\u0022,\\u0022sliderThumbSubMenuIconColor\\u0022:\\u0022rgba(255,255,255,1)\\u0022,\\u0022sliderThumbSubMenuIconHoverColor\\u0022:\\u0022rgba(0,0,0,1)\\u0022,\\u0022sliderSocialShareEnabled\\u0022:true,\\u0022sliderZoomEnable\\u0022:true,\\u0022sliderFullscreenEnabled\\u0022:true,\\u0022modaBgColor\\u0022:\\u0022rgba(0,0,0,0.8)\\u0022,\\u0022modalIconColor\\u0022:\\u0022rgba(255,255,255,1)\\u0022,\\u0022modalIconColorHover\\u0022:\\u0022rgba(255,255,255,0.8)\\u0022,\\u0022shareFacebook\\u0022:true,\\u0022shareTwitter\\u0022:true,\\u0022sharePinterest\\u0022:true,\\u0022sliderItemDownload\\u0022:true,\\u0022shareCopyLink\\u0022:true,\\u0022sharePost\\u0022:\\u0022sharelink\\u0022,\\u0022tagsFilter\\u0022:false,\\u0022tagCloudAll\\u0022:\\u0022All\\u0022,\\u0022tagCloudBgColor\\u0022:\\u0022rgba(153,153,153,1)\\u0022,\\u0022tagCloudBgColorOver\\u0022:\\u0022rgba(253,253,253,1)\\u0022,\\u0022tagCloudTextColor\\u0022:\\u0022rgba(253,253,253,1)\\u0022,\\u0022tagCloudTextColorOver\\u0022:\\u0022rgba(153,153,153,1)\\u0022,\\u0022tagCloudFontSize\\u0022:16,\\u0022deepLinking\\u0022:false,\\u0022useLightbox\\u0022:true,\\u0022thumbClickAction\\u0022:\\u0022useLightbox\\u0022,\\u0022numItemsDisplayed\\u0022:0,\\u0022lazyLoading\\u0022:true,\\u0022contentNoPadding\\u0022:false,\\u0022galleryPreloaderColor\\u0022:\\u0022rgba(230,230,230,1)\\u0022,\\u0022galleryBgColor\\u0022:\\u0022rgba(0,0,0,0)\\u0022,\\u0022galleryBorderRadius\\u0022:0,\\u0022customCSS\\u0022:\\u0022\\u0022,\\u0022collectionColumns\\u0022:4,\\u0022thumbHieghtRation\\u0022:1,\\u0022collectionThumbRecomendedWidth\\u0022:200,\\u0022thumbSpacing\\u0022:5,\\u0022externalLink\\u0022:true,\\u0022externalLinkDefName\\u0022:\\u0022Read More\\u0022,\\u0022externalLinkTextColor\\u0022:\\u0022rgba(0,0,0,1)\\u0022,\\u0022externalLinkBgColor\\u0022:\\u0022rgba(255,255,255,1)\\u0022,\\u0022externalLinkFontSize\\u0022:18,\\u0022captions\\u0022:true,\\u0022captionSrc\\u0022:\\u0022caption\\u0022,\\u0022captionHAlign\\u0022:\\u0022top\\u0022,\\u0022collectionthumbHoverTitleFontSize\\u0022:18,\\u0022collectionthumbRoundedCorners\\u0022:0,\\u0022collectionthumbHoverTitleTextColor\\u0022:\\u0022rgba(255,255,255,1)\\u0022,\\u0022collectionthumbHoverTitleTextBgColor\\u0022:\\u0022rgba(0,0,0,0.8)\\u0022,\\u0022collectionthumbHoverBgColor\\u0022:\\u0022rgba(0,0,0,0.4)\\u0022,\\u0022collectionThumbSubMenuDownload\\u0022:true,\\u0022collectionThumbSubMenuShare\\u0022:true,\\u0022collectionThumbSubMenuBgColor\\u0022:\\u0022rgba(0,0,0,0.4)\\u0022,\\u0022collectionThumbSubMenuBgColorHover\\u0022:\\u0022rgba(255,255,255,1)\\u0022,\\u0022collectionThumbSubMenuIconColor\\u0022:\\u0022rgba(255,255,255,1)\\u0022,\\u0022collectionThumbSubMenuIconColorHover\\u0022:\\u0022rgba(0,0,0,1)\\u0022,\\u0022galleryType\\u0022:\\u0022pgc_sgb_grid\\u0022,\\u0022align\\u0022:\\u0022wide\\u0022,\\u0022galleryId\\u0022:\\u00223b6a2c05_1625419575261\\u0022,\\u0022tagsListCustomMode\\u0022:false,\\u0022initGalleryByFirstTag\\u0022:false,\\u0022deepLinkingForTag\\u0022:false,\\u0022galleryTagsList\\u0022:[],\\u0022useClobalSettings\\u0022:false,\\u0022orderBy\\u0022:\\u0022custom\\u0022,\\u0022settingsModalIsOpen\\u0022:false,\\u0022skin\\u0022:\\u0022grid\\u0022}\",\"itemsMetaDataCollection\":[]}<\/script><script>(function(){if(window.PGC_SGB && window.PGC_SGB.searcher){window.PGC_SGB.searcher.initBlocks()}})()<\/script><\/div>\n\n\n<div style=\"height:50px\" aria-hidden=\"true\" class=\"wp-block-spacer\" data-block-type=\"core\"><\/div>\n\n\n\n<div class=\"alignfull wp-block-ugb-cta ugb-cta ugb-4bd473a ugb-cta ugb-cta--v2 ugb-cta--design-plain ugb-main-block ugb--has-custom-content-width ugb--has-custom-content-width-tablet ugb--has-custom-content-width-mobile ugb-main-block--inner-full ugb--has-block-background ugb--has-background-overlay\"><style>.ugb-4bd473a .ugb-cta__title{font-size:42px !important;font-weight:600 !important;color:#ffffff}.ugb-4bd473a .ugb-cta__description{margin-bottom:45px !important;font-size:24px !important;color:#ffffff}.ugb-4bd473a .ugb-button .ugb-button--inner{font-family:\"IBM Plex Sans\",Sans-serif !important;font-size:18px !important;color:#ffffff !important}.ugb-4bd473a .ugb-button{border-color:#ffffff !important;border-radius:0px !important}.ugb-4bd473a .ugb-button:hover .ugb-button--inner{color:#ffffff !important}.ugb-4bd473a .ugb-button:before{border-radius:0px !important}.ugb-4bd473a.ugb-cta{background-color:#000000;background-image:url(https:\/\/bekostyle.com\/si\/wp-content\/uploads\/2021\/09\/namestaj-po-meri-baner.webp)}.ugb-4bd473a.ugb-cta > .ugb-inner-block{max-width:40% !important}.ugb-4bd473a.ugb-cta:before{background-color:#000000;opacity:0.6}@media screen and (max-width:1025px){.ugb-4bd473a.ugb-cta > .ugb-inner-block{max-width:70% !important}}@media screen and (max-width:768px){.ugb-4bd473a .ugb-cta__title{font-size:36px !important}.ugb-4bd473a.ugb-cta > .ugb-inner-block{max-width:80% !important}}@media screen and (min-width:768px){.ugb-4bd473a > .ugb-inner-block > .ugb-block-content > *{padding-top:30px !important;padding-bottom:30px !important}}<\/style><div class=\"ugb-inner-block ugb-inner-block--full\"><div class=\"ugb-block-content\"><div class=\"ugb-cta__item\"><h3 class=\"ugb-cta__title\">Ali nameravate za\u010deti projekt<\/h3><p class=\"ugb-cta__description\">Na\u0161i strokovnjaki so pripravljeni delati z vami!<\/p><div class=\"ugb-button-container\"><a class=\"ugb-button ugb-button--size-small ugb--hover-effect-lift ugb-button--design-ghost\" href=\"https:\/\/bekostyle.com\/si\/kontakt\/\" rel=\"\" title=\"\"><span class=\"ugb-button--inner\">Kontakt<\/span><\/a><\/div><\/div><\/div><\/div><\/div>\n","protected":false},"excerpt":{"rendered":"<p>Obdelava plo\u010devine Obdelava plo\u010devine vklju\u010duje izdelavo ali monta\u017eo opreme iz &#8230; <\/p>\n<p class=\"read-more-container\"><a title=\"Obdelava plo\u010devine\" class=\"read-more button\" href=\"https:\/\/bekostyle.com\/si\/obdelava-plocevine\/#more-2118\" aria-label=\"Read more about Obdelava plo\u010devine\">Op\u0161irnije<\/a><\/p>\n","protected":false},"author":1,"featured_media":0,"parent":0,"menu_order":0,"comment_status":"closed","ping_status":"closed","template":"","meta":{"_seopress_robots_primary_cat":"","_seopress_titles_title":"Obdelava plo\u010devine- Beko Style","_seopress_titles_desc":"Obdelava plo\u010devine vklju\u010duje izdelavo ali monta\u017eo opreme iz plo\u010devine razli\u010dne sestave, debeline in oblike.\r\n","_seopress_robots_index":"","pgc_sgb_lightbox_settings":"","footnotes":""},"class_list":{"0":"post-2118","1":"page","2":"type-page","3":"status-publish","5":"no-featured-image-padding"},"featured_image_urls_v2":{"full":"","thumbnail":"","medium":"","medium_large":"","large":"","1536x1536":"","2048x2048":""},"post_excerpt_stackable_v2":"<p>Obdelava plo\u010devine Obdelava plo\u010devine vklju\u010duje izdelavo ali monta\u017eo opreme iz plo\u010devine razli\u010dne sestave, debeline in oblike. Na\u0161i strokovnjaki lahko izvedejo krojenje, ob\u0161ivanje, prekrivanje, izdelajo posebne elemente iz plo\u010devine, kot tudi izvedeno monta\u017eo na objektu. Na\u0161 adut so dela na stre\u0161nih konstrukcijah in \u017elebovih, pa tudi dela na stre\u0161nih oknih ali dimnikih. Cene obdelave plo\u010devine Obstaja ve\u010d vrst plo\u010devin, zato je za cene vseh storitev najbolje, da nas pokli\u010dete na 040\/882 &#8211; 858 ali pa nam po\u0161ljete elektronsko sporo\u010dilo na&nbsp;info@bekostyle.com&nbsp;in vse informacije dobite v neposrednem stiku. Odprti smo za vse vrste dogovorov in naredili bomo vse, kar je potrebno, da va\u0161im&hellip;<\/p>\n","category_list_v2":"","author_info_v2":{"name":"timortis","url":"https:\/\/bekostyle.com\/si\/author\/timortis\/"},"comments_num_v2":"0 comments","_links":{"self":[{"href":"https:\/\/bekostyle.com\/si\/wp-json\/wp\/v2\/pages\/2118","targetHints":{"allow":["GET"]}}],"collection":[{"href":"https:\/\/bekostyle.com\/si\/wp-json\/wp\/v2\/pages"}],"about":[{"href":"https:\/\/bekostyle.com\/si\/wp-json\/wp\/v2\/types\/page"}],"author":[{"embeddable":true,"href":"https:\/\/bekostyle.com\/si\/wp-json\/wp\/v2\/users\/1"}],"replies":[{"embeddable":true,"href":"https:\/\/bekostyle.com\/si\/wp-json\/wp\/v2\/comments?post=2118"}],"version-history":[{"count":1,"href":"https:\/\/bekostyle.com\/si\/wp-json\/wp\/v2\/pages\/2118\/revisions"}],"predecessor-version":[{"id":19039,"href":"https:\/\/bekostyle.com\/si\/wp-json\/wp\/v2\/pages\/2118\/revisions\/19039"}],"wp:attachment":[{"href":"https:\/\/bekostyle.com\/si\/wp-json\/wp\/v2\/media?parent=2118"}],"curies":[{"name":"wp","href":"https:\/\/api.w.org\/{rel}","templated":true}]}}