{"id":2222,"date":"2021-07-05T00:45:39","date_gmt":"2021-07-04T22:45:39","guid":{"rendered":"https:\/\/bekostyle.com\/?page_id=2222"},"modified":"2026-03-09T11:28:59","modified_gmt":"2026-03-09T10:28:59","slug":"akusticni-paneli","status":"publish","type":"page","link":"https:\/\/bekostyle.com\/si\/akusticni-paneli\/","title":{"rendered":"Akusti\u010dni paneli"},"content":{"rendered":"\n<h2 class=\"wp-block-heading\" data-block-type=\"core\">Akustika prostora<\/h2>\n\n\n\n<p>Akusti\u010dni paneli so plo\u0161\u010de, ki absorbirajo zvok. Uporabljajo se za zmanj\u0161anje jakosti hrupa in ubla\u017eitev odmevanja v prostoru.<\/p>\n\n\n\n<p>Osnovna na\u010dela dobre akustike prostora so:&nbsp;<strong>absorpcija, difuzija in ubla\u017eitev jakosti hrupa<\/strong>. Bolj\u0161e je delovanje panelov, bolje bo dose\u017een u\u010dinek le teh \u2013 bolj\u0161a bo akustika prostora.<\/p>\n\n\n\n<p>\u010ce \u017eelite dose\u010di najbolj\u0161i efekt delovanja akusti\u010dnih panelov, je na prvem mestu potrebna ustrezna namestitev le teh, kar pomeni, da je potrebno ustrezno dolo\u010diti prostor namestitve panelov.<\/p>\n\n\n<style>.kb-row-layout-wrap.wp-block-kadence-rowlayout.kb-row-layout-id2222_2f804f-aa{margin-bottom:0px;}.kb-row-layout-id2222_2f804f-aa > .kt-row-column-wrap{align-content:start;}:where(.kb-row-layout-id2222_2f804f-aa > .kt-row-column-wrap) > .wp-block-kadence-column{justify-content:start;}.kb-row-layout-id2222_2f804f-aa > .kt-row-column-wrap{column-gap:var(--global-kb-gap-md, 2rem);row-gap:var(--global-kb-gap-md, 2rem);padding-top:var(--global-kb-spacing-xxs, 0.5rem);grid-template-columns:minmax(0, 1fr);}.kb-row-layout-id2222_2f804f-aa > .kt-row-layout-overlay{opacity:0.30;}@media all and (max-width: 1024px){.kb-row-layout-id2222_2f804f-aa > .kt-row-column-wrap{grid-template-columns:minmax(0, 1fr);}}@media all and (max-width: 767px){.kb-row-layout-id2222_2f804f-aa > .kt-row-column-wrap{grid-template-columns:minmax(0, 1fr);}}<\/style><div class=\"kb-row-layout-wrap kb-row-layout-id2222_2f804f-aa alignwide wp-block-kadence-rowlayout\"><div class=\"kt-row-column-wrap kt-has-1-columns kt-row-layout-equal kt-tab-layout-inherit kt-mobile-layout-row kt-row-valign-top\">\n<style>.kadence-column2222_8a1f5e-a4 > .kt-inside-inner-col,.kadence-column2222_8a1f5e-a4 > .kt-inside-inner-col:before{border-top-left-radius:0px;border-top-right-radius:0px;border-bottom-right-radius:0px;border-bottom-left-radius:0px;}.kadence-column2222_8a1f5e-a4 > .kt-inside-inner-col{column-gap:var(--global-kb-gap-sm, 1rem);}.kadence-column2222_8a1f5e-a4 > .kt-inside-inner-col{flex-direction:column;}.kadence-column2222_8a1f5e-a4 > .kt-inside-inner-col > .aligncenter{width:100%;}.kadence-column2222_8a1f5e-a4 > .kt-inside-inner-col:before{opacity:0.3;}.kadence-column2222_8a1f5e-a4{position:relative;}@media all and (max-width: 1024px){.kadence-column2222_8a1f5e-a4 > .kt-inside-inner-col{flex-direction:column;justify-content:center;}}@media all and (max-width: 767px){.kadence-column2222_8a1f5e-a4 > .kt-inside-inner-col{flex-direction:column;justify-content:center;}}<\/style>\n<div class=\"wp-block-kadence-column kadence-column2222_8a1f5e-a4 inner-column-1\"><div class=\"kt-inside-inner-col\"><div class=\"pgc-sgb-cb wp-block-pgcsimplygalleryblock-masonry \" data-gallery-id=\"03412782\"><div class=\"sgb-preloader\" id=\"pr_03412782\">\n\t<div class=\"sgb-square\" style=\"background:#d4d4d4\"><\/div>\n\t<div class=\"sgb-square\" style=\"background:#d4d4d4\"><\/div>\n\t<div class=\"sgb-square\" style=\"background:#d4d4d4\"><\/div>\n\t<div class=\"sgb-square\" style=\"background:#d4d4d4\"><\/div><\/div><div class=\"simply-gallery-amp pgc_sgb_slider \"><noscript><div class=\"sgb-gallery\"><div class=\"sgb-item\"><a href=\"https:\/\/bekostyle.com\/si\/akusticni-paneli\/zvucno-izolacioni-sistemi-zidne-obloge-ecophon-2\/#main\" target=\"_blank\"><img decoding=\"async\" alt=\"zvucno izolacioni sistemi zidne obloge ecophon\" width=\"225\" height=\"300\" loading=\"lazy\" src=\"https:\/\/bekostyle.com\/si\/wp-content\/uploads\/2021\/07\/zvucno-izolacioni-sistemi-zidne-obloge-ecophon-1-225x300.jpg\" srcset=\"https:\/\/bekostyle.com\/si\/wp-content\/uploads\/2021\/07\/zvucno-izolacioni-sistemi-zidne-obloge-ecophon-1-225x300.jpg 225w,https:\/\/bekostyle.com\/si\/wp-content\/uploads\/2021\/07\/zvucno-izolacioni-sistemi-zidne-obloge-ecophon-1.jpg 750w\" sizes=\"auto, 250px\"\/><\/a><\/div><div class=\"sgb-item\"><a href=\"https:\/\/bekostyle.com\/si\/akusticni-paneli\/postavljanje-zidnih-obloga-ecophonpaneli-2\/#main\" target=\"_blank\"><img decoding=\"async\" alt=\"akusticni paneli\" width=\"225\" height=\"300\" loading=\"lazy\" src=\"https:\/\/bekostyle.com\/si\/wp-content\/uploads\/2021\/07\/postavljanje-zidnih-obloga-ecophonpaneli-1-225x300.jpg\" srcset=\"https:\/\/bekostyle.com\/si\/wp-content\/uploads\/2021\/07\/postavljanje-zidnih-obloga-ecophonpaneli-1-225x300.jpg 225w,https:\/\/bekostyle.com\/si\/wp-content\/uploads\/2021\/07\/postavljanje-zidnih-obloga-ecophonpaneli-1.jpg 750w\" sizes=\"auto, 250px\"\/><\/a><\/div><div class=\"sgb-item\"><a href=\"https:\/\/bekostyle.com\/si\/akusticni-paneli\/zvucno-apsorbcioni-plafoni-5-2\/#main\" target=\"_blank\"><img decoding=\"async\" alt=\"akusticni paneli\" width=\"225\" height=\"300\" loading=\"lazy\" src=\"https:\/\/bekostyle.com\/si\/wp-content\/uploads\/2021\/07\/zvucno-apsorbcioni-plafoni-5-1-225x300.jpg\" srcset=\"https:\/\/bekostyle.com\/si\/wp-content\/uploads\/2021\/07\/zvucno-apsorbcioni-plafoni-5-1-225x300.jpg 225w,https:\/\/bekostyle.com\/si\/wp-content\/uploads\/2021\/07\/zvucno-apsorbcioni-plafoni-5-1.jpg 751w\" sizes=\"auto, 250px\"\/><\/a><\/div><div class=\"sgb-item\"><a href=\"https:\/\/bekostyle.com\/si\/akusticni-paneli\/zvucno-apsorbcioni-plafoni-7-2\/#main\" target=\"_blank\"><img decoding=\"async\" alt=\"akusticni paneli\" width=\"225\" height=\"300\" loading=\"lazy\" src=\"https:\/\/bekostyle.com\/si\/wp-content\/uploads\/2021\/07\/zvucno-apsorbcioni-plafoni-7-1-225x300.jpg\" srcset=\"https:\/\/bekostyle.com\/si\/wp-content\/uploads\/2021\/07\/zvucno-apsorbcioni-plafoni-7-1-225x300.jpg 225w,https:\/\/bekostyle.com\/si\/wp-content\/uploads\/2021\/07\/zvucno-apsorbcioni-plafoni-7-1.jpg 749w\" sizes=\"auto, 250px\"\/><\/a><\/div><\/div><\/noscript><\/div><script type=\"application\/json\" class=\"sgb-data\">{\"collectionColumns\":4,\"galleryType\":\"pgc_sgb_masonry\",\"galleryId\":\"03412782\",\"images\":[{\"id\":2226,\"title\":\"akusticni paneli\",\"url\":\"https:\/\/bekostyle.com\/si\/wp-content\/uploads\/2021\/07\/zvucno-izolacioni-sistemi-zidne-obloge-ecophon-1.jpg\",\"link\":\"https:\/\/bekostyle.com\/si\/akusticni-paneli\/zvucno-izolacioni-sistemi-zidne-obloge-ecophon-2\/#main\",\"alt\":\"zvucno izolacioni sistemi zidne obloge ecophon\",\"description\":\"\",\"caption\":\"\",\"mime\":\"image\/jpeg\",\"type\":\"image\",\"width\":750,\"height\":1000,\"sizes\":{\"thumbnail\":{\"height\":150,\"width\":150,\"url\":\"https:\/\/bekostyle.com\/si\/wp-content\/uploads\/2021\/07\/zvucno-izolacioni-sistemi-zidne-obloge-ecophon-1-150x150.jpg\",\"orientation\":\"landscape\"},\"medium\":{\"height\":300,\"width\":225,\"url\":\"https:\/\/bekostyle.com\/si\/wp-content\/uploads\/2021\/07\/zvucno-izolacioni-sistemi-zidne-obloge-ecophon-1-225x300.jpg\",\"orientation\":\"portrait\"},\"full\":{\"url\":\"https:\/\/bekostyle.com\/si\/wp-content\/uploads\/2021\/07\/zvucno-izolacioni-sistemi-zidne-obloge-ecophon-1.jpg\",\"height\":1000,\"width\":750,\"orientation\":\"portrait\"}},\"imageMeta\":{\"aperture\":\"0\",\"credit\":\"\",\"camera\":\"\",\"caption\":\"\",\"created_timestamp\":\"0\",\"copyright\":\"\",\"focal_length\":\"0\",\"iso\":\"0\",\"shutter_speed\":\"0\",\"title\":\"\",\"orientation\":\"0\",\"keywords\":[]},\"meta\":false,\"postlink\":\"https:\/\/bekostyle.com\/si\/akusticni-paneli\/zvucno-izolacioni-sistemi-zidne-obloge-ecophon-2\/#main\"},{\"id\":2228,\"title\":\"akusticni paneli\",\"url\":\"https:\/\/bekostyle.com\/si\/wp-content\/uploads\/2021\/07\/postavljanje-zidnih-obloga-ecophonpaneli-1.jpg\",\"link\":\"https:\/\/bekostyle.com\/si\/akusticni-paneli\/postavljanje-zidnih-obloga-ecophonpaneli-2\/#main\",\"alt\":\"akusticni paneli\",\"description\":\"\",\"caption\":\"\",\"mime\":\"image\/jpeg\",\"type\":\"image\",\"width\":750,\"height\":1000,\"sizes\":{\"thumbnail\":{\"height\":150,\"width\":150,\"url\":\"https:\/\/bekostyle.com\/si\/wp-content\/uploads\/2021\/07\/postavljanje-zidnih-obloga-ecophonpaneli-1-150x150.jpg\",\"orientation\":\"landscape\"},\"medium\":{\"height\":300,\"width\":225,\"url\":\"https:\/\/bekostyle.com\/si\/wp-content\/uploads\/2021\/07\/postavljanje-zidnih-obloga-ecophonpaneli-1-225x300.jpg\",\"orientation\":\"portrait\"},\"full\":{\"url\":\"https:\/\/bekostyle.com\/si\/wp-content\/uploads\/2021\/07\/postavljanje-zidnih-obloga-ecophonpaneli-1.jpg\",\"height\":1000,\"width\":750,\"orientation\":\"portrait\"}},\"imageMeta\":{\"aperture\":\"0\",\"credit\":\"\",\"camera\":\"\",\"caption\":\"\",\"created_timestamp\":\"0\",\"copyright\":\"\",\"focal_length\":\"0\",\"iso\":\"0\",\"shutter_speed\":\"0\",\"title\":\"\",\"orientation\":\"0\",\"keywords\":[]},\"meta\":false,\"postlink\":\"https:\/\/bekostyle.com\/si\/akusticni-paneli\/postavljanje-zidnih-obloga-ecophonpaneli-2\/#main\"},{\"id\":2229,\"title\":\"akusticni paneli\",\"url\":\"https:\/\/bekostyle.com\/si\/wp-content\/uploads\/2021\/07\/zvucno-apsorbcioni-plafoni-5-1.jpg\",\"link\":\"https:\/\/bekostyle.com\/si\/akusticni-paneli\/zvucno-apsorbcioni-plafoni-5-2\/#main\",\"alt\":\"akusticni paneli\",\"description\":\"\",\"caption\":\"\",\"mime\":\"image\/jpeg\",\"type\":\"image\",\"width\":751,\"height\":1000,\"sizes\":{\"thumbnail\":{\"height\":150,\"width\":150,\"url\":\"https:\/\/bekostyle.com\/si\/wp-content\/uploads\/2021\/07\/zvucno-apsorbcioni-plafoni-5-1-150x150.jpg\",\"orientation\":\"landscape\"},\"medium\":{\"height\":300,\"width\":225,\"url\":\"https:\/\/bekostyle.com\/si\/wp-content\/uploads\/2021\/07\/zvucno-apsorbcioni-plafoni-5-1-225x300.jpg\",\"orientation\":\"portrait\"},\"full\":{\"url\":\"https:\/\/bekostyle.com\/si\/wp-content\/uploads\/2021\/07\/zvucno-apsorbcioni-plafoni-5-1.jpg\",\"height\":1000,\"width\":751,\"orientation\":\"portrait\"}},\"imageMeta\":{\"aperture\":\"0\",\"credit\":\"\",\"camera\":\"\",\"caption\":\"\",\"created_timestamp\":\"0\",\"copyright\":\"\",\"focal_length\":\"0\",\"iso\":\"0\",\"shutter_speed\":\"0\",\"title\":\"\",\"orientation\":\"0\",\"keywords\":[]},\"meta\":false,\"postlink\":\"https:\/\/bekostyle.com\/si\/akusticni-paneli\/zvucno-apsorbcioni-plafoni-5-2\/#main\"},{\"id\":2230,\"title\":\"akusticni paneli\",\"url\":\"https:\/\/bekostyle.com\/si\/wp-content\/uploads\/2021\/07\/zvucno-apsorbcioni-plafoni-7-1.jpg\",\"link\":\"https:\/\/bekostyle.com\/si\/akusticni-paneli\/zvucno-apsorbcioni-plafoni-7-2\/#main\",\"alt\":\"akusticni paneli\",\"description\":\"\",\"caption\":\"\",\"mime\":\"image\/jpeg\",\"type\":\"image\",\"width\":749,\"height\":1000,\"sizes\":{\"thumbnail\":{\"height\":150,\"width\":150,\"url\":\"https:\/\/bekostyle.com\/si\/wp-content\/uploads\/2021\/07\/zvucno-apsorbcioni-plafoni-7-1-150x150.jpg\",\"orientation\":\"landscape\"},\"medium\":{\"height\":300,\"width\":225,\"url\":\"https:\/\/bekostyle.com\/si\/wp-content\/uploads\/2021\/07\/zvucno-apsorbcioni-plafoni-7-1-225x300.jpg\",\"orientation\":\"portrait\"},\"full\":{\"url\":\"https:\/\/bekostyle.com\/si\/wp-content\/uploads\/2021\/07\/zvucno-apsorbcioni-plafoni-7-1.jpg\",\"height\":1000,\"width\":749,\"orientation\":\"portrait\"}},\"imageMeta\":{\"aperture\":\"0\",\"credit\":\"\",\"camera\":\"\",\"caption\":\"\",\"created_timestamp\":\"0\",\"copyright\":\"\",\"focal_length\":\"0\",\"iso\":\"0\",\"shutter_speed\":\"0\",\"title\":\"\",\"orientation\":\"0\",\"keywords\":[]},\"meta\":false,\"postlink\":\"https:\/\/bekostyle.com\/si\/akusticni-paneli\/zvucno-apsorbcioni-plafoni-7-2\/#main\"}],\"galleryData\":\"{\\u0022copyRProtection\\u0022:false,\\u0022copyRAlert\\u0022:\\u0022Hello, this photo is mine!\\u0022,\\u0022sliderScrollNavi\\u0022:false,\\u0022sliderNextPrevAnimation\\u0022:\\u0022animation\\u0022,\\u0022galleryScrollPositionControll\\u0022:false,\\u0022sliderVideoAutoPlay\\u0022:false,\\u0022sliderVideoLoop\\u0022:false,\\u0022sliderItemCounterEnable\\u0022:true,\\u0022sliderCaptionSrc\\u0022:\\u0022caption\\u0022,\\u0022sliderItemTitleEnable\\u0022:false,\\u0022sliderItemTitleFontSize\\u0022:18,\\u0022sliderItemTitleTextColor\\u0022:\\u0022rgba(255,255,255,1)\\u0022,\\u0022itemCounterColor\\u0022:\\u0022rgba(255,255,255,1)\\u0022,\\u0022sliderThumbBarEnable\\u0022:true,\\u0022sliderThumbBarHoverColor\\u0022:\\u0022rgba(240,240,240,1)\\u0022,\\u0022sliderBgColor\\u0022:\\u0022rgba(0,0,0,0.8)\\u0022,\\u0022sliderPreloaderColor\\u0022:\\u0022rgba(240,240,240,1)\\u0022,\\u0022sliderHeaderFooterBgColor\\u0022:\\u0022rgba(0,0,0,0.4)\\u0022,\\u0022sliderNavigationColor\\u0022:\\u0022rgba(0,0,0,1)\\u0022,\\u0022sliderNavigationColorOver\\u0022:\\u0022rgba(255,255,255,1)\\u0022,\\u0022sliderNavigationIconColor\\u0022:\\u0022rgba(255,255,255,1)\\u0022,\\u0022sliderNavigationIconColorOver\\u0022:\\u0022rgba(0,0,0,1)\\u0022,\\u0022sliderSlideshow\\u0022:true,\\u0022sliderSlideshowDelay\\u0022:8,\\u0022slideshowIndicatorColor\\u0022:\\u0022rgba(255,255,255,1)\\u0022,\\u0022slideshowIndicatorColorBg\\u0022:\\u0022rgba(255,255,255,0.5)\\u0022,\\u0022sliderThumbSubMenuBackgroundColor\\u0022:\\u0022rgba(255,255,255,0)\\u0022,\\u0022sliderThumbSubMenuBackgroundColorOver\\u0022:\\u0022rgba(255,255,255,1)\\u0022,\\u0022sliderThumbSubMenuIconColor\\u0022:\\u0022rgba(255,255,255,1)\\u0022,\\u0022sliderThumbSubMenuIconHoverColor\\u0022:\\u0022rgba(0,0,0,1)\\u0022,\\u0022sliderSocialShareEnabled\\u0022:true,\\u0022sliderZoomEnable\\u0022:true,\\u0022sliderFullscreenEnabled\\u0022:true,\\u0022modaBgColor\\u0022:\\u0022rgba(0,0,0,0.8)\\u0022,\\u0022modalIconColor\\u0022:\\u0022rgba(255,255,255,1)\\u0022,\\u0022modalIconColorHover\\u0022:\\u0022rgba(255,255,255,0.8)\\u0022,\\u0022shareFacebook\\u0022:true,\\u0022shareTwitter\\u0022:true,\\u0022sharePinterest\\u0022:true,\\u0022sliderItemDownload\\u0022:true,\\u0022shareCopyLink\\u0022:true,\\u0022sharePost\\u0022:\\u0022sharelink\\u0022,\\u0022tagsFilter\\u0022:false,\\u0022tagCloudAll\\u0022:\\u0022All\\u0022,\\u0022tagCloudBgColor\\u0022:\\u0022rgba(153,153,153,1)\\u0022,\\u0022tagCloudBgColorOver\\u0022:\\u0022rgba(253,253,253,1)\\u0022,\\u0022tagCloudTextColor\\u0022:\\u0022rgba(253,253,253,1)\\u0022,\\u0022tagCloudTextColorOver\\u0022:\\u0022rgba(153,153,153,1)\\u0022,\\u0022tagCloudFontSize\\u0022:16,\\u0022deepLinking\\u0022:false,\\u0022useLightbox\\u0022:true,\\u0022thumbClickAction\\u0022:\\u0022useLightbox\\u0022,\\u0022numItemsDisplayed\\u0022:0,\\u0022lazyLoading\\u0022:true,\\u0022contentNoPadding\\u0022:false,\\u0022galleryPreloaderColor\\u0022:\\u0022rgba(230,230,230,1)\\u0022,\\u0022galleryBgColor\\u0022:\\u0022rgba(0,0,0,0)\\u0022,\\u0022galleryBorderRadius\\u0022:0,\\u0022customCSS\\u0022:\\u0022\\u0022,\\u0022collectionColumns\\u0022:4,\\u0022collectionThumbRecomendedWidth\\u0022:200,\\u0022thumbSpacing\\u0022:5,\\u0022externalLink\\u0022:true,\\u0022externalLinkDefName\\u0022:\\u0022Read More\\u0022,\\u0022externalLinkTextColor\\u0022:\\u0022rgba(0,0,0,1)\\u0022,\\u0022externalLinkBgColor\\u0022:\\u0022rgba(255,255,255,1)\\u0022,\\u0022externalLinkFontSize\\u0022:18,\\u0022captions\\u0022:true,\\u0022captionSrc\\u0022:\\u0022caption\\u0022,\\u0022captionHAlign\\u0022:\\u0022top\\u0022,\\u0022collectionthumbHoverTitleFontSize\\u0022:18,\\u0022collectionthumbRoundedCorners\\u0022:0,\\u0022collectionthumbHoverTitleTextColor\\u0022:\\u0022rgba(255,255,255,1)\\u0022,\\u0022collectionthumbHoverTitleTextBgColor\\u0022:\\u0022rgba(0,0,0,0.8)\\u0022,\\u0022collectionthumbHoverBgColor\\u0022:\\u0022rgba(0,0,0,0.4)\\u0022,\\u0022collectionThumbSubMenuDownload\\u0022:true,\\u0022collectionThumbSubMenuShare\\u0022:true,\\u0022collectionThumbSubMenuBgColor\\u0022:\\u0022rgba(0,0,0,0.4)\\u0022,\\u0022collectionThumbSubMenuBgColorHover\\u0022:\\u0022rgba(255,255,255,1)\\u0022,\\u0022collectionThumbSubMenuIconColor\\u0022:\\u0022rgba(255,255,255,1)\\u0022,\\u0022collectionThumbSubMenuIconColorHover\\u0022:\\u0022rgba(0,0,0,1)\\u0022,\\u0022galleryType\\u0022:\\u0022pgc_sgb_masonry\\u0022,\\u0022align\\u0022:\\u0022\\u0022,\\u0022galleryId\\u0022:\\u002299efe169_1625438870307\\u0022,\\u0022galleryQuery\\u0022:null,\\u0022tagsListCustomMode\\u0022:false,\\u0022initGalleryByFirstTag\\u0022:false,\\u0022deepLinkingForTag\\u0022:false,\\u0022galleryTagsList\\u0022:[],\\u0022useClobalSettings\\u0022:false,\\u0022orderBy\\u0022:\\u0022title\\u0022,\\u0022settingsModalIsOpen\\u0022:false,\\u0022skin\\u0022:\\u0022masonry\\u0022}\",\"orderBy\":\"title\",\"itemsMetaDataCollection\":[]}<\/script><script>(function(){if(window.PGC_SGB && window.PGC_SGB.searcher){window.PGC_SGB.searcher.initBlocks()}})()<\/script><\/div><\/div><\/div>\n\n<\/div><\/div>\n\n\n<h3 class=\"wp-block-heading\" data-block-type=\"core\">Dejavniki, ki vplivajo na postavitev akusti\u010dnih panelov<\/h3>\n\n\n\n<p>Iskanje idealnega polo\u017eaja postavitve panelov je odvisno od \u0161tevilnih dejavnikov, vklju\u010dno z:<\/p>\n\n\n\n<p>\u2022 vrsto prostora oziroma sobe<br>\u2022 namembnost prostora<br>\u2022 obstoje\u010de pohi\u0161tvo<br>\u2022 materiali v prostoru (npr. steklo, plastika, les)<\/p>\n\n\n\n<p>\u010ce \u017eelite dose\u010di najbolj\u0161e delovanje akustike v prostoru, priporo\u010damo, da nas pokli\u010dete ter vam na ta na\u010din ponudimo \u010dim ve\u010d splo\u0161nih informacij o akusti\u010dnih panelih, cenah in obstoje\u010dih vrstah tovrstnih panelov.<\/p>\n\n\n\n<hr class=\"wp-block-separator has-alpha-channel-opacity\"\/ data-block-type=\"core\">\n\n\n\n<h2 class=\"wp-block-heading\" data-block-type=\"core\">Monta\u017ea akusti\u010dnih panelov<\/h2>\n\n\n\n<p>Na trgu obstaja \u0161iroka ponudba akusti\u010dnih panelov. \u010ce nas pokli\u010dete, vam lahko svetujemo katera vrsta panela je najbolj ustrezna glede na va\u0161e zahteve in potrebe prostora.<\/p>\n\n\n\n<hr class=\"wp-block-separator has-alpha-channel-opacity\"\/ data-block-type=\"core\">\n\n\n\n<h3 class=\"wp-block-heading\" data-block-type=\"core\">Vrste akusti\u010dnih re\u0161itev<\/h3>\n\n\n\n<p>\u2022 zvo\u010dno izolacijski sistemi<br>\u2022 zidne obloge Ecophon<br>\u2022 akusti\u010dni paneli<\/p>\n\n\n\n<hr class=\"wp-block-separator has-alpha-channel-opacity\"\/ data-block-type=\"core\">\n\n\n\n<h2 class=\"wp-block-heading\" data-block-type=\"core\">Ali nameravate za\u010deti projekt?<\/h2>\n\n\n\n<p>Na\u0161i strokovnjaki so pripravljeni delati z vami.<\/p>\n\n\n\n<hr class=\"wp-block-separator has-alpha-channel-opacity\"\/ data-block-type=\"core\">\n\n\n\n<h2 class=\"wp-block-heading\" data-block-type=\"core\">Kontakt<\/h2>\n\n\n\n<p><strong>Beko Style<\/strong><\/p>\n\n\n\n<p>Slovenska cesta 56, Ljubljana, Slovenia<br>+386 30 354 631<br><a>info@bekostyle.com<\/a><\/p>\n\n\n\n<p>Po\u0161ljite nam e-po\u0161to ali nas pokli\u010dite. Z veseljem odgovorimo na vpra\u0161anja o cenah, materialih, rokih in ponudbah.<\/p>\n\n\n\n<div style=\"height:50px\" aria-hidden=\"true\" class=\"wp-block-spacer\" data-block-type=\"core\"><\/div>\n\n\n\n<div class=\"alignfull wp-block-ugb-cta ugb-cta ugb-4bd473a ugb-cta ugb-cta--v2 ugb-cta--design-plain ugb-main-block ugb--has-custom-content-width ugb--has-custom-content-width-tablet ugb--has-custom-content-width-mobile ugb-main-block--inner-full ugb--has-block-background ugb--has-background-overlay\"><style>.ugb-4bd473a .ugb-cta__title{font-size:42px !important;font-weight:600 !important;color:#ffffff}.ugb-4bd473a .ugb-cta__description{margin-bottom:45px !important;font-size:24px !important;color:#ffffff}.ugb-4bd473a .ugb-button .ugb-button--inner{font-family:\"IBM Plex Sans\",Sans-serif !important;font-size:18px !important;color:#ffffff !important}.ugb-4bd473a .ugb-button{border-color:#ffffff !important;border-radius:0px !important}.ugb-4bd473a .ugb-button:hover .ugb-button--inner{color:#ffffff !important}.ugb-4bd473a .ugb-button:before{border-radius:0px !important}.ugb-4bd473a.ugb-cta{background-color:#000000;background-image:url(https:\/\/bekostyle.com\/si\/wp-content\/uploads\/2021\/09\/namestaj-po-meri-baner.webp)}.ugb-4bd473a.ugb-cta > .ugb-inner-block{max-width:40% !important}.ugb-4bd473a.ugb-cta:before{background-color:#000000;opacity:0.6}@media screen and (max-width:1025px){.ugb-4bd473a.ugb-cta > .ugb-inner-block{max-width:70% !important}}@media screen and (max-width:768px){.ugb-4bd473a .ugb-cta__title{font-size:36px !important}.ugb-4bd473a.ugb-cta > .ugb-inner-block{max-width:80% !important}}@media screen and (min-width:768px){.ugb-4bd473a > .ugb-inner-block > .ugb-block-content > *{padding-top:30px !important;padding-bottom:30px !important}}<\/style><div class=\"ugb-inner-block ugb-inner-block--full\"><div class=\"ugb-block-content\"><div class=\"ugb-cta__item\"><h3 class=\"ugb-cta__title\">Ali nameravate za\u010deti projekt<\/h3><p class=\"ugb-cta__description\">Na\u0161i strokovnjaki so pripravljeni delati z vami!<\/p><div class=\"ugb-button-container\"><a class=\"ugb-button ugb-button--size-small ugb--hover-effect-lift ugb-button--design-ghost\" href=\"https:\/\/bekostyle.com\/si\/kontakt\/\" rel=\"\" title=\"\"><span class=\"ugb-button--inner\">Kontakt<\/span><\/a><\/div><\/div><\/div><\/div><\/div>\n","protected":false},"excerpt":{"rendered":"<p>Akustika prostora Akusti\u010dni paneli so plo\u0161\u010de, ki absorbirajo zvok. Uporabljajo &#8230; <\/p>\n<p class=\"read-more-container\"><a title=\"Akusti\u010dni paneli\" class=\"read-more button\" href=\"https:\/\/bekostyle.com\/si\/akusticni-paneli\/#more-2222\" aria-label=\"Read more about Akusti\u010dni paneli\">Op\u0161irnije<\/a><\/p>\n","protected":false},"author":2,"featured_media":0,"parent":0,"menu_order":0,"comment_status":"closed","ping_status":"closed","template":"","meta":{"_seopress_robots_primary_cat":"","_seopress_titles_title":"Akusti\u010dni paneli - Nastavitev akusticni paneli Beko Style","_seopress_titles_desc":"Akusti\u010dni paneli - so plo\u0161\u010de, ki absorbirajo zvok. Uporabljajo se za laj\u0161anje hrupa in zmanj\u0161anje odmevov in odmevov v vesolju.","_seopress_robots_index":"","pgc_sgb_lightbox_settings":"","footnotes":""},"class_list":{"0":"post-2222","1":"page","2":"type-page","3":"status-publish","5":"no-featured-image-padding"},"featured_image_urls_v2":{"full":"","thumbnail":"","medium":"","medium_large":"","large":"","1536x1536":"","2048x2048":""},"post_excerpt_stackable_v2":"<p>Akustika prostora Akusti\u010dni paneli so plo\u0161\u010de, ki absorbirajo zvok. Uporabljajo se za zmanj\u0161anje jakosti hrupa in ubla\u017eitev odmevanja v prostoru. Osnovna na\u010dela dobre akustike prostora so:&nbsp;absorpcija, difuzija in ubla\u017eitev jakosti hrupa. Bolj\u0161e je delovanje panelov, bolje bo dose\u017een u\u010dinek le teh \u2013 bolj\u0161a bo akustika prostora. \u010ce \u017eelite dose\u010di najbolj\u0161i efekt delovanja akusti\u010dnih panelov, je na prvem mestu potrebna ustrezna namestitev le teh, kar pomeni, da je potrebno ustrezno dolo\u010diti prostor namestitve panelov. Dejavniki, ki vplivajo na postavitev akusti\u010dnih panelov Iskanje idealnega polo\u017eaja postavitve panelov je odvisno od \u0161tevilnih dejavnikov, vklju\u010dno z: \u2022 vrsto prostora oziroma sobe\u2022 namembnost prostora\u2022 obstoje\u010de&hellip;<\/p>\n","category_list_v2":"","author_info_v2":{"name":"Zorica Beko","url":"https:\/\/bekostyle.com\/si\/author\/zorica\/"},"comments_num_v2":"0 comments","_links":{"self":[{"href":"https:\/\/bekostyle.com\/si\/wp-json\/wp\/v2\/pages\/2222","targetHints":{"allow":["GET"]}}],"collection":[{"href":"https:\/\/bekostyle.com\/si\/wp-json\/wp\/v2\/pages"}],"about":[{"href":"https:\/\/bekostyle.com\/si\/wp-json\/wp\/v2\/types\/page"}],"author":[{"embeddable":true,"href":"https:\/\/bekostyle.com\/si\/wp-json\/wp\/v2\/users\/2"}],"replies":[{"embeddable":true,"href":"https:\/\/bekostyle.com\/si\/wp-json\/wp\/v2\/comments?post=2222"}],"version-history":[{"count":3,"href":"https:\/\/bekostyle.com\/si\/wp-json\/wp\/v2\/pages\/2222\/revisions"}],"predecessor-version":[{"id":19349,"href":"https:\/\/bekostyle.com\/si\/wp-json\/wp\/v2\/pages\/2222\/revisions\/19349"}],"wp:attachment":[{"href":"https:\/\/bekostyle.com\/si\/wp-json\/wp\/v2\/media?parent=2222"}],"curies":[{"name":"wp","href":"https:\/\/api.w.org\/{rel}","templated":true}]}}