{"id":2133,"date":"2021-07-04T19:58:33","date_gmt":"2021-07-04T17:58:33","guid":{"rendered":"https:\/\/bekostyle.com\/swe\/?page_id=2133"},"modified":"2021-10-06T20:26:50","modified_gmt":"2021-10-06T18:26:50","slug":"inredning","status":"publish","type":"page","link":"https:\/\/bekostyle.com\/swe\/inredning\/","title":{"rendered":"Inredning"},"content":{"rendered":"<style>#kt-layout-id_5ff0e3-23{margin-bottom:0px;}#kt-layout-id_5ff0e3-23 > .kt-row-column-wrap{align-content:center;}:where(#kt-layout-id_5ff0e3-23 > .kt-row-column-wrap) > .wp-block-kadence-column{justify-content:center;}#kt-layout-id_5ff0e3-23 > .kt-row-column-wrap{column-gap:var(--global-kb-gap-md, 2rem);row-gap:var(--global-kb-gap-md, 2rem);padding-top:var( --global-kb-row-default-top, 25px );padding-bottom:var( --global-kb-row-default-bottom, 25px );padding-top:0px;padding-bottom:0px;grid-template-columns:repeat(2, minmax(0, 1fr));}#kt-layout-id_5ff0e3-23 > .kt-row-layout-overlay{opacity:0.30;}@media all and (max-width: 1024px){#kt-layout-id_5ff0e3-23 > .kt-row-column-wrap{grid-template-columns:repeat(2, minmax(0, 1fr));}}@media all and (max-width: 767px){#kt-layout-id_5ff0e3-23 > .kt-row-column-wrap{padding-left:20px;padding-right:20px;grid-template-columns:minmax(0, 1fr);}}<\/style>\n<div class=\"wp-block-kadence-rowlayout alignwide\"><div id=\"kt-layout-id_5ff0e3-23\" class=\"kt-row-layout-inner kt-layout-id_5ff0e3-23\"><div class=\"kt-row-column-wrap kt-has-2-columns kt-gutter-default kt-v-gutter-default kt-row-valign-middle kt-row-layout-equal kt-tab-layout-inherit kt-m-colapse-left-to-right kt-mobile-layout-row\"><style>.kadence-column_be20bb-33 > .kt-inside-inner-col{border-top-width:0px;border-right-width:0px;border-bottom-width:0px;border-left-width:0px;}.kadence-column_be20bb-33 > .kt-inside-inner-col,.kadence-column_be20bb-33 > .kt-inside-inner-col:before{border-top-left-radius:0px;border-top-right-radius:0px;border-bottom-right-radius:0px;border-bottom-left-radius:0px;}.kadence-column_be20bb-33 > .kt-inside-inner-col{column-gap:var(--global-kb-gap-sm, 1rem);}.kadence-column_be20bb-33 > .kt-inside-inner-col{flex-direction:column;}.kadence-column_be20bb-33 > .kt-inside-inner-col > .aligncenter{width:100%;}.kadence-column_be20bb-33 > .kt-inside-inner-col:before{opacity:0.3;}.kadence-column_be20bb-33{position:relative;}@media all and (max-width: 1024px){.kadence-column_be20bb-33 > .kt-inside-inner-col{flex-direction:column;justify-content:center;}}@media all and (max-width: 767px){.kadence-column_be20bb-33 > .kt-inside-inner-col{flex-direction:column;justify-content:center;}}<\/style>\n<div class=\"wp-block-kadence-column inner-column-1 kadence-column_be20bb-33\"><div class=\"kt-inside-inner-col\">\n<figure class=\"wp-block-image size-large\"><img loading=\"lazy\" decoding=\"async\" width=\"700\" height=\"467\" src=\"https:\/\/bekostyle.com\/swe\/wp-content\/uploads\/2021\/07\/pregradni-zidovi-8.jpg\" alt=\"Ure\u0111enje enterijera\" class=\"wp-image-1642\" srcset=\"https:\/\/bekostyle.com\/swe\/wp-content\/uploads\/2021\/07\/pregradni-zidovi-8.jpg 700w, https:\/\/bekostyle.com\/swe\/wp-content\/uploads\/2021\/07\/pregradni-zidovi-8-300x200.jpg 300w, https:\/\/bekostyle.com\/swe\/wp-content\/uploads\/2021\/07\/pregradni-zidovi-8-365x243.jpg 365w\" sizes=\"auto, (max-width: 700px) 100vw, 700px\" \/><\/figure>\n<\/div><\/div>\n\n\n<style>.kadence-column_3f4b21-8b > .kt-inside-inner-col{border-top-width:0px;border-right-width:0px;border-bottom-width:0px;border-left-width:0px;}.kadence-column_3f4b21-8b > .kt-inside-inner-col,.kadence-column_3f4b21-8b > .kt-inside-inner-col:before{border-top-left-radius:0px;border-top-right-radius:0px;border-bottom-right-radius:0px;border-bottom-left-radius:0px;}.kadence-column_3f4b21-8b > .kt-inside-inner-col{column-gap:var(--global-kb-gap-sm, 1rem);}.kadence-column_3f4b21-8b > .kt-inside-inner-col{flex-direction:column;}.kadence-column_3f4b21-8b > .kt-inside-inner-col > .aligncenter{width:100%;}.kadence-column_3f4b21-8b > .kt-inside-inner-col:before{opacity:0.3;}.kadence-column_3f4b21-8b{position:relative;}@media all and (max-width: 1024px){.kadence-column_3f4b21-8b > .kt-inside-inner-col{flex-direction:column;justify-content:center;}}@media all and (max-width: 767px){.kadence-column_3f4b21-8b > .kt-inside-inner-col{flex-direction:column;justify-content:center;}}<\/style>\n<div class=\"wp-block-kadence-column inner-column-2 kadence-column_3f4b21-8b\"><div class=\"kt-inside-inner-col\">\n<p>Inredning \u00e4r en mycket viktig faktor som p\u00e5verkar funktionalitet och estetik av en plats. Design m\u00e5ste uppfylla anv\u00e4ndares \u00f6nskem\u00e5l, men ocks\u00e5 beh\u00f6ver maximalt utnyttja egenskaperna av platsen s\u00e5som naturligt ljus, konfiguration, form av ett rum och syfte med rummet.<\/p>\n\n\n\n<p>Om du har ett ideprojekt, koncept eller redan f\u00e4rdigt konstruktionsprojekt kan vi i Beko Style utf\u00f6ra en komplett inredning.<\/p>\n<\/div><\/div>\n<\/div><\/div><\/div>\n\n\n<style>#kt-layout-id_16699d-f3{margin-bottom:0px;}#kt-layout-id_16699d-f3 > .kt-row-column-wrap{align-content:start;}:where(#kt-layout-id_16699d-f3 > .kt-row-column-wrap) > .wp-block-kadence-column{justify-content:start;}#kt-layout-id_16699d-f3 > .kt-row-column-wrap{column-gap:var(--global-kb-gap-md, 2rem);row-gap:var(--global-kb-gap-md, 2rem);padding-top:var( --global-kb-row-default-top, 25px );padding-bottom:var( --global-kb-row-default-bottom, 25px );grid-template-columns:minmax(0, 1fr);}#kt-layout-id_16699d-f3 > .kt-row-layout-overlay{opacity:0.30;}@media all and (max-width: 1024px){#kt-layout-id_16699d-f3 > .kt-row-column-wrap{grid-template-columns:minmax(0, 1fr);}}@media all and (max-width: 767px){#kt-layout-id_16699d-f3 > .kt-row-column-wrap{padding-left:20px;padding-right:20px;grid-template-columns:minmax(0, 1fr);}}<\/style>\n<div class=\"wp-block-kadence-rowlayout alignwide\"><div id=\"kt-layout-id_16699d-f3\" class=\"kt-row-layout-inner kt-layout-id_16699d-f3\"><div class=\"kt-row-column-wrap kt-has-1-columns kt-gutter-default kt-v-gutter-default kt-row-valign-top kt-row-layout-equal kt-tab-layout-inherit kt-m-colapse-left-to-right kt-mobile-layout-row\"><style>.kadence-column_ee68f4-f7 > .kt-inside-inner-col{border-top-width:0px;border-right-width:0px;border-bottom-width:0px;border-left-width:0px;}.kadence-column_ee68f4-f7 > .kt-inside-inner-col,.kadence-column_ee68f4-f7 > .kt-inside-inner-col:before{border-top-left-radius:0px;border-top-right-radius:0px;border-bottom-right-radius:0px;border-bottom-left-radius:0px;}.kadence-column_ee68f4-f7 > .kt-inside-inner-col{column-gap:var(--global-kb-gap-sm, 1rem);}.kadence-column_ee68f4-f7 > .kt-inside-inner-col{flex-direction:column;}.kadence-column_ee68f4-f7 > .kt-inside-inner-col > .aligncenter{width:100%;}.kadence-column_ee68f4-f7 > .kt-inside-inner-col:before{opacity:0.3;}.kadence-column_ee68f4-f7{position:relative;}@media all and (max-width: 1024px){.kadence-column_ee68f4-f7 > .kt-inside-inner-col{flex-direction:column;justify-content:center;}}@media all and (max-width: 767px){.kadence-column_ee68f4-f7 > .kt-inside-inner-col{flex-direction:column;justify-content:center;}}<\/style>\n<div class=\"wp-block-kadence-column inner-column-1 kadence-column_ee68f4-f7\"><div class=\"kt-inside-inner-col\">\n<p>V\u00e5ra tj\u00e4nster omfattar f\u00f6ljande verksamheter:<\/p>\n\n\n\n<ul class=\"wp-block-list\"><li>montering av m\u00f6bler, sk\u00e5p, hyllor, d\u00f6rrar, speglar, s\u00e4ngar, bord och andra delar av m\u00f6bler om ni<\/li><li>utrustar lokal eller kontor<\/li><li>montering och upps\u00e4ttning av belysning<\/li><li>montering och upps\u00e4ttning av larmsystem<\/li><li>monterings och upps\u00e4ttning av brandlarm<\/li><li>video\u00f6vervakningssystem<\/li><li>telekommunikationssystem och<\/li><li>system av ljud- och videoutrustning<\/li><\/ul>\n\n\n\n<h2 class=\"gb-headline gb-headline-150499da gb-headline-text\">Inredning av kontorslokaler<\/h2>\n\n\n\n<p>Vi samarbetade med formgivare och ingenj\u00f6rer fr\u00e5n flera v\u00e4rldsber\u00f6mda m\u00e4rken s\u00e5som Roberto Cavalli, Carpisa, Segue, Calvin Klein, Retro och vi har erfarenhet av att inreda moderna interi\u00f6rer av h\u00f6g standard. Som ett resultat av v\u00e5rt engagemang och professionalism var vi prisbel\u00f6nade av den estetiska avdelningen inom f\u00f6retaget Roberto Cavalli som f\u00f6rklarade v\u00e5r butik i Novi Sad f\u00f6r den b\u00e4sta utformade och tekniskt konstruerade butiken i syd\u00f6stra Europa.<\/p>\n\n\n\n<p>Ocks\u00e5 \u00e4ger vi licens Carpisa att utf\u00f6ra interna arbeten i deras lokaler genom hela Serbien.<\/p>\n\n\n\n<h2 class=\"wp-block-heading\">Hur att f\u00f6rs\u00f6na enteri\u00f6r i 5 steg<\/h2>\n\n\n\n<ul class=\"wp-block-list\"><li>Inf\u00f6ra krukv\u00e4xter<\/li><li>St\u00e4ll en modern spegel<\/li><li>Montera dekorativ belysning<\/li><li>H\u00e4ng bilder<\/li><li>M\u00e5la en v\u00e4gg med olika f\u00e4rg<\/li><\/ul>\n\n\n\n<h2 class=\"wp-block-heading\">Stilar i inredning<\/h2>\n\n\n\n<p>Det finns hundratals stilar idag. Hur man v\u00e4ljer det som \u00e4r b\u00e4st f\u00f6r en?<br><br>Helt enkelt, fr\u00e5ga dig sj\u00e4lv vad du beh\u00f6ver och \u00f6nskar i ditt utrymme, vad syftet \u00e4r med platsen och hur mycket tid ska du spendera d\u00e4r.<br><br>Om du vill \u00e4ndra n\u00e5got, \u00e4ndra inte omedelbart hela stilen men i b\u00f6rjan f\u00f6rs\u00f6ka ta in olika detaljer och dekorationer.<br><br>F\u00f6rs\u00f6k att friska upp platsen med sm\u00e5 f\u00f6r\u00e4ndringar och bara d\u00e5 om du gillar dem kan du b\u00f6rja \u00e4ndra hela stilen.<\/p>\n\n\n\n<h2 class=\"wp-block-heading\">Varf\u00f6r v\u00e4lja oss?<\/h2>\n\n\n\n<ul class=\"wp-block-list\"><li>Vi utf\u00f6r arbete i hela Serbien<\/li><li>Vi har alla n\u00f6dv\u00e4ndiga verktyg<\/li><li>Vi har 7 \u00e5rs erfarenhet<\/li><li>Vi l\u00e4mnar garanti f\u00f6r alla utf\u00f6rda arbeten<\/li><\/ul>\n<\/div><\/div>\n<\/div><\/div><\/div>\n\n\n\n<div class=\"alignwide wp-block-ugb-image-box ugb-image-box ugb-d1b97da ugb-image-box--v4 ugb-image-box--columns-3 ugb-image-box--design-basic ugb-image-box--effect-blur-in ugb-image-box--with-arrow ugb-image-box--align-left ugb-main-block\"><style>.ugb-d1b97da .ugb-image-box__box{border-radius:0px !important}.ugb-d1b97da .ugb-image-box__item{height:334px !important;justify-content:flex-end !important}.ugb-d1b97da .ugb-image-box__item1 .ugb-image-box__image{background-image:url(https:\/\/bekostyle.com\/swe\/wp-content\/uploads\/2021\/07\/izrada-kuhinje-po-meri-glavna.jpg)}.ugb-d1b97da .ugb-image-box__item2 .ugb-image-box__image{background-image:url(https:\/\/bekostyle.com\/swe\/wp-content\/uploads\/2021\/07\/izrada-namestaja-po-meri-glavna.jpg)}.ugb-d1b97da .ugb-image-box__item3 .ugb-image-box__image{background-image:url(https:\/\/bekostyle.com\/swe\/wp-content\/uploads\/2021\/07\/inox-elementi-glavna.jpg)}.ugb-d1b97da .ugb-image-box__item4 .ugb-image-box__image{background-image:url(https:\/\/bekostyle.com\/swe\/wp-content\/uploads\/2021\/07\/izrada-kuhinja-po-meri-medijapan4-768x1024.jpg)}.ugb-d1b97da .ugb-image-box__item:not(:hover) .ugb-image-box__overlay{opacity:0.2 !important}.ugb-d1b97da .ugb-image-box__overlay-hover{background-color:#8ed1fc !important}.ugb-d1b97da .ugb-image-box__item:hover .ugb-image-box__overlay-hover{opacity:0.5 !important}.ugb-d1b97da .ugb-image-box__title{text-transform:uppercase !important;color:var(--stk-global-color-80953,#ffffff) !important;margin-bottom:10px !important}.ugb-d1b97da .ugb-image-box__arrow svg{fill:var(--stk-global-color-80953,#ffffff) !important}.ugb-d1b97da .ugb-image-box__arrow{text-align:left !important}.ugb-d1b97da .ugb-inner-block{text-align:left}@media screen and (min-width:768px){.ugb-d1b97da.ugb-image-box{padding-top:5px !important;padding-bottom:5px !important}.ugb-d1b97da > .ugb-inner-block > .ugb-block-content > *{justify-content:flex-end}}@media screen and (min-width:768px) and (max-width:1025px){.ugb-d1b97da .ugb-image-box__item{height:300px !important}}@media screen and (max-width:768px){.ugb-d1b97da .ugb-image-box__item{height:300px !important}}<\/style><div class=\"ugb-inner-block\"><div class=\"ugb-block-content\"><div class=\"ugb-image-box__item ugb-image-box__item1 ugb-image-box__box ugb--shadow-0\"><div class=\"ugb-image-box__box ugb-image-box__image-wrapper\"><div class=\"ugb-image-box__box ugb-image-box__image\" role=\"img\" aria-label=\"Anpassade k\u00f6k\"><\/div><\/div><div class=\"ugb-image-box__box ugb-image-box__overlay\"><\/div><div class=\"ugb-image-box__box ugb-image-box__overlay-hover\"><\/div><div class=\"ugb-image-box__content\"><div class=\"ugb-image-box__header\"><h4 class=\"ugb-image-box__title\">Anpassade k\u00f6k<\/h4><\/div><\/div><div class=\"ugb-image-box__arrow\"><svg viewbox=\"0 0 167.6 107.8\" xmlns=\"http:\/\/www.w3.org\/2000\/svg\"><path d=\"M116.8 106.6l50.8-52.7-50.9-52.7c-1.5-1.6-4.1-1.6-5.7-.1-1.6 1.5-1.6 4.1-.1 5.7l41.6 43.1H4c-2.2 0-4 1.7-4 3.9s1.7 4 3.9 4.1h148.7L111 101c-1.5 1.6-1.4 4.1.1 5.6 1.6 1.6 4.1 1.5 5.7 0z\"><\/path><\/svg><\/div><a class=\"ugb-image-box__overlay-link\" href=\"https:\/\/bekostyle.com\/swe\/anpassade-kok-av-massivt-tra-mdf-eller-spanskiva\/\" title=\"Anpassade k\u00f6k\" aria-label=\"Anpassade k\u00f6k\"><\/a><\/div><div class=\"ugb-image-box__item ugb-image-box__item2 ugb-image-box__box ugb--shadow-0\"><div class=\"ugb-image-box__box ugb-image-box__image-wrapper\"><div class=\"ugb-image-box__box ugb-image-box__image\" role=\"img\" aria-label=\"Specialtillverkade m\u00f6bler av tr\u00e4\"><\/div><\/div><div class=\"ugb-image-box__box ugb-image-box__overlay\"><\/div><div class=\"ugb-image-box__box ugb-image-box__overlay-hover\"><\/div><div class=\"ugb-image-box__content\"><div class=\"ugb-image-box__header\"><h4 class=\"ugb-image-box__title\">Specialtillverkade m\u00f6bler av tr\u00e4<\/h4><\/div><\/div><div class=\"ugb-image-box__arrow\"><svg viewbox=\"0 0 167.6 107.8\" xmlns=\"http:\/\/www.w3.org\/2000\/svg\"><path d=\"M116.8 106.6l50.8-52.7-50.9-52.7c-1.5-1.6-4.1-1.6-5.7-.1-1.6 1.5-1.6 4.1-.1 5.7l41.6 43.1H4c-2.2 0-4 1.7-4 3.9s1.7 4 3.9 4.1h148.7L111 101c-1.5 1.6-1.4 4.1.1 5.6 1.6 1.6 4.1 1.5 5.7 0z\"><\/path><\/svg><\/div><a class=\"ugb-image-box__overlay-link\" href=\"https:\/\/bekostyle.com\/swe\/specialtillverkade-mobler-av-tra\/\" title=\"Specialtillverkade m\u00f6bler av tr\u00e4\" aria-label=\"Specialtillverkade m\u00f6bler av tr\u00e4\"><\/a><\/div><div class=\"ugb-image-box__item ugb-image-box__item3 ugb-image-box__box ugb--shadow-0\"><div class=\"ugb-image-box__box ugb-image-box__image-wrapper\"><div class=\"ugb-image-box__box ugb-image-box__image\" role=\"img\" aria-label=\"Inox element\"><\/div><\/div><div class=\"ugb-image-box__box ugb-image-box__overlay\"><\/div><div class=\"ugb-image-box__box ugb-image-box__overlay-hover\"><\/div><div class=\"ugb-image-box__content\"><div class=\"ugb-image-box__header\"><h4 class=\"ugb-image-box__title\">Inox element<\/h4><\/div><\/div><div class=\"ugb-image-box__arrow\"><svg viewbox=\"0 0 167.6 107.8\" xmlns=\"http:\/\/www.w3.org\/2000\/svg\"><path d=\"M116.8 106.6l50.8-52.7-50.9-52.7c-1.5-1.6-4.1-1.6-5.7-.1-1.6 1.5-1.6 4.1-.1 5.7l41.6 43.1H4c-2.2 0-4 1.7-4 3.9s1.7 4 3.9 4.1h148.7L111 101c-1.5 1.6-1.4 4.1.1 5.6 1.6 1.6 4.1 1.5 5.7 0z\"><\/path><\/svg><\/div><a class=\"ugb-image-box__overlay-link\" href=\"\/inox-elementi-po-meri\/\" title=\"Inox element\" aria-label=\"Inox element\"><\/a><\/div><\/div><\/div><\/div>\n\n\n\n<div class=\"alignwide wp-block-ugb-image-box ugb-image-box ugb-be73a91 ugb-image-box--v4 ugb-image-box--columns-3 ugb-image-box--design-basic ugb-image-box--effect-blur-in ugb-image-box--with-arrow ugb-image-box--align-left ugb-main-block\"><style>.ugb-be73a91 .ugb-image-box__box{border-radius:0px !important}.ugb-be73a91 .ugb-image-box__item{height:334px !important;justify-content:flex-end !important}.ugb-be73a91 .ugb-image-box__item1 .ugb-image-box__image{background-image:url(https:\/\/bekostyle.com\/swe\/wp-content\/uploads\/2021\/07\/tus-kabine-glavna.jpg)}.ugb-be73a91 .ugb-image-box__item2 .ugb-image-box__image{background-image:url(https:\/\/bekostyle.com\/swe\/wp-content\/uploads\/2021\/07\/molerski-radovi-glavna.jpg)}.ugb-be73a91 .ugb-image-box__item3 .ugb-image-box__image{background-image:url(https:\/\/bekostyle.com\/swe\/wp-content\/uploads\/2021\/07\/parketarski-radovi-glavna-1.jpg)}.ugb-be73a91 .ugb-image-box__item4 .ugb-image-box__image{background-image:url(https:\/\/bekostyle.com\/swe\/wp-content\/uploads\/2021\/07\/izrada-kuhinja-po-meri-medijapan4-768x1024.jpg)}.ugb-be73a91 .ugb-image-box__item:not(:hover) .ugb-image-box__overlay{opacity:0.2 !important}.ugb-be73a91 .ugb-image-box__overlay-hover{background-color:#8ed1fc !important}.ugb-be73a91 .ugb-image-box__item:hover .ugb-image-box__overlay-hover{opacity:0.5 !important}.ugb-be73a91 .ugb-image-box__title{text-transform:uppercase !important;color:var(--stk-global-color-80953,#ffffff) !important;margin-bottom:10px !important}.ugb-be73a91 .ugb-image-box__arrow svg{fill:var(--stk-global-color-80953,#ffffff) !important}.ugb-be73a91 .ugb-image-box__arrow{text-align:left !important}.ugb-be73a91 .ugb-inner-block{text-align:left}@media screen and (min-width:768px){.ugb-be73a91.ugb-image-box{padding-top:5px !important;padding-bottom:5px !important}.ugb-be73a91 > .ugb-inner-block > .ugb-block-content > *{justify-content:flex-end}}@media screen and (min-width:768px) and (max-width:1025px){.ugb-be73a91 .ugb-image-box__item{height:300px !important}}@media screen and (max-width:768px){.ugb-be73a91 .ugb-image-box__item{height:300px !important}}<\/style><div class=\"ugb-inner-block\"><div class=\"ugb-block-content\"><div class=\"ugb-image-box__item ugb-image-box__item1 ugb-image-box__box ugb--shadow-0\"><div class=\"ugb-image-box__box ugb-image-box__image-wrapper\"><div class=\"ugb-image-box__box ugb-image-box__image\" role=\"img\" aria-label=\"Duschkabiner och badkar av h\u00e4rdat glas\"><\/div><\/div><div class=\"ugb-image-box__box ugb-image-box__overlay\"><\/div><div class=\"ugb-image-box__box ugb-image-box__overlay-hover\"><\/div><div class=\"ugb-image-box__content\"><div class=\"ugb-image-box__header\"><h4 class=\"ugb-image-box__title\">Duschkabiner och badkar av h\u00e4rdat glas<\/h4><\/div><\/div><div class=\"ugb-image-box__arrow\"><svg viewbox=\"0 0 167.6 107.8\" xmlns=\"http:\/\/www.w3.org\/2000\/svg\"><path d=\"M116.8 106.6l50.8-52.7-50.9-52.7c-1.5-1.6-4.1-1.6-5.7-.1-1.6 1.5-1.6 4.1-.1 5.7l41.6 43.1H4c-2.2 0-4 1.7-4 3.9s1.7 4 3.9 4.1h148.7L111 101c-1.5 1.6-1.4 4.1.1 5.6 1.6 1.6 4.1 1.5 5.7 0z\"><\/path><\/svg><\/div><a class=\"ugb-image-box__overlay-link\" href=\"\/tus-kabine-po-meri\/\" title=\"Duschkabiner och badkar av h\u00e4rdat glas\" aria-label=\"Duschkabiner och badkar av h\u00e4rdat glas\"><\/a><\/div><div class=\"ugb-image-box__item ugb-image-box__item2 ugb-image-box__box ugb--shadow-0\"><div class=\"ugb-image-box__box ugb-image-box__image-wrapper\"><div class=\"ugb-image-box__box ugb-image-box__image\" role=\"img\" aria-label=\"M\u00e5lningstj\u00e4nster\"><\/div><\/div><div class=\"ugb-image-box__box ugb-image-box__overlay\"><\/div><div class=\"ugb-image-box__box ugb-image-box__overlay-hover\"><\/div><div class=\"ugb-image-box__content\"><div class=\"ugb-image-box__header\"><h4 class=\"ugb-image-box__title\">M\u00e5lningstj\u00e4nster<\/h4><\/div><\/div><div class=\"ugb-image-box__arrow\"><svg viewbox=\"0 0 167.6 107.8\" xmlns=\"http:\/\/www.w3.org\/2000\/svg\"><path d=\"M116.8 106.6l50.8-52.7-50.9-52.7c-1.5-1.6-4.1-1.6-5.7-.1-1.6 1.5-1.6 4.1-.1 5.7l41.6 43.1H4c-2.2 0-4 1.7-4 3.9s1.7 4 3.9 4.1h148.7L111 101c-1.5 1.6-1.4 4.1.1 5.6 1.6 1.6 4.1 1.5 5.7 0z\"><\/path><\/svg><\/div><a class=\"ugb-image-box__overlay-link\" href=\"https:\/\/bekostyle.com\/swe\/malningstjanster\/\" title=\"M\u00e5lningstj\u00e4nster\" aria-label=\"M\u00e5lningstj\u00e4nster\"><\/a><\/div><div class=\"ugb-image-box__item ugb-image-box__item3 ugb-image-box__box ugb--shadow-0\"><div class=\"ugb-image-box__box ugb-image-box__image-wrapper\"><div class=\"ugb-image-box__box ugb-image-box__image\" role=\"img\" aria-label=\"L\u00e4ggning av parkett och laminatgolv\"><\/div><\/div><div class=\"ugb-image-box__box ugb-image-box__overlay\"><\/div><div class=\"ugb-image-box__box ugb-image-box__overlay-hover\"><\/div><div class=\"ugb-image-box__content\"><div class=\"ugb-image-box__header\"><h4 class=\"ugb-image-box__title\">L\u00e4ggning av parkett och laminatgolv<\/h4><\/div><\/div><div class=\"ugb-image-box__arrow\"><svg viewbox=\"0 0 167.6 107.8\" xmlns=\"http:\/\/www.w3.org\/2000\/svg\"><path d=\"M116.8 106.6l50.8-52.7-50.9-52.7c-1.5-1.6-4.1-1.6-5.7-.1-1.6 1.5-1.6 4.1-.1 5.7l41.6 43.1H4c-2.2 0-4 1.7-4 3.9s1.7 4 3.9 4.1h148.7L111 101c-1.5 1.6-1.4 4.1.1 5.6 1.6 1.6 4.1 1.5 5.7 0z\"><\/path><\/svg><\/div><a class=\"ugb-image-box__overlay-link\" href=\"https:\/\/bekostyle.com\/swe\/laggning-av-parkett-och-laminatgolv\/\" title=\"L\u00e4ggning av parkett och laminatgolv\" aria-label=\"L\u00e4ggning av parkett och laminatgolv\"><\/a><\/div><\/div><\/div><\/div>\n\n\n\n<div class=\"alignfull wp-block-ugb-cta ugb-cta ugb-4bd473a ugb-cta ugb-cta--v2 ugb-cta--design-plain ugb-main-block ugb--has-custom-content-width ugb--has-custom-content-width-tablet ugb--has-custom-content-width-mobile ugb-main-block--inner-full ugb--has-block-background ugb--has-background-overlay\"><style>.ugb-4bd473a .ugb-cta__title{font-size:42px !important;font-weight:600 !important;color:#ffffff}.ugb-4bd473a .ugb-cta__description{margin-bottom:45px !important;font-size:24px !important;color:#ffffff}.ugb-4bd473a .ugb-button .ugb-button--inner{font-family:\"IBM Plex Sans\",Sans-serif !important;font-size:18px !important;color:#ffffff !important}.ugb-4bd473a .ugb-button{border-color:#ffffff !important;border-radius:0px !important}.ugb-4bd473a .ugb-button:hover .ugb-button--inner{color:#ffffff !important}.ugb-4bd473a .ugb-button:before{border-radius:0px !important}.ugb-4bd473a.ugb-cta{background-color:#000000;background-image:url(https:\/\/bekostyle.com\/swe\/wp-content\/uploads\/2021\/07\/namestaj-po-meri-baner.jpg)}.ugb-4bd473a.ugb-cta > .ugb-inner-block{max-width:40% !important}.ugb-4bd473a.ugb-cta:before{background-color:#000000;opacity:0.6}@media screen and (max-width:1025px){.ugb-4bd473a.ugb-cta > .ugb-inner-block{max-width:70% !important}}@media screen and (max-width:768px){.ugb-4bd473a .ugb-cta__title{font-size:36px !important}.ugb-4bd473a.ugb-cta > .ugb-inner-block{max-width:80% !important}}@media screen and (min-width:768px){.ugb-4bd473a > .ugb-inner-block > .ugb-block-content > *{padding-top:30px !important;padding-bottom:30px !important}}<\/style><div class=\"ugb-inner-block ugb-inner-block--full\"><div class=\"ugb-block-content\"><div class=\"ugb-cta__item\"><h3 class=\"ugb-cta__title\">Are you planning to start a project?<\/h3><p class=\"ugb-cta__description\">Our experts are ready to work with you!<\/p><div class=\"ugb-button-container\"><a class=\"ugb-button ugb-button--size-small ugb--hover-effect-lift ugb-button--design-ghost\" href=\"\" rel=\"\" title=\"\"><span class=\"ugb-button--inner\">Contact<\/span><\/a><\/div><\/div><\/div><\/div><\/div>\n\n\n\n<p><\/p>\n","protected":false},"excerpt":{"rendered":"<p>Inredning \u00e4r en mycket viktig faktor som p\u00e5verkar funktionalitet och estetik av en plats. Design m\u00e5ste uppfylla anv\u00e4ndares \u00f6nskem\u00e5l, men ocks\u00e5 beh\u00f6ver maximalt utnyttja egenskaperna av platsen s\u00e5som naturligt ljus, &#8230; <\/p>\n<p class=\"read-more-container\"><a title=\"Inredning\" class=\"read-more button\" href=\"https:\/\/bekostyle.com\/swe\/inredning\/#more-2133\" aria-label=\"L\u00e4s mer om Inredning\">Op\u0161irnije<\/a><\/p>\n","protected":false},"author":1,"featured_media":0,"parent":0,"menu_order":0,"comment_status":"closed","ping_status":"closed","template":"","meta":{"_seopress_robots_primary_cat":"","_seopress_titles_title":"Inredning | Beko Style","_seopress_titles_desc":"Inredning \u00e4r en mycket viktig faktor som p\u00e5verkar funktionalitet och estetik av ... konstruktionsprojekt kan vi i Beko Style utf\u00f6ra en komplett inredning.","_seopress_robots_index":"","pgc_sgb_lightbox_settings":"","footnotes":""},"class_list":{"0":"post-2133","1":"page","2":"type-page","3":"status-publish","5":"no-featured-image-padding"},"featured_image_urls":{"full":"","thumbnail":"","medium":"","medium_large":"","large":"","1536x1536":"","2048x2048":""},"post_excerpt_stackable":"<p>Inredning \u00e4r en mycket viktig faktor som p\u00e5verkar funktionalitet och estetik av en plats. Design m\u00e5ste uppfylla anv\u00e4ndares \u00f6nskem\u00e5l, men ocks\u00e5 beh\u00f6ver maximalt utnyttja egenskaperna av platsen s\u00e5som naturligt ljus, konfiguration, form av ett rum och syfte med rummet. Om du har ett ideprojekt, koncept eller redan f\u00e4rdigt konstruktionsprojekt kan vi i Beko Style utf\u00f6ra en komplett inredning. V\u00e5ra tj\u00e4nster omfattar f\u00f6ljande verksamheter: montering av m\u00f6bler, sk\u00e5p, hyllor, d\u00f6rrar, speglar, s\u00e4ngar, bord och andra delar av m\u00f6bler om niutrustar lokal eller kontormontering och upps\u00e4ttning av belysningmontering och upps\u00e4ttning av larmsystemmonterings och upps\u00e4ttning av brandlarmvideo\u00f6vervakningssystemtelekommunikationssystem ochsystem av ljud- och videoutrustning Inredning&hellip;<\/p>\n","category_list":"","author_info":{"name":"timortis","url":"https:\/\/bekostyle.com\/swe\/author\/timortis\/"},"comments_num":"0 comments","featured_image_urls_v2":{"full":"","thumbnail":"","medium":"","medium_large":"","large":"","1536x1536":"","2048x2048":""},"post_excerpt_stackable_v2":"<p>Inredning \u00e4r en mycket viktig faktor som p\u00e5verkar funktionalitet och estetik av en plats. Design m\u00e5ste uppfylla anv\u00e4ndares \u00f6nskem\u00e5l, men ocks\u00e5 beh\u00f6ver maximalt utnyttja egenskaperna av platsen s\u00e5som naturligt ljus, konfiguration, form av ett rum och syfte med rummet. Om du har ett ideprojekt, koncept eller redan f\u00e4rdigt konstruktionsprojekt kan vi i Beko Style utf\u00f6ra en komplett inredning. V\u00e5ra tj\u00e4nster omfattar f\u00f6ljande verksamheter: montering av m\u00f6bler, sk\u00e5p, hyllor, d\u00f6rrar, speglar, s\u00e4ngar, bord och andra delar av m\u00f6bler om niutrustar lokal eller kontormontering och upps\u00e4ttning av belysningmontering och upps\u00e4ttning av larmsystemmonterings och upps\u00e4ttning av brandlarmvideo\u00f6vervakningssystemtelekommunikationssystem ochsystem av ljud- och videoutrustning Inredning&hellip;<\/p>\n","category_list_v2":"","author_info_v2":{"name":"timortis","url":"https:\/\/bekostyle.com\/swe\/author\/timortis\/"},"comments_num_v2":"0 comments","_links":{"self":[{"href":"https:\/\/bekostyle.com\/swe\/wp-json\/wp\/v2\/pages\/2133","targetHints":{"allow":["GET"]}}],"collection":[{"href":"https:\/\/bekostyle.com\/swe\/wp-json\/wp\/v2\/pages"}],"about":[{"href":"https:\/\/bekostyle.com\/swe\/wp-json\/wp\/v2\/types\/page"}],"author":[{"embeddable":true,"href":"https:\/\/bekostyle.com\/swe\/wp-json\/wp\/v2\/users\/1"}],"replies":[{"embeddable":true,"href":"https:\/\/bekostyle.com\/swe\/wp-json\/wp\/v2\/comments?post=2133"}],"version-history":[{"count":2,"href":"https:\/\/bekostyle.com\/swe\/wp-json\/wp\/v2\/pages\/2133\/revisions"}],"predecessor-version":[{"id":5153,"href":"https:\/\/bekostyle.com\/swe\/wp-json\/wp\/v2\/pages\/2133\/revisions\/5153"}],"wp:attachment":[{"href":"https:\/\/bekostyle.com\/swe\/wp-json\/wp\/v2\/media?parent=2133"}],"curies":[{"name":"wp","href":"https:\/\/api.w.org\/{rel}","templated":true}]}}