{"id":2194,"date":"2021-07-05T00:24:30","date_gmt":"2021-07-04T22:24:30","guid":{"rendered":"https:\/\/bekostyle.com\/swe\/?page_id=2194"},"modified":"2021-10-05T22:18:19","modified_gmt":"2021-10-05T20:18:19","slug":"inox-element","status":"publish","type":"page","link":"https:\/\/bekostyle.com\/swe\/inox-element\/","title":{"rendered":"Inox element och inox m\u00e5ttbest\u00e4llda m\u00f6bler med montering"},"content":{"rendered":"<style>#kt-layout-id_c88fa5-1c{margin-bottom:0px;}#kt-layout-id_c88fa5-1c > .kt-row-column-wrap{align-content:center;}:where(#kt-layout-id_c88fa5-1c > .kt-row-column-wrap) > .wp-block-kadence-column{justify-content:center;}#kt-layout-id_c88fa5-1c > .kt-row-column-wrap{column-gap:var(--global-kb-gap-md, 2rem);row-gap:var(--global-kb-gap-md, 2rem);padding-top:var( --global-kb-row-default-top, 25px );padding-bottom:var( --global-kb-row-default-bottom, 25px );padding-top:0px;padding-bottom:0px;grid-template-columns:repeat(2, minmax(0, 1fr));}#kt-layout-id_c88fa5-1c > .kt-row-layout-overlay{opacity:0.30;}@media all and (max-width: 1024px){#kt-layout-id_c88fa5-1c > .kt-row-column-wrap{grid-template-columns:repeat(2, minmax(0, 1fr));}}@media all and (max-width: 767px){#kt-layout-id_c88fa5-1c > .kt-row-column-wrap{padding-left:20px;padding-right:20px;grid-template-columns:minmax(0, 1fr);}}<\/style>\n<div class=\"wp-block-kadence-rowlayout alignwide\"><div id=\"kt-layout-id_c88fa5-1c\" class=\"kt-row-layout-inner kt-layout-id_c88fa5-1c\"><div class=\"kt-row-column-wrap kt-has-2-columns kt-gutter-default kt-v-gutter-default kt-row-valign-middle kt-row-layout-equal kt-tab-layout-inherit kt-m-colapse-left-to-right kt-mobile-layout-row\"><style>.kadence-column_664cd8-04 > .kt-inside-inner-col{border-top-width:0px;border-right-width:0px;border-bottom-width:0px;border-left-width:0px;}.kadence-column_664cd8-04 > .kt-inside-inner-col,.kadence-column_664cd8-04 > .kt-inside-inner-col:before{border-top-left-radius:0px;border-top-right-radius:0px;border-bottom-right-radius:0px;border-bottom-left-radius:0px;}.kadence-column_664cd8-04 > .kt-inside-inner-col{column-gap:var(--global-kb-gap-sm, 1rem);}.kadence-column_664cd8-04 > .kt-inside-inner-col{flex-direction:column;}.kadence-column_664cd8-04 > .kt-inside-inner-col > .aligncenter{width:100%;}.kadence-column_664cd8-04 > .kt-inside-inner-col:before{opacity:0.3;}.kadence-column_664cd8-04{position:relative;}@media all and (max-width: 1024px){.kadence-column_664cd8-04 > .kt-inside-inner-col{flex-direction:column;justify-content:center;}}@media all and (max-width: 767px){.kadence-column_664cd8-04 > .kt-inside-inner-col{flex-direction:column;justify-content:center;}}<\/style>\n<div class=\"wp-block-kadence-column inner-column-1 kadence-column_664cd8-04\"><div class=\"kt-inside-inner-col\">\n<figure class=\"wp-block-image size-large\"><img loading=\"lazy\" decoding=\"async\" width=\"1000\" height=\"668\" src=\"https:\/\/bekostyle.com\/swe\/wp-content\/uploads\/2021\/07\/inox-po-meri-3.jpg\" alt=\"Inox elementi po meri\" class=\"wp-image-2195\" srcset=\"https:\/\/bekostyle.com\/swe\/wp-content\/uploads\/2021\/07\/inox-po-meri-3.jpg 1000w, https:\/\/bekostyle.com\/swe\/wp-content\/uploads\/2021\/07\/inox-po-meri-3-300x200.jpg 300w, https:\/\/bekostyle.com\/swe\/wp-content\/uploads\/2021\/07\/inox-po-meri-3-768x513.jpg 768w, https:\/\/bekostyle.com\/swe\/wp-content\/uploads\/2021\/07\/inox-po-meri-3-365x243.jpg 365w\" sizes=\"auto, (max-width: 1000px) 100vw, 1000px\" \/><\/figure>\n<\/div><\/div>\n\n\n<style>.kadence-column_88ac5a-63 > .kt-inside-inner-col{border-top-width:0px;border-right-width:0px;border-bottom-width:0px;border-left-width:0px;}.kadence-column_88ac5a-63 > .kt-inside-inner-col,.kadence-column_88ac5a-63 > .kt-inside-inner-col:before{border-top-left-radius:0px;border-top-right-radius:0px;border-bottom-right-radius:0px;border-bottom-left-radius:0px;}.kadence-column_88ac5a-63 > .kt-inside-inner-col{column-gap:var(--global-kb-gap-sm, 1rem);}.kadence-column_88ac5a-63 > .kt-inside-inner-col{flex-direction:column;}.kadence-column_88ac5a-63 > .kt-inside-inner-col > .aligncenter{width:100%;}.kadence-column_88ac5a-63 > .kt-inside-inner-col:before{opacity:0.3;}.kadence-column_88ac5a-63{position:relative;}@media all and (max-width: 1024px){.kadence-column_88ac5a-63 > .kt-inside-inner-col{flex-direction:column;justify-content:center;}}@media all and (max-width: 767px){.kadence-column_88ac5a-63 > .kt-inside-inner-col{flex-direction:column;justify-content:center;}}<\/style>\n<div class=\"wp-block-kadence-column inner-column-2 kadence-column_88ac5a-63\"><div class=\"kt-inside-inner-col\">\n<p>Vi bjuder tillverkining av enteri\u00f6rs- och exteri\u00f6rsdelar av inox samt deras montering och underh\u00e5ll. Vi kan tillverka element enligt ditt projekt men ocks\u00e5 kan vi hj\u00e4lpa dig med design och planing av vitrinsk\u00e5p, diskar, bardiskar och alla andra element.<\/p>\n\n\n\n<p>Pl\u00e5t som vi anv\u00e4nder kan vara perforerad och massiv. Kylning kan vara passiv eller aktiv d\u00e4r vi installerar kompressorer av h\u00f6g kvalitet. Kylsystemet \u00e4r sj\u00e4lvavfrostande. Vi installerar ocks\u00e5 v\u00e4rmesystemet enligt dina \u00f6nskem\u00e5l.<\/p>\n<\/div><\/div>\n<\/div><\/div><\/div>\n\n\n<style>#kt-layout-id_740c4e-f0{margin-bottom:0px;}#kt-layout-id_740c4e-f0 > .kt-row-column-wrap{align-content:start;}:where(#kt-layout-id_740c4e-f0 > .kt-row-column-wrap) > .wp-block-kadence-column{justify-content:start;}#kt-layout-id_740c4e-f0 > .kt-row-column-wrap{column-gap:var(--global-kb-gap-md, 2rem);row-gap:var(--global-kb-gap-md, 2rem);padding-top:var( --global-kb-row-default-top, 25px );padding-bottom:var( --global-kb-row-default-bottom, 25px );grid-template-columns:minmax(0, 1fr);}#kt-layout-id_740c4e-f0 > .kt-row-layout-overlay{opacity:0.30;}@media all and (max-width: 1024px){#kt-layout-id_740c4e-f0 > .kt-row-column-wrap{grid-template-columns:minmax(0, 1fr);}}@media all and (max-width: 767px){#kt-layout-id_740c4e-f0 > .kt-row-column-wrap{padding-left:20px;padding-right:20px;grid-template-columns:minmax(0, 1fr);}}<\/style>\n<div class=\"wp-block-kadence-rowlayout alignwide\"><div id=\"kt-layout-id_740c4e-f0\" class=\"kt-row-layout-inner kt-layout-id_740c4e-f0\"><div class=\"kt-row-column-wrap kt-has-1-columns kt-gutter-default kt-v-gutter-default kt-row-valign-top kt-row-layout-equal kt-tab-layout-inherit kt-m-colapse-left-to-right kt-mobile-layout-row\"><style>.kadence-column_4977ee-71 > .kt-inside-inner-col{border-top-width:0px;border-right-width:0px;border-bottom-width:0px;border-left-width:0px;}.kadence-column_4977ee-71 > .kt-inside-inner-col,.kadence-column_4977ee-71 > .kt-inside-inner-col:before{border-top-left-radius:0px;border-top-right-radius:0px;border-bottom-right-radius:0px;border-bottom-left-radius:0px;}.kadence-column_4977ee-71 > .kt-inside-inner-col{column-gap:var(--global-kb-gap-sm, 1rem);}.kadence-column_4977ee-71 > .kt-inside-inner-col{flex-direction:column;}.kadence-column_4977ee-71 > .kt-inside-inner-col > .aligncenter{width:100%;}.kadence-column_4977ee-71 > .kt-inside-inner-col:before{opacity:0.3;}.kadence-column_4977ee-71{position:relative;}@media all and (max-width: 1024px){.kadence-column_4977ee-71 > .kt-inside-inner-col{flex-direction:column;justify-content:center;}}@media all and (max-width: 767px){.kadence-column_4977ee-71 > .kt-inside-inner-col{flex-direction:column;justify-content:center;}}<\/style>\n<div class=\"wp-block-kadence-column inner-column-1 kadence-column_4977ee-71\"><div class=\"kt-inside-inner-col\">\n<p>Vi kan tillverka f\u00f6ljande produkter av inox:<\/p>\n\n\n\n<ul class=\"wp-block-list\"><li>Utrustning f\u00f6r bagerier och restauranger &#8211; vitrinsk\u00e5p med h\u00e4rdat glas<\/li><li>Bardiskar med marmor, sten, glas och plexiglas fasad<\/li><li>Linjer f\u00f6r sj\u00e4lvbetj\u00e4ning<\/li><li>Kolumner och balustrader f\u00f6r glasr\u00e4cken och trappor<\/li><li>Alla typer av diskar<\/li><li>Pizza diskar med b\u00e4nkskiva av inox och v\u00e4gg h\u00e4ngda sk\u00e5p<\/li><li>Utrustning f\u00f6r slaktare<\/li><li>Vitrinsk\u00e5p (varma och kyllande)<\/li><li>Sm\u00e5 kiosker (f\u00f6r f\u00f6rs\u00e4ljning av \u00e4gg, k\u00f6tt och ost p\u00e5 marknadsplatser)<\/li><li>Fast food diskar<\/li><li>Hyllor f\u00f6r br\u00f6d och bakverk<\/li><\/ul>\n\n\n\n<h2 class=\"wp-block-heading\">Pris och tidsfrist f\u00f6r tillverkning av inox element och m\u00f6bler<\/h2>\n\n\n\n<p>Som ni ser, bjuder vi olika typer av tj\u00e4nster ang\u00e5ende tillverkning av inox element och p\u00e5 grund av era specifiska krav \u00e4r det b\u00e4st att ringa oss p\u00e5 +38164 2255243 eller skicka e-post till info@bekostyle.com och att direkt f\u00e5 reda p\u00e5 alla pris p\u00e5 v\u00e5ra tj\u00e4nster. Vi \u00e4r \u00f6ppna f\u00f6r alla typer av samarbete och vi kommer att f\u00f6rs\u00f6ka tillgodose dina behov p\u00e5 b\u00e4st och mest professionellt s\u00e4tt.<\/p>\n\n\n\n<h2 class=\"wp-block-heading\">F\u00f6rdelar med inox<\/h2>\n\n\n\n<ul class=\"wp-block-list\"><li>Materialet som \u00e4r rostfritt<\/li><li>L\u00e4tt att underh\u00e5lla<\/li><li>Ej magnetiskt material<\/li><li>Den h\u00f6ga graden av materialssterilitet<\/li><li>Det kan vara slipat eller polerat<\/li><\/ul>\n\n\n\n<h2 class=\"wp-block-heading\">Inox, rostfritt st\u00e5l<\/h2>\n\n\n\n<p>Om ni undrar vad skillnaden \u00e4r mellan dessa namn \u00e4r det r\u00e4tta svaret att det finns ingen skillnad. N\u00e4mligen, inox och rostfritt st\u00e5l \u00e4r olika namn f\u00f6r samma typ av metall. Det mest popul\u00e4ra namnet \u00e4r inox eftersom det till\u00e5ter enklare kommunikation i hela v\u00e4rlden. Huvud ingrediens som l\u00e4ggs till st\u00e5l \u00e4r krom, \u00e4ven om modernt rostfritt st\u00e5l har i sig titan, nickel och molybden. Alla dessa element f\u00f6rb\u00e4ttrar ytterligare egenskaperna hos metallen s\u00e5 att den blir rostfri.<\/p>\n\n\n<style>#kt-layout-id_a1df27-2d{margin-bottom:0px;}#kt-layout-id_a1df27-2d > .kt-row-column-wrap{align-content:start;}:where(#kt-layout-id_a1df27-2d > .kt-row-column-wrap) > .wp-block-kadence-column{justify-content:start;}#kt-layout-id_a1df27-2d > .kt-row-column-wrap{column-gap:var(--global-kb-gap-md, 2rem);row-gap:var(--global-kb-gap-md, 2rem);padding-top:var( --global-kb-row-default-top, 25px );padding-bottom:var( --global-kb-row-default-bottom, 25px );padding-top:var(--global-kb-spacing-sm, 1.5rem);padding-bottom:var(--global-kb-spacing-sm, 1.5rem);grid-template-columns:minmax(0, 1fr);}#kt-layout-id_a1df27-2d > .kt-row-layout-overlay{opacity:0.30;}@media all and (max-width: 1024px){#kt-layout-id_a1df27-2d > .kt-row-column-wrap{grid-template-columns:minmax(0, 1fr);}}@media all and (max-width: 767px){#kt-layout-id_a1df27-2d > .kt-row-column-wrap{grid-template-columns:minmax(0, 1fr);}}<\/style>\n<div class=\"wp-block-kadence-rowlayout alignnone\"><div id=\"kt-layout-id_a1df27-2d\" class=\"kt-row-layout-inner kt-layout-id_a1df27-2d\"><div class=\"kt-row-column-wrap kt-has-1-columns kt-gutter-default kt-v-gutter-default kt-row-valign-top kt-row-layout-equal kt-tab-layout-inherit kt-m-colapse-left-to-right kt-mobile-layout-row\"><style>.kadence-column_2024a9-2b > .kt-inside-inner-col{border-top-width:0px;border-right-width:0px;border-bottom-width:0px;border-left-width:0px;}.kadence-column_2024a9-2b > .kt-inside-inner-col,.kadence-column_2024a9-2b > .kt-inside-inner-col:before{border-top-left-radius:0px;border-top-right-radius:0px;border-bottom-right-radius:0px;border-bottom-left-radius:0px;}.kadence-column_2024a9-2b > .kt-inside-inner-col{column-gap:var(--global-kb-gap-sm, 1rem);}.kadence-column_2024a9-2b > .kt-inside-inner-col{flex-direction:column;}.kadence-column_2024a9-2b > .kt-inside-inner-col > .aligncenter{width:100%;}.kadence-column_2024a9-2b > .kt-inside-inner-col:before{opacity:0.3;}.kadence-column_2024a9-2b{position:relative;}@media all and (max-width: 1024px){.kadence-column_2024a9-2b > .kt-inside-inner-col{flex-direction:column;justify-content:center;}}@media all and (max-width: 767px){.kadence-column_2024a9-2b > .kt-inside-inner-col{flex-direction:column;justify-content:center;}}<\/style>\n<div class=\"wp-block-kadence-column inner-column-1 kadence-column_2024a9-2b\"><div class=\"kt-inside-inner-col\"><div class=\"pgc-sgb-cb wp-block-pgcsimplygalleryblock-grid \" data-gallery-id=\"89a5fe20_1625437378834\"><div class=\"sgb-preloader\" id=\"pr_89a5fe20_1625437378834\">\n\t<div class=\"sgb-square\" style=\"background:#d4d4d4\"><\/div>\n\t<div class=\"sgb-square\" style=\"background:#d4d4d4\"><\/div>\n\t<div class=\"sgb-square\" style=\"background:#d4d4d4\"><\/div>\n\t<div class=\"sgb-square\" style=\"background:#d4d4d4\"><\/div><\/div><div class=\"simply-gallery-amp pgc_sgb_slider \"><noscript><div class=\"sgb-gallery\"><div class=\"sgb-item\"><a href=\"https:\/\/bekostyle.com\/swe\/inox-elementi-po-meri\/inox-po-meri-1\/#main\" target=\"_blank\"><img decoding=\"async\" alt=\"Inox elementi po meri\" width=\"300\" height=\"200\" loading=\"lazy\" src=\"https:\/\/bekostyle.com\/swe\/wp-content\/uploads\/2021\/07\/inox-po-meri-1-300x200.jpg\" srcset=\"https:\/\/bekostyle.com\/swe\/wp-content\/uploads\/2021\/07\/inox-po-meri-1-300x200.jpg 300w,https:\/\/bekostyle.com\/swe\/wp-content\/uploads\/2021\/07\/inox-po-meri-1.jpg 1000w\" sizes=\"auto, 250px\"\/><\/a><\/div><div class=\"sgb-item\"><a href=\"https:\/\/bekostyle.com\/swe\/inox-elementi-po-meri\/inox-po-meri-2\/#main\" target=\"_blank\"><img decoding=\"async\" alt=\"inox-po-meri-2\" width=\"300\" height=\"150\" loading=\"lazy\" src=\"https:\/\/bekostyle.com\/swe\/wp-content\/uploads\/2021\/07\/inox-po-meri-2-300x150.jpg\" srcset=\"https:\/\/bekostyle.com\/swe\/wp-content\/uploads\/2021\/07\/inox-po-meri-2-300x150.jpg 300w,https:\/\/bekostyle.com\/swe\/wp-content\/uploads\/2021\/07\/inox-po-meri-2.jpg 1000w\" sizes=\"auto, 250px\"\/><\/a><\/div><\/div><\/noscript><\/div><script type=\"application\/json\" class=\"sgb-data\">{\"thumbClickAction\":\"useLightbox\",\"collectionColumns\":2,\"galleryType\":\"pgc_sgb_grid\",\"galleryId\":\"89a5fe20_1625437378834\",\"images\":[{\"id\":2196,\"title\":\"\",\"url\":\"https:\/\/bekostyle.com\/swe\/wp-content\/uploads\/2021\/07\/inox-po-meri-1.jpg\",\"link\":\"https:\/\/bekostyle.com\/swe\/inox-elementi-po-meri\/inox-po-meri-1\/#main\",\"alt\":\"Inox elementi po meri\",\"description\":\"\",\"caption\":\"\",\"mime\":\"image\/jpeg\",\"type\":\"image\",\"width\":1000,\"height\":667,\"sizes\":{\"thumbnail\":{\"height\":150,\"width\":150,\"url\":\"https:\/\/bekostyle.com\/swe\/wp-content\/uploads\/2021\/07\/inox-po-meri-1-150x150.jpg\",\"orientation\":\"landscape\"},\"medium\":{\"height\":200,\"width\":300,\"url\":\"https:\/\/bekostyle.com\/swe\/wp-content\/uploads\/2021\/07\/inox-po-meri-1-300x200.jpg\",\"orientation\":\"landscape\"},\"full\":{\"url\":\"https:\/\/bekostyle.com\/swe\/wp-content\/uploads\/2021\/07\/inox-po-meri-1.jpg\",\"height\":667,\"width\":1000,\"orientation\":\"landscape\"}},\"meta\":false,\"postlink\":\"https:\/\/bekostyle.com\/swe\/inox-elementi-po-meri\/inox-po-meri-1\/#main\"},{\"id\":2197,\"title\":\"\",\"url\":\"https:\/\/bekostyle.com\/swe\/wp-content\/uploads\/2021\/07\/inox-po-meri-2.jpg\",\"link\":\"https:\/\/bekostyle.com\/swe\/inox-elementi-po-meri\/inox-po-meri-2\/#main\",\"alt\":\"inox-po-meri-2\",\"description\":\"\",\"caption\":\"\",\"mime\":\"image\/jpeg\",\"type\":\"image\",\"width\":1000,\"height\":500,\"sizes\":{\"thumbnail\":{\"height\":150,\"width\":150,\"url\":\"https:\/\/bekostyle.com\/swe\/wp-content\/uploads\/2021\/07\/inox-po-meri-2-150x150.jpg\",\"orientation\":\"landscape\"},\"medium\":{\"height\":150,\"width\":300,\"url\":\"https:\/\/bekostyle.com\/swe\/wp-content\/uploads\/2021\/07\/inox-po-meri-2-300x150.jpg\",\"orientation\":\"landscape\"},\"full\":{\"url\":\"https:\/\/bekostyle.com\/swe\/wp-content\/uploads\/2021\/07\/inox-po-meri-2.jpg\",\"height\":500,\"width\":1000,\"orientation\":\"landscape\"}},\"meta\":false,\"postlink\":\"https:\/\/bekostyle.com\/swe\/inox-elementi-po-meri\/inox-po-meri-2\/#main\"}],\"itemsMetaDataCollection\":[],\"galleryData\":\"{\\u0022copyRProtection\\u0022:false,\\u0022copyRAlert\\u0022:\\u0022Hello, this photo is mine!\\u0022,\\u0022sliderScrollNavi\\u0022:false,\\u0022sliderNextPrevAnimation\\u0022:\\u0022animation\\u0022,\\u0022galleryScrollPositionControll\\u0022:false,\\u0022sliderVideoAutoPlay\\u0022:false,\\u0022sliderVideoLoop\\u0022:false,\\u0022sliderItemCounterEnable\\u0022:true,\\u0022sliderCaptionSrc\\u0022:\\u0022caption\\u0022,\\u0022sliderItemTitleEnable\\u0022:false,\\u0022sliderItemTitleFontSize\\u0022:18,\\u0022sliderItemTitleTextColor\\u0022:\\u0022rgba(255,255,255,1)\\u0022,\\u0022itemCounterColor\\u0022:\\u0022rgba(255,255,255,1)\\u0022,\\u0022sliderThumbBarEnable\\u0022:true,\\u0022sliderThumbBarHoverColor\\u0022:\\u0022rgba(240,240,240,1)\\u0022,\\u0022sliderBgColor\\u0022:\\u0022rgba(0,0,0,0.8)\\u0022,\\u0022sliderPreloaderColor\\u0022:\\u0022rgba(240,240,240,1)\\u0022,\\u0022sliderHeaderFooterBgColor\\u0022:\\u0022rgba(0,0,0,0.4)\\u0022,\\u0022sliderNavigationColor\\u0022:\\u0022rgba(0,0,0,1)\\u0022,\\u0022sliderNavigationColorOver\\u0022:\\u0022rgba(255,255,255,1)\\u0022,\\u0022sliderNavigationIconColor\\u0022:\\u0022rgba(255,255,255,1)\\u0022,\\u0022sliderNavigationIconColorOver\\u0022:\\u0022rgba(0,0,0,1)\\u0022,\\u0022sliderSlideshow\\u0022:true,\\u0022sliderSlideshowDelay\\u0022:8,\\u0022slideshowIndicatorColor\\u0022:\\u0022rgba(255,255,255,1)\\u0022,\\u0022slideshowIndicatorColorBg\\u0022:\\u0022rgba(255,255,255,0.5)\\u0022,\\u0022sliderThumbSubMenuBackgroundColor\\u0022:\\u0022rgba(255,255,255,0)\\u0022,\\u0022sliderThumbSubMenuBackgroundColorOver\\u0022:\\u0022rgba(255,255,255,1)\\u0022,\\u0022sliderThumbSubMenuIconColor\\u0022:\\u0022rgba(255,255,255,1)\\u0022,\\u0022sliderThumbSubMenuIconHoverColor\\u0022:\\u0022rgba(0,0,0,1)\\u0022,\\u0022sliderSocialShareEnabled\\u0022:true,\\u0022sliderZoomEnable\\u0022:true,\\u0022sliderFullscreenEnabled\\u0022:true,\\u0022modaBgColor\\u0022:\\u0022rgba(0,0,0,0.8)\\u0022,\\u0022modalIconColor\\u0022:\\u0022rgba(255,255,255,1)\\u0022,\\u0022modalIconColorHover\\u0022:\\u0022rgba(255,255,255,0.8)\\u0022,\\u0022shareFacebook\\u0022:true,\\u0022shareTwitter\\u0022:true,\\u0022sharePinterest\\u0022:true,\\u0022sliderItemDownload\\u0022:true,\\u0022shareCopyLink\\u0022:true,\\u0022sharePost\\u0022:\\u0022sharelink\\u0022,\\u0022tagsFilter\\u0022:false,\\u0022tagCloudAll\\u0022:\\u0022All\\u0022,\\u0022tagCloudBgColor\\u0022:\\u0022rgba(153,153,153,1)\\u0022,\\u0022tagCloudBgColorOver\\u0022:\\u0022rgba(253,253,253,1)\\u0022,\\u0022tagCloudTextColor\\u0022:\\u0022rgba(253,253,253,1)\\u0022,\\u0022tagCloudTextColorOver\\u0022:\\u0022rgba(153,153,153,1)\\u0022,\\u0022tagCloudFontSize\\u0022:16,\\u0022deepLinking\\u0022:false,\\u0022useLightbox\\u0022:true,\\u0022thumbClickAction\\u0022:\\u0022useLightbox\\u0022,\\u0022numItemsDisplayed\\u0022:0,\\u0022lazyLoading\\u0022:true,\\u0022contentNoPadding\\u0022:false,\\u0022galleryPreloaderColor\\u0022:\\u0022rgba(230,230,230,1)\\u0022,\\u0022galleryBgColor\\u0022:\\u0022rgba(0,0,0,0)\\u0022,\\u0022galleryBorderRadius\\u0022:0,\\u0022customCSS\\u0022:\\u0022\\u0022,\\u0022collectionColumns\\u0022:2,\\u0022thumbHieghtRation\\u0022:1,\\u0022collectionThumbRecomendedWidth\\u0022:200,\\u0022thumbSpacing\\u0022:5,\\u0022externalLink\\u0022:true,\\u0022externalLinkDefName\\u0022:\\u0022Read More\\u0022,\\u0022externalLinkTextColor\\u0022:\\u0022rgba(0,0,0,1)\\u0022,\\u0022externalLinkBgColor\\u0022:\\u0022rgba(255,255,255,1)\\u0022,\\u0022externalLinkFontSize\\u0022:18,\\u0022captions\\u0022:true,\\u0022captionSrc\\u0022:\\u0022caption\\u0022,\\u0022captionHAlign\\u0022:\\u0022top\\u0022,\\u0022collectionthumbHoverTitleFontSize\\u0022:18,\\u0022collectionthumbRoundedCorners\\u0022:0,\\u0022collectionthumbHoverTitleTextColor\\u0022:\\u0022rgba(255,255,255,1)\\u0022,\\u0022collectionthumbHoverTitleTextBgColor\\u0022:\\u0022rgba(0,0,0,0.8)\\u0022,\\u0022collectionthumbHoverBgColor\\u0022:\\u0022rgba(0,0,0,0.4)\\u0022,\\u0022collectionThumbSubMenuDownload\\u0022:true,\\u0022collectionThumbSubMenuShare\\u0022:true,\\u0022collectionThumbSubMenuBgColor\\u0022:\\u0022rgba(0,0,0,0.4)\\u0022,\\u0022collectionThumbSubMenuBgColorHover\\u0022:\\u0022rgba(255,255,255,1)\\u0022,\\u0022collectionThumbSubMenuIconColor\\u0022:\\u0022rgba(255,255,255,1)\\u0022,\\u0022collectionThumbSubMenuIconColorHover\\u0022:\\u0022rgba(0,0,0,1)\\u0022,\\u0022galleryType\\u0022:\\u0022pgc_sgb_grid\\u0022,\\u0022align\\u0022:\\u0022\\u0022,\\u0022galleryId\\u0022:\\u002289a5fe20_1625437378834\\u0022,\\u0022tagsListCustomMode\\u0022:false,\\u0022initGalleryByFirstTag\\u0022:false,\\u0022deepLinkingForTag\\u0022:false,\\u0022galleryTagsList\\u0022:[],\\u0022useClobalSettings\\u0022:false,\\u0022orderBy\\u0022:\\u0022custom\\u0022,\\u0022settingsModalIsOpen\\u0022:false,\\u0022skin\\u0022:\\u0022grid\\u0022}\"}<\/script><script>(function(){if(window.PGC_SGB && window.PGC_SGB.searcher){window.PGC_SGB.searcher.initBlocks()}})()<\/script><\/div><\/div><\/div>\n<\/div><\/div><\/div>\n<\/div><\/div>\n<\/div><\/div><\/div>\n\n\n\n<div class=\"alignfull wp-block-ugb-cta ugb-cta ugb-4bd473a ugb-cta ugb-cta--v2 ugb-cta--design-plain ugb-main-block ugb--has-custom-content-width ugb--has-custom-content-width-tablet ugb--has-custom-content-width-mobile ugb-main-block--inner-full ugb--has-block-background ugb--has-background-overlay\"><style>.ugb-4bd473a .ugb-cta__title{font-size:42px !important;font-weight:600 !important;color:#ffffff}.ugb-4bd473a .ugb-cta__description{margin-bottom:45px !important;font-size:24px !important;color:#ffffff}.ugb-4bd473a .ugb-button .ugb-button--inner{font-family:\"IBM Plex Sans\",Sans-serif !important;font-size:18px !important;color:#ffffff !important}.ugb-4bd473a .ugb-button{border-color:#ffffff !important;border-radius:0px !important}.ugb-4bd473a .ugb-button:hover .ugb-button--inner{color:#ffffff !important}.ugb-4bd473a .ugb-button:before{border-radius:0px !important}.ugb-4bd473a.ugb-cta{background-color:#000000;background-image:url(https:\/\/bekostyle.com\/swe\/wp-content\/uploads\/2021\/07\/namestaj-po-meri-baner.jpg)}.ugb-4bd473a.ugb-cta > .ugb-inner-block{max-width:40% !important}.ugb-4bd473a.ugb-cta:before{background-color:#000000;opacity:0.6}@media screen and (max-width:1025px){.ugb-4bd473a.ugb-cta > .ugb-inner-block{max-width:70% !important}}@media screen and (max-width:768px){.ugb-4bd473a .ugb-cta__title{font-size:36px !important}.ugb-4bd473a.ugb-cta > .ugb-inner-block{max-width:80% !important}}@media screen and (min-width:768px){.ugb-4bd473a > .ugb-inner-block > .ugb-block-content > *{padding-top:30px !important;padding-bottom:30px !important}}<\/style><div class=\"ugb-inner-block ugb-inner-block--full\"><div class=\"ugb-block-content\"><div class=\"ugb-cta__item\"><h3 class=\"ugb-cta__title\">Are you planning to start a project?<\/h3><p class=\"ugb-cta__description\">Our experts are ready to work with you!<\/p><div class=\"ugb-button-container\"><a class=\"ugb-button ugb-button--size-small ugb--hover-effect-lift ugb-button--design-ghost\" href=\"\" rel=\"\" title=\"\"><span class=\"ugb-button--inner\">Contact<\/span><\/a><\/div><\/div><\/div><\/div><\/div>\n","protected":false},"excerpt":{"rendered":"<p>Vi bjuder tillverkining av enteri\u00f6rs- och exteri\u00f6rsdelar av inox samt deras montering och underh\u00e5ll. Vi kan tillverka element enligt ditt projekt men ocks\u00e5 kan vi hj\u00e4lpa dig med design och &#8230; <\/p>\n<p class=\"read-more-container\"><a title=\"Inox element och inox m\u00e5ttbest\u00e4llda m\u00f6bler med montering\" class=\"read-more button\" href=\"https:\/\/bekostyle.com\/swe\/inox-element\/#more-2194\" aria-label=\"L\u00e4s mer om Inox element och inox m\u00e5ttbest\u00e4llda m\u00f6bler med montering\">Op\u0161irnije<\/a><\/p>\n","protected":false},"author":1,"featured_media":0,"parent":0,"menu_order":0,"comment_status":"closed","ping_status":"closed","template":"","meta":{"_seopress_robots_primary_cat":"","_seopress_titles_title":"Inox element och inox m\u00e5ttbest\u00e4llda m\u00f6bler med montering","_seopress_titles_desc":"Vi bjuder tillverkining av enteri\u00f6rs- och exteri\u00f6rsdelar av inox samt deras montering och underh\u00e5ll.","_seopress_robots_index":"","pgc_sgb_lightbox_settings":"","footnotes":""},"class_list":{"0":"post-2194","1":"page","2":"type-page","3":"status-publish","5":"no-featured-image-padding"},"featured_image_urls":{"full":"","thumbnail":"","medium":"","medium_large":"","large":"","1536x1536":"","2048x2048":""},"post_excerpt_stackable":"<p>Vi bjuder tillverkining av enteri\u00f6rs- och exteri\u00f6rsdelar av inox samt deras montering och underh\u00e5ll. Vi kan tillverka element enligt ditt projekt men ocks\u00e5 kan vi hj\u00e4lpa dig med design och planing av vitrinsk\u00e5p, diskar, bardiskar och alla andra element. Pl\u00e5t som vi anv\u00e4nder kan vara perforerad och massiv. Kylning kan vara passiv eller aktiv d\u00e4r vi installerar kompressorer av h\u00f6g kvalitet. Kylsystemet \u00e4r sj\u00e4lvavfrostande. Vi installerar ocks\u00e5 v\u00e4rmesystemet enligt dina \u00f6nskem\u00e5l. Vi kan tillverka f\u00f6ljande produkter av inox: Utrustning f\u00f6r bagerier och restauranger &#8211; vitrinsk\u00e5p med h\u00e4rdat glasBardiskar med marmor, sten, glas och plexiglas fasadLinjer f\u00f6r sj\u00e4lvbetj\u00e4ningKolumner och balustrader f\u00f6r&hellip;<\/p>\n","category_list":"","author_info":{"name":"timortis","url":"https:\/\/bekostyle.com\/swe\/author\/timortis\/"},"comments_num":"0 comments","featured_image_urls_v2":{"full":"","thumbnail":"","medium":"","medium_large":"","large":"","1536x1536":"","2048x2048":""},"post_excerpt_stackable_v2":"<p>Vi bjuder tillverkining av enteri\u00f6rs- och exteri\u00f6rsdelar av inox samt deras montering och underh\u00e5ll. Vi kan tillverka element enligt ditt projekt men ocks\u00e5 kan vi hj\u00e4lpa dig med design och planing av vitrinsk\u00e5p, diskar, bardiskar och alla andra element. Pl\u00e5t som vi anv\u00e4nder kan vara perforerad och massiv. Kylning kan vara passiv eller aktiv d\u00e4r vi installerar kompressorer av h\u00f6g kvalitet. Kylsystemet \u00e4r sj\u00e4lvavfrostande. Vi installerar ocks\u00e5 v\u00e4rmesystemet enligt dina \u00f6nskem\u00e5l. Vi kan tillverka f\u00f6ljande produkter av inox: Utrustning f\u00f6r bagerier och restauranger &#8211; vitrinsk\u00e5p med h\u00e4rdat glasBardiskar med marmor, sten, glas och plexiglas fasadLinjer f\u00f6r sj\u00e4lvbetj\u00e4ningKolumner och balustrader f\u00f6r&hellip;<\/p>\n","category_list_v2":"","author_info_v2":{"name":"timortis","url":"https:\/\/bekostyle.com\/swe\/author\/timortis\/"},"comments_num_v2":"0 comments","_links":{"self":[{"href":"https:\/\/bekostyle.com\/swe\/wp-json\/wp\/v2\/pages\/2194","targetHints":{"allow":["GET"]}}],"collection":[{"href":"https:\/\/bekostyle.com\/swe\/wp-json\/wp\/v2\/pages"}],"about":[{"href":"https:\/\/bekostyle.com\/swe\/wp-json\/wp\/v2\/types\/page"}],"author":[{"embeddable":true,"href":"https:\/\/bekostyle.com\/swe\/wp-json\/wp\/v2\/users\/1"}],"replies":[{"embeddable":true,"href":"https:\/\/bekostyle.com\/swe\/wp-json\/wp\/v2\/comments?post=2194"}],"version-history":[{"count":1,"href":"https:\/\/bekostyle.com\/swe\/wp-json\/wp\/v2\/pages\/2194\/revisions"}],"predecessor-version":[{"id":5101,"href":"https:\/\/bekostyle.com\/swe\/wp-json\/wp\/v2\/pages\/2194\/revisions\/5101"}],"wp:attachment":[{"href":"https:\/\/bekostyle.com\/swe\/wp-json\/wp\/v2\/media?parent=2194"}],"curies":[{"name":"wp","href":"https:\/\/api.w.org\/{rel}","templated":true}]}}